{"id":4125,"date":"2024-09-15T12:27:46","date_gmt":"2024-09-15T10:27:46","guid":{"rendered":"https:\/\/atlantiquepackaging.com\/credits-et-remerciements\/"},"modified":"2025-02-23T19:33:50","modified_gmt":"2025-02-23T18:33:50","slug":"credits-et-remerciements","status":"publish","type":"page","link":"https:\/\/atlantiquepackaging.com\/fr\/credits-et-remerciements\/","title":{"rendered":"Cr\u00e9dits et remerciements"},"content":{"rendered":"\n<div class=\"wp-block-group has-blue-dianne-800-color has-text-color has-link-color wp-elements-720509129afa5e5bc832652c998c5669 has-global-padding is-layout-constrained wp-container-core-group-is-layout-1 wp-block-group-is-layout-constrained\" style=\"margin-top:var(--wp--preset--spacing--80);margin-bottom:var(--wp--preset--spacing--80);padding-top:0;padding-right:10rem;padding-bottom:0;padding-left:10rem\">\n<p><strong>Cr\u00e9dits et remerciements<\/strong><\/p>\n\n\n\n<p><strong>Date d&rsquo;entr\u00e9e en vigueur :<\/strong> 18.09.2024<\/p>\n\n\n\n<p>Nous tenons \u00e0 exprimer notre sinc\u00e8re gratitude \u00e0 toutes les personnes et organisations qui ont contribu\u00e9 \u00e0 la cr\u00e9ation d&rsquo;atlantiquepackaging.com. Cette page est consacr\u00e9e \u00e0 la reconnaissance de leurs pr\u00e9cieuses contributions. <\/p>\n\n\n\n<h3 class=\"wp-block-heading\"><strong>\u00c9quipe de d\u00e9veloppement<\/strong><\/h3>\n\n\n\n<p>Nous remercions chaleureusement les membres de notre \u00e9quipe qui ont travaill\u00e9 sans rel\u00e2che \u00e0 la conception, au d\u00e9veloppement et \u00e0 la maintenance de ce site web :<\/p>\n\n\n\n<ul class=\"wp-block-list\">\n<li><strong>Damien H.<\/strong> &#8211; Pour le soutien, l&rsquo;expertise et la cr\u00e9ation sur mesure de ce site.<\/li>\n\n\n\n<li><strong><a href=\"https:\/\/www.instagram.com\/jh___studio\/\">JH Studio<\/a><\/strong> -Pour la direction artistique et les lignes directrices de la marque.<\/li>\n\n\n\n<li><strong>C\u00e9leste<\/strong> <strong>Schor <\/strong>&#8211; Pour son souci du d\u00e9tail, son engagement et sa gestion de projet.<\/li>\n\n\n\n<li><strong><a href=\"https:\/\/ab6.fr\/\">AB6<\/a><\/strong> &#8211; Pour l&rsquo;assistance technique et la gestion des serveurs.<\/li>\n\n\n\n<li><strong>Wafa Idrissi et l&rsquo;<\/strong> <strong>\u00e9quipe RRH<\/strong> &#8211; Pour leur relecture et leur contribution \u00e0 l&rsquo;ajout de contenu.<\/li>\n\n\n\n<li><strong>L&rsquo;\u00e9quipe commerciale<\/strong> &#8211; Pour leur retours d&rsquo;information et la v\u00e9rification de l&rsquo;exactitude du contenu.<\/li>\n\n\n\n<li><strong>St\u00e9phane PIEGLE et l&rsquo;\u00e9quipe AP Vosges<\/strong> &#8211; Pour les superbes images fournies et pour avoir parfaitement compris le brief.<\/li>\n\n\n\n<li><strong>Jonathan Schor<\/strong> &#8211; Pour son projet initial de site web et ses initiatives de rebranding.<\/li>\n<\/ul>\n\n\n\n<h3 class=\"wp-block-heading\"><strong>Reconnaissance sp\u00e9ciale<\/strong><\/h3>\n\n\n\n<p>Un remerciement particulier \u00e0 :<\/p>\n\n\n\n<ul class=\"wp-block-list\">\n<li><strong>Tous les membres du panel d&rsquo;Atlantique Packaging<\/strong> &#8211; Pour leurs contributions volontaires et leur assistance. Vous nous avez tous aid\u00e9s \u00e0 bien des \u00e9gards, que ce soit en identifiant les produits \u00e0 pr\u00e9senter ou en nous donnant des conseils sur la mani\u00e8re de g\u00e9n\u00e9rer leurs images, en nous aidant \u00e0 pr\u00e9ciser certains aspects techniques ou m\u00eame en nous aidant \u00e0 traduire, merci encore.   <\/li>\n<\/ul>\n\n\n\n<p><strong>Merci \u00e0 tous pour votre soutien continu !<\/strong><\/p>\n\n\n\n<hr class=\"wp-block-separator has-alpha-channel-opacity\"\/>\n\n\n\n<p><strong>Atlantique Packaging<\/strong><br\/>261 Rue de Paris<br\/>93100 Montreuil<br\/>France<\/p>\n\n\n\n<p>Tel : + 33 1 49 93 62 00<br\/>Fax : + 33 1 49 93 62 22<br\/><a href=\"mailto:w.idrissi@groupecpc.com\">info@atlantiquepackaging.com<\/a><\/p>\n\n\n\n<p><\/p>\n<\/div>\n","protected":false},"excerpt":{"rendered":"<p>Cr\u00e9dits et remerciements Date d&rsquo;entr\u00e9e en vigueur : 18.09.2024 Nous tenons \u00e0 exprimer notre sinc\u00e8re gratitude \u00e0 toutes les personnes et organisations qui ont contribu\u00e9 \u00e0 la cr\u00e9ation d&rsquo;atlantiquepackaging.com. Cette page est consacr\u00e9e \u00e0 la reconnaissance de leurs pr\u00e9cieuses contributions. \u00c9quipe de d\u00e9veloppement Nous remercions chaleureusement les membres de notre \u00e9quipe qui ont travaill\u00e9 sans [&hellip;]<\/p>\n","protected":false},"author":3,"featured_media":0,"parent":0,"menu_order":0,"comment_status":"closed","ping_status":"closed","template":"","meta":{"_acf_changed":false,"footnotes":""},"class_list":["post-4125","page","type-page","status-publish","hentry"],"acf":[],"_links":{"self":[{"href":"https:\/\/atlantiquepackaging.com\/fr\/wp-json\/wp\/v2\/pages\/4125","targetHints":{"allow":["GET"]}}],"collection":[{"href":"https:\/\/atlantiquepackaging.com\/fr\/wp-json\/wp\/v2\/pages"}],"about":[{"href":"https:\/\/atlantiquepackaging.com\/fr\/wp-json\/wp\/v2\/types\/page"}],"author":[{"embeddable":true,"href":"https:\/\/atlantiquepackaging.com\/fr\/wp-json\/wp\/v2\/users\/3"}],"replies":[{"embeddable":true,"href":"https:\/\/atlantiquepackaging.com\/fr\/wp-json\/wp\/v2\/comments?post=4125"}],"version-history":[{"count":3,"href":"https:\/\/atlantiquepackaging.com\/fr\/wp-json\/wp\/v2\/pages\/4125\/revisions"}],"predecessor-version":[{"id":4139,"href":"https:\/\/atlantiquepackaging.com\/fr\/wp-json\/wp\/v2\/pages\/4125\/revisions\/4139"}],"wp:attachment":[{"href":"https:\/\/atlantiquepackaging.com\/fr\/wp-json\/wp\/v2\/media?parent=4125"}],"curies":[{"name":"wp","href":"https:\/\/api.w.org\/{rel}","templated":true}]}}