{"id":4129,"date":"2024-09-15T11:53:45","date_gmt":"2024-09-15T09:53:45","guid":{"rendered":"https:\/\/atlantiquepackaging.com\/avis-juridique\/"},"modified":"2025-02-23T19:31:33","modified_gmt":"2025-02-23T18:31:33","slug":"avis-juridique","status":"publish","type":"page","link":"https:\/\/atlantiquepackaging.com\/fr\/avis-juridique\/","title":{"rendered":"Avis juridique"},"content":{"rendered":"\n<div class=\"wp-block-group has-blue-dianne-800-color has-text-color has-link-color wp-elements-d055b11da81529c003910f6381e8e3ff has-global-padding is-layout-constrained wp-container-core-group-is-layout-1 wp-block-group-is-layout-constrained\" style=\"margin-top:var(--wp--preset--spacing--80);margin-bottom:var(--wp--preset--spacing--80);padding-top:0;padding-right:10rem;padding-bottom:0;padding-left:10rem\">\n<p><strong>Mentions l\u00e9gales (Impressum)<\/strong><\/p>\n\n\n\n<p><strong>Date d&rsquo;entr\u00e9e en vigueur :<\/strong> 18.09.2024<\/p>\n\n\n\n<p>Les pr\u00e9sentes mentions l\u00e9gales fournissent des informations importantes sur la propri\u00e9t\u00e9 et le fonctionnement d&rsquo;atlantiquepackagin.com. Conform\u00e9ment aux lois applicables, y compris la directive sur le commerce \u00e9lectronique de l&rsquo;Union europ\u00e9enne et les r\u00e9glementations r\u00e9gionales (par exemple, la loi allemande sur les t\u00e9l\u00e9m\u00e9dias), nous vous fournissons les informations suivantes. <\/p>\n\n\n\n<p><strong>1. Propri\u00e9taire du site web<\/strong><\/p>\n\n\n\n<ul class=\"wp-block-list\">\n<li><strong>Nom de l&rsquo;entreprise :<\/strong> Atlantique Packaging<\/li>\n\n\n\n<li><strong>Forme juridique :<\/strong> SA au capital de 12.440.010 euros<\/li>\n\n\n\n<li><strong>Adresse du si\u00e8ge social :<\/strong> 261, rue de Paris, 93100 Montreuil, France<\/li>\n\n\n\n<li><strong>Num\u00e9ro du registre des entreprises :<\/strong> Bobigny B 339 768 921<\/li>\n\n\n\n<li><strong>Num\u00e9ro d&rsquo;identification TVA :<\/strong> FR26339768921<\/li>\n\n\n\n<li><strong>Adresse \u00e9lectronique :<\/strong> <a href=\"mailto:w.idrissi@groupecpc.com\">w.idrissi@atlantiquepackaging.com<\/a><\/li>\n\n\n\n<li><strong>Num\u00e9ro de t\u00e9l\u00e9phone :<\/strong> + 33 1 49 93 62 00<br\/><\/li>\n<\/ul>\n\n\n\n<p><strong>2. Personne responsable (ou repr\u00e9sentant l\u00e9gal)<\/strong><\/p>\n\n\n\n<ul class=\"wp-block-list\">\n<li><strong>Nom du repr\u00e9sentant l\u00e9gal :<\/strong> Jonathan Schor<\/li>\n\n\n\n<li><strong>Position\/r\u00f4le :<\/strong> DIRECTEUR G\u00c9N\u00c9RAL<\/li>\n<\/ul>\n\n\n\n<p><strong>3. Informations sur les contacts<\/strong><\/p>\n\n\n\n<p>Pour toute demande, question ou probl\u00e8me juridique li\u00e9 \u00e0 ce site web, veuillez nous contacter \u00e0 l&rsquo;adresse suivante :<\/p>\n\n\n\n<ul class=\"wp-block-list\">\n<li><strong>Adresse \u00e9lectronique :<\/strong>  <a href=\"mailto:w.idrissi@groupecpc.com\">w.idrissi@atlantiquepackaging.com<\/a><\/li>\n\n\n\n<li><strong>Num\u00e9ro de t\u00e9l\u00e9phone :<\/strong> + 33 1 49 93 62 00<\/li>\n\n\n\n<li><strong>Adresse postale :<\/strong> 261, rue de Paris, 93100 Montreuil, France<\/li>\n<\/ul>\n\n\n\n<p><strong>4. R\u00e9solution des litiges<\/strong><\/p>\n\n\n\n<p>Nous ne participons pas \u00e0 la r\u00e9solution des litiges en ligne devant les commissions d&rsquo;arbitrage des consommateurs. Toutefois, si vous souhaitez r\u00e9soudre un probl\u00e8me, veuillez nous contacter directement \u00e0 l&rsquo;adresse <a href=\"mailto:w.idrissi@groupecpc.com\">w.idrissi@atlantiquepackaging.com.<\/a> <\/p>\n\n\n\n<p><strong>5. Clause de non-responsabilit\u00e9<\/strong><\/p>\n\n\n\n<p>Bien que nous nous efforcions d&rsquo;assurer l&rsquo;exactitude et l&rsquo;actualit\u00e9 des informations fournies sur notre site web, nous ne garantissons pas l&rsquo;exhaustivit\u00e9, l&rsquo;exactitude ou la pertinence du contenu. Nous nous r\u00e9servons le droit de modifier ou d&rsquo;actualiser le site web \u00e0 tout moment et sans pr\u00e9avis.<br\/>Nous ne pouvons \u00eatre tenus responsables des dommages r\u00e9sultant de l&rsquo;utilisation de ce site web, y compris les erreurs techniques, les pertes de donn\u00e9es ou les informations incorrectes, \u00e0 moins qu&rsquo;ils ne soient dus \u00e0 une faute intentionnelle ou \u00e0 une n\u00e9gligence grave de notre part. <\/p>\n\n\n\n<p><strong>6. Liens externes<\/strong><\/p>\n\n\n\n<p>Notre site web peut contenir des liens vers des sites web de tiers. Ces liens sont fournis \u00e0 des fins de commodit\u00e9 et d&rsquo;information uniquement. Nous n&rsquo;avons aucun contr\u00f4le sur le contenu ou la disponibilit\u00e9 de ces sites externes et, par cons\u00e9quent, nous ne pouvons assumer la responsabilit\u00e9 de l&rsquo;exactitude ou de la l\u00e9galit\u00e9 du contenu fourni par ces tiers.  <\/p>\n\n\n\n<p><strong>7. Propri\u00e9t\u00e9 intellectuelle<\/strong><\/p>\n\n\n\n<p>L&rsquo;ensemble du contenu publi\u00e9 sur ce site, y compris les textes, les images, les graphiques, les logos et les dessins, est prot\u00e9g\u00e9 par des droits d&rsquo;auteur et d&rsquo;autres lois sur la propri\u00e9t\u00e9 intellectuelle. L&rsquo;utilisation, la reproduction ou la distribution de tout mat\u00e9riel provenant de ce site web sans autorisation \u00e9crite pr\u00e9alable est strictement interdite. <\/p>\n\n\n\n<p><strong>8. Droit applicable<\/strong><\/p>\n\n\n\n<p>Le pr\u00e9sent site web et ses mentions l\u00e9gales sont r\u00e9gis par les lois de l&rsquo;Union europ\u00e9enne. Tout litige li\u00e9 \u00e0 ce site sera soumis \u00e0 la comp\u00e9tence exclusive des tribunaux de l&rsquo;Union europ\u00e9enne, en fonction du pays de r\u00e9sidence de l&rsquo;utilisateur. <\/p>\n\n\n\n<hr class=\"wp-block-separator has-alpha-channel-opacity\"\/>\n\n\n\n<p><strong>Atlantique Packaging<\/strong><br\/><strong>261, rue de Paris, 93100 Montreuil, France<\/strong><br\/><strong>Email :<\/strong> <a href=\"mailto:w.idrissi@groupecpc.com\">w.idrissi@atlantiquepackaging.com<\/a><br\/><strong>Phone :<\/strong> + 33 1 49 93 62 00<\/p>\n<\/div>\n","protected":false},"excerpt":{"rendered":"<p>Mentions l\u00e9gales (Impressum) Date d&rsquo;entr\u00e9e en vigueur : 18.09.2024 Les pr\u00e9sentes mentions l\u00e9gales fournissent des informations importantes sur la propri\u00e9t\u00e9 et le fonctionnement d&rsquo;atlantiquepackagin.com. Conform\u00e9ment aux lois applicables, y compris la directive sur le commerce \u00e9lectronique de l&rsquo;Union europ\u00e9enne et les r\u00e9glementations r\u00e9gionales (par exemple, la loi allemande sur les t\u00e9l\u00e9m\u00e9dias), nous vous fournissons les [&hellip;]<\/p>\n","protected":false},"author":3,"featured_media":0,"parent":0,"menu_order":0,"comment_status":"closed","ping_status":"closed","template":"","meta":{"_acf_changed":false,"footnotes":""},"class_list":["post-4129","page","type-page","status-publish","hentry"],"acf":[],"_links":{"self":[{"href":"https:\/\/atlantiquepackaging.com\/fr\/wp-json\/wp\/v2\/pages\/4129","targetHints":{"allow":["GET"]}}],"collection":[{"href":"https:\/\/atlantiquepackaging.com\/fr\/wp-json\/wp\/v2\/pages"}],"about":[{"href":"https:\/\/atlantiquepackaging.com\/fr\/wp-json\/wp\/v2\/types\/page"}],"author":[{"embeddable":true,"href":"https:\/\/atlantiquepackaging.com\/fr\/wp-json\/wp\/v2\/users\/3"}],"replies":[{"embeddable":true,"href":"https:\/\/atlantiquepackaging.com\/fr\/wp-json\/wp\/v2\/comments?post=4129"}],"version-history":[{"count":1,"href":"https:\/\/atlantiquepackaging.com\/fr\/wp-json\/wp\/v2\/pages\/4129\/revisions"}],"predecessor-version":[{"id":4131,"href":"https:\/\/atlantiquepackaging.com\/fr\/wp-json\/wp\/v2\/pages\/4129\/revisions\/4131"}],"wp:attachment":[{"href":"https:\/\/atlantiquepackaging.com\/fr\/wp-json\/wp\/v2\/media?parent=4129"}],"curies":[{"name":"wp","href":"https:\/\/api.w.org\/{rel}","templated":true}]}}