{"id":4133,"date":"2024-09-15T11:31:25","date_gmt":"2024-09-15T09:31:25","guid":{"rendered":"https:\/\/atlantiquepackaging.com\/politique-en-matiere-de-cookies\/"},"modified":"2025-02-23T19:31:34","modified_gmt":"2025-02-23T18:31:34","slug":"politique-en-matiere-de-cookies","status":"publish","type":"page","link":"https:\/\/atlantiquepackaging.com\/fr\/politique-en-matiere-de-cookies\/","title":{"rendered":"Politique en mati\u00e8re de cookies"},"content":{"rendered":"\n<div class=\"wp-block-group has-blue-dianne-800-color has-text-color has-link-color wp-elements-09a63d320cd22159cea9f269426aadfd has-global-padding is-layout-constrained wp-container-core-group-is-layout-1 wp-block-group-is-layout-constrained\" style=\"border-style:none;border-width:0px;border-radius:0px;margin-top:var(--wp--preset--spacing--80);margin-bottom:var(--wp--preset--spacing--80);padding-right:10rem;padding-left:10rem\">\n<p style=\"margin-top:0;margin-right:0;margin-bottom:0;margin-left:0\"><strong>Date d&rsquo;entr\u00e9e en vigueur :<\/strong> 18.09.2024<\/p>\n\n\n\n<p>Sur atlantiquepackaging.com, nous utilisons des cookies et des technologies de suivi similaires pour am\u00e9liorer votre exp\u00e9rience, mesurer notre audience, entretenir notre relation avec vous et analyser la mani\u00e8re dont vous interagissez avec notre contenu. La pr\u00e9sente politique en mati\u00e8re de cookies explique ce que sont les cookies, comment nous les utilisons et comment vous pouvez les g\u00e9rer ou les d\u00e9sactiver. <\/p>\n\n\n\n<p><strong>1. Que sont les cookies ?<\/strong><\/p>\n\n\n\n<p style=\"margin-right:0;margin-left:0;padding-right:0;padding-left:0\">Les cookies sont de petits fichiers texte plac\u00e9s sur votre appareil (ordinateur, tablette, smartphone) lorsque vous visitez notre site web. Ils nous aident \u00e0 reconna\u00eetre votre appareil et \u00e0 recueillir des informations sur la mani\u00e8re dont vous interagissez avec notre site web et nos services. Les cookies nous permettent d&rsquo;offrir une exp\u00e9rience personnalis\u00e9e, de mesurer le trafic et d&rsquo;am\u00e9liorer la fourniture de contenu.  <\/p>\n\n\n\n<p><strong>2. Comment nous utilisons les cookies<\/strong><\/p>\n\n\n\n<p>Nous utilisons des cookies aux fins suivantes :<\/p>\n\n\n\n<p><strong>2.1 Mesurer notre audience<\/strong><br\/>Nous utilisons des cookies pour collecter des informations sur le nombre de personnes qui visitent notre site web, sur la mani\u00e8re dont elles arrivent sur notre site et sur la mani\u00e8re dont elles naviguent sur nos pages. Ces donn\u00e9es nous aident \u00e0 comprendre quel contenu est le plus populaire et comment nous pouvons am\u00e9liorer l&rsquo;exp\u00e9rience de l&rsquo;utilisateur. <\/p>\n\n\n\n<ul class=\"wp-block-list\">\n<li><strong>Exemple<\/strong>: Les cookies de Google Analytics recueillent des donn\u00e9es anonymes sur les pages consult\u00e9es, le temps pass\u00e9 sur le site et les sources des visiteurs.<\/li>\n<\/ul>\n\n\n\n<p><strong>2.2 Entretenir notre relation avec vous<\/strong><br\/>Les cookies nous permettent de m\u00e9moriser vos pr\u00e9f\u00e9rences, de savoir quand vous revenez sur notre site et de vous fournir un contenu pertinent ou des communications personnalis\u00e9es. Cela nous aide \u00e0 maintenir une relation continue avec vous, en veillant \u00e0 ce que votre exp\u00e9rience soit harmonieuse et adapt\u00e9e. <\/p>\n\n\n\n<ul class=\"wp-block-list\">\n<li><strong>Exemple<\/strong>: Les cookies peuvent stocker vos informations de connexion ou se souvenir de vos pr\u00e9f\u00e9rences linguistiques afin de vous offrir une exp\u00e9rience personnalis\u00e9e.<\/li>\n<\/ul>\n\n\n\n<p><strong>2.3 Analyser l&rsquo;interaction avec notre contenu<\/strong><br\/>Nous utilisons des cookies pour savoir comment vous vous int\u00e9ressez au contenu de notre site web. Cela inclut les pages que vous visitez, les liens sur lesquels vous cliquez et la mani\u00e8re dont vous interagissez avec les diff\u00e9rents \u00e9l\u00e9ments du site. Ces donn\u00e9es nous aident \u00e0 am\u00e9liorer la qualit\u00e9 de notre contenu et \u00e0 fournir des informations plus int\u00e9ressantes et plus pertinentes.  <\/p>\n\n\n\n<ul class=\"wp-block-list\">\n<li><strong>Exemple<\/strong>: Les cookies de suivi nous aident \u00e0 comprendre comment vous naviguez dans notre contenu, si vous ouvrez les courriels que nous vous envoyons et quels articles ou posts sont les plus int\u00e9ressants.<\/li>\n<\/ul>\n\n\n\n<p><strong>3. Types de cookies que nous utilisons<\/strong><\/p>\n\n\n\n<p>Nous utilisons \u00e0 la fois des cookies de premi\u00e8re partie et de tierce partie. Vous trouverez ci-dessous les types de cookies utilis\u00e9s sur notre site web : <\/p>\n\n\n\n<ul class=\"wp-block-list\">\n<li><strong>Cookies essentiels<\/strong>: Ces cookies sont n\u00e9cessaires au bon fonctionnement du site web et ne peuvent pas \u00eatre d\u00e9sactiv\u00e9s. Ils comprennent les cookies qui vous permettent de naviguer sur le site et d&rsquo;acc\u00e9der aux zones s\u00e9curis\u00e9es. <\/li>\n\n\n\n<li><strong>Cookies d&rsquo;analyse et de performance<\/strong>: Ces cookies nous aident \u00e0 mesurer notre audience et \u00e0 contr\u00f4ler les performances du site web. Ils recueillent des donn\u00e9es anonymes sur le comportement des utilisateurs et les sources de trafic. <\/li>\n\n\n\n<li><strong>Cookies fonctionnels<\/strong>: Ces cookies nous permettent de m\u00e9moriser vos pr\u00e9f\u00e9rences (par exemple, la langue ou la r\u00e9gion) et d&rsquo;am\u00e9liorer votre exp\u00e9rience en vous proposant des fonctions personnalis\u00e9es.<\/li>\n\n\n\n<li><strong>Cookies de marketing et de suivi<\/strong>: Ces cookies nous aident \u00e0 comprendre comment vous interagissez avec notre contenu, ce qui nous permet d&rsquo;adapter la publicit\u00e9 ou les communications futures de mani\u00e8re plus efficace.<\/li>\n<\/ul>\n\n\n\n<p><strong>4. Cookies de tiers<\/strong><\/p>\n\n\n\n<p>Nous pouvons utiliser des services tiers, tels que Google Analytics, pour nous aider \u00e0 analyser la mani\u00e8re dont notre public interagit avec notre contenu et pour fournir des publicit\u00e9s cibl\u00e9es. Ces tiers peuvent \u00e9galement placer des cookies sur votre appareil \u00e0 des fins de suivi. Ces cookies de tiers sont soumis \u00e0 leurs propres politiques de confidentialit\u00e9, et nous vous recommandons de les consulter pour plus de d\u00e9tails.  <\/p>\n\n\n\n<p><strong>5. Comment g\u00e9rer les cookies<\/strong><\/p>\n\n\n\n<p>Vous avez le droit de g\u00e9rer ou de d\u00e9sactiver les cookies non essentiels. Lors de votre premi\u00e8re visite sur notre site web, nous vous demanderons votre accord pour placer des cookies par le biais d&rsquo;une banni\u00e8re de consentement aux cookies. <\/p>\n\n\n\n<ul class=\"wp-block-list\">\n<li><strong>Param\u00e8tres du navigateur<\/strong>: Vous pouvez configurer votre navigateur pour qu&rsquo;il bloque ou supprime les cookies. Toutefois, la d\u00e9sactivation de certains cookies peut affecter la fonctionnalit\u00e9 de notre site web, comme votre capacit\u00e9 \u00e0 vous connecter ou \u00e0 acc\u00e9der \u00e0 certaines fonctions. <\/li>\n\n\n\n<li><strong>Pr\u00e9f\u00e9rences en mati\u00e8re de cookies<\/strong>: Vous pouvez \u00e0 tout moment modifier vos pr\u00e9f\u00e9rences en mati\u00e8re de cookies en acc\u00e9dant aux param\u00e8tres des cookies sur notre site web.<\/li>\n<\/ul>\n\n\n\n<p><strong>6. Conservation des cookies<\/strong><\/p>\n\n\n\n<p>Les cookies resteront sur votre appareil pour une dur\u00e9e variable, en fonction du type de cookie. Les cookies de session sont supprim\u00e9s lorsque vous fermez votre navigateur, tandis que les cookies persistants restent sur votre appareil jusqu&rsquo;\u00e0 ce qu&rsquo;ils expirent ou qu&rsquo;ils soient supprim\u00e9s manuellement. <\/p>\n\n\n\n<p><strong>7. Mises \u00e0 jour de la pr\u00e9sente politique en mati\u00e8re de cookies<\/strong><\/p>\n\n\n\n<p>Nous pouvons mettre \u00e0 jour la pr\u00e9sente politique en mati\u00e8re de cookies pour refl\u00e9ter les changements dans notre utilisation des cookies ou pour des raisons l\u00e9gales ou r\u00e9glementaires. Veuillez consulter r\u00e9guli\u00e8rement cette page pour rester inform\u00e9 de notre utilisation des cookies. <\/p>\n\n\n\n<p><strong>8. Contactez nous<\/strong><\/p>\n\n\n\n<p>Si vous avez des questions sur la pr\u00e9sente politique en mati\u00e8re de cookies ou si vous souhaitez g\u00e9rer vos pr\u00e9f\u00e9rences en mati\u00e8re de cookies, veuillez nous contacter \u00e0 l&rsquo;adresse suivante :<\/p>\n\n\n\n<p><strong>Atlantique Packaging<\/strong><br\/>261 Rue de Paris<br\/>93100 Montreuil<br\/>France<\/p>\n\n\n\n<p>Tel : + 33 1 49 93 62 00<br\/>Fax : + 33 1 49 93 62 22<br\/><a href=\"mailto:w.idrissi@groupecpc.com\">w.idrissi@groupecpc.com<\/a><\/p>\n<\/div>\n","protected":false},"excerpt":{"rendered":"<p>Date d&rsquo;entr\u00e9e en vigueur : 18.09.2024 Sur atlantiquepackaging.com, nous utilisons des cookies et des technologies de suivi similaires pour am\u00e9liorer votre exp\u00e9rience, mesurer notre audience, entretenir notre relation avec vous et analyser la mani\u00e8re dont vous interagissez avec notre contenu. La pr\u00e9sente politique en mati\u00e8re de cookies explique ce que sont les cookies, comment nous [&hellip;]<\/p>\n","protected":false},"author":3,"featured_media":0,"parent":0,"menu_order":0,"comment_status":"closed","ping_status":"closed","template":"","meta":{"_acf_changed":false,"footnotes":""},"class_list":["post-4133","page","type-page","status-publish","hentry"],"acf":[],"_links":{"self":[{"href":"https:\/\/atlantiquepackaging.com\/fr\/wp-json\/wp\/v2\/pages\/4133","targetHints":{"allow":["GET"]}}],"collection":[{"href":"https:\/\/atlantiquepackaging.com\/fr\/wp-json\/wp\/v2\/pages"}],"about":[{"href":"https:\/\/atlantiquepackaging.com\/fr\/wp-json\/wp\/v2\/types\/page"}],"author":[{"embeddable":true,"href":"https:\/\/atlantiquepackaging.com\/fr\/wp-json\/wp\/v2\/users\/3"}],"replies":[{"embeddable":true,"href":"https:\/\/atlantiquepackaging.com\/fr\/wp-json\/wp\/v2\/comments?post=4133"}],"version-history":[{"count":1,"href":"https:\/\/atlantiquepackaging.com\/fr\/wp-json\/wp\/v2\/pages\/4133\/revisions"}],"predecessor-version":[{"id":4135,"href":"https:\/\/atlantiquepackaging.com\/fr\/wp-json\/wp\/v2\/pages\/4133\/revisions\/4135"}],"wp:attachment":[{"href":"https:\/\/atlantiquepackaging.com\/fr\/wp-json\/wp\/v2\/media?parent=4133"}],"curies":[{"name":"wp","href":"https:\/\/api.w.org\/{rel}","templated":true}]}}