{"id":3276,"date":"2024-09-06T19:43:02","date_gmt":"2024-09-06T17:43:02","guid":{"rendered":"https:\/\/atlantiquepackaging.com\/product\/etiquettes-resistantes-aux-graisses\/"},"modified":"2026-01-04T12:25:06","modified_gmt":"2026-01-04T11:25:06","slug":"etiquettes-resistantes-aux-graisses","status":"publish","type":"product","link":"https:\/\/atlantiquepackaging.com\/fr\/product\/etiquettes-resistantes-aux-graisses\/","title":{"rendered":"\u00c9tiquettes r\u00e9sistantes aux graisses"},"content":{"rendered":"<div class=\"wp-block-atlpkg-tabs\">\n\n            <div class=\"hidden md:block\">\n            <div class=\"border-b border-gray-200\">\n                <nav class=\"tab-labels -mb-px flex\" aria-label=\"Tabs\">\n                                            <button class=\"tab-label border-b-2 px-10 py-4 text-center text-lg font-display font-bold uppercase active\"\n                            role=\"tab\"\n                            aria-selected=\"true\"\n                            aria-controls=\"Description\"\n                            tabindex=\"0\"\n                        >\n                            Description                        <\/button>\n                                            <button class=\"tab-label border-b-2 px-10 py-4 text-center text-lg font-display font-bold uppercase \"\n                            role=\"tab\"\n                            aria-selected=\"false\"\n                            aria-controls=\"Caract\u00e9ristiques\"\n                            tabindex=\"0\"\n                        >\n                            Caract\u00e9ristiques                        <\/button>\n                                            <button class=\"tab-label border-b-2 px-10 py-4 text-center text-lg font-display font-bold uppercase \"\n                            role=\"tab\"\n                            aria-selected=\"false\"\n                            aria-controls=\"Parfait pour\"\n                            tabindex=\"0\"\n                        >\n                            Parfait pour                        <\/button>\n                                    <\/nav>\n            <\/div>\n        <\/div>\n    \n    <div class=\"tab-content\">\n        \n\n<div class=\"wp-block-atlpkg-tab\" >\n    <button class=\"md:hidden tab-label-mobile font-display w-full flex items-center justify-between border-b-2 py-4 text-left text-lg font-bold uppercase active\"\n        role=\"tab\"\n        aria-selected=\"true\"\n        aria-controls=\"Description\"\n        tabindex=\"0\"\n    >\n        Description\n        <svg xmlns=\"http:\/\/www.w3.org\/2000\/svg\" fill=\"none\" viewBox=\"0 0 24 24\" stroke-width=\"1.5\" stroke=\"currentColor\" class=\"size-6\">\n            <path stroke-linecap=\"round\" stroke-linejoin=\"round\" d=\"m8.25 4.5 7.5 7.5-7.5 7.5\" \/>\n        <\/svg>\n    <\/button>\n    <div class=\"tab-panel py-6\" role=\"tabpanel\" tabindex=\"0\">\n        \n\n<p>Les \u00e9tiquettes en papier r\u00e9sistant aux graisses sont sp\u00e9cialement con\u00e7ues pour repousser les huiles et les graisses, ce qui les rend id\u00e9ales pour l&#8217;emballage de produits fr\u00e9quemment expos\u00e9s aux graisses. Ces \u00e9tiquettes conservent leur aspect et leur adh\u00e9rence m\u00eame dans les environnements graisseux, ce qui garantit que la marque du produit reste claire et intacte.<\/p>\n\n    <\/div>\n<\/div>\n\n\n<div class=\"wp-block-atlpkg-tab\" >\n    <button class=\"md:hidden tab-label-mobile font-display w-full flex items-center justify-between border-b-2 py-4 text-left text-lg font-bold uppercase \"\n        role=\"tab\"\n        aria-selected=\"false\"\n        aria-controls=\"Caract\u00e9ristiques\"\n        tabindex=\"0\"\n    >\n        Caract\u00e9ristiques\n        <svg xmlns=\"http:\/\/www.w3.org\/2000\/svg\" fill=\"none\" viewBox=\"0 0 24 24\" stroke-width=\"1.5\" stroke=\"currentColor\" class=\"size-6\">\n            <path stroke-linecap=\"round\" stroke-linejoin=\"round\" d=\"m8.25 4.5 7.5 7.5-7.5 7.5\" \/>\n        <\/svg>\n    <\/button>\n    <div class=\"tab-panel py-6\" role=\"tabpanel\" tabindex=\"0\">\n        \n\n<ul class=\"wp-block-list\">\n<li><strong>Surface r\u00e9sistante aux graisses :<\/strong> Emp\u00eache les huiles et les graisses de p\u00e9n\u00e9trer dans l&rsquo;\u00e9tiquette, ce qui la maintient propre et lisible.<\/li>\n\n\n\n<li><strong>Adh\u00e9sion durable :<\/strong> Con\u00e7u pour adh\u00e9rer solidement aux surfaces huileuses ou grasses sans se d\u00e9coller.<\/li>\n\n\n\n<li><strong>Options \u00e9cologiques :<\/strong> Disponible en papier recyclable ou compostable pour un emballage respectueux de l&rsquo;environnement.<\/li>\n\n\n\n<li><strong>Personnalisable :<\/strong> Permet une impression de haute qualit\u00e9 pour une image de marque claire et des informations sur les produits.<\/li>\n<\/ul>\n\n    <\/div>\n<\/div>\n\n\n<div class=\"wp-block-atlpkg-tab\" >\n    <button class=\"md:hidden tab-label-mobile font-display w-full flex items-center justify-between border-b-2 py-4 text-left text-lg font-bold uppercase \"\n        role=\"tab\"\n        aria-selected=\"false\"\n        aria-controls=\"Parfait pour\"\n        tabindex=\"0\"\n    >\n        Parfait pour\n        <svg xmlns=\"http:\/\/www.w3.org\/2000\/svg\" fill=\"none\" viewBox=\"0 0 24 24\" stroke-width=\"1.5\" stroke=\"currentColor\" class=\"size-6\">\n            <path stroke-linecap=\"round\" stroke-linejoin=\"round\" d=\"m8.25 4.5 7.5 7.5-7.5 7.5\" \/>\n        <\/svg>\n    <\/button>\n    <div class=\"tab-panel py-6\" role=\"tabpanel\" tabindex=\"0\">\n        \n\n\t<div class=\"grid grid-cols-2 sm:grid-cols-3 md:grid-cols-4 gap-x-6 gap-y-12 wp-block-atlpkg-gallery-caption\">\n\t\t\t\t\t<div class=\"flex flex-col items-center gap-3\">\n\t\t\t\t<img loading=\"lazy\" decoding=\"async\" width=\"225\" height=\"300\" src=\"https:\/\/atlantiquepackaging.com\/wp-content\/uploads\/2024\/09\/olive-oil-4-225x300.png\" class=\"size-28 object-contain object-center aspect-square\" alt=\"\" srcset=\"https:\/\/atlantiquepackaging.com\/wp-content\/uploads\/2024\/09\/olive-oil-4-225x300.png 225w, https:\/\/atlantiquepackaging.com\/wp-content\/uploads\/2024\/09\/olive-oil-4-767x1024.png 767w, https:\/\/atlantiquepackaging.com\/wp-content\/uploads\/2024\/09\/olive-oil-4-768x1025.png 768w, https:\/\/atlantiquepackaging.com\/wp-content\/uploads\/2024\/09\/olive-oil-4-1150x1536.png 1150w, https:\/\/atlantiquepackaging.com\/wp-content\/uploads\/2024\/09\/olive-oil-4-1534x2048.png 1534w, https:\/\/atlantiquepackaging.com\/wp-content\/uploads\/2024\/09\/olive-oil-4.png 1972w\" sizes=\"(max-width: 225px) 100vw, 225px\" \/>\t\t\t\t<p class=\"text-blue-dianne-800 text-center\">Oil<\/p>\n\t\t\t<\/div>\n\t\t\t\t\t<div class=\"flex flex-col items-center gap-3\">\n\t\t\t\t<img loading=\"lazy\" decoding=\"async\" width=\"142\" height=\"300\" src=\"https:\/\/atlantiquepackaging.com\/wp-content\/uploads\/2024\/08\/nail-polish-bottle-142x300.png\" class=\"size-28 object-contain object-center aspect-square\" alt=\"\" srcset=\"https:\/\/atlantiquepackaging.com\/wp-content\/uploads\/2024\/08\/nail-polish-bottle-142x300.png 142w, https:\/\/atlantiquepackaging.com\/wp-content\/uploads\/2024\/08\/nail-polish-bottle-483x1024.png 483w, https:\/\/atlantiquepackaging.com\/wp-content\/uploads\/2024\/08\/nail-polish-bottle.png 517w\" sizes=\"(max-width: 142px) 100vw, 142px\" \/>\t\t\t\t<p class=\"text-blue-dianne-800 text-center\">Cosmetics (creams, lotions)<\/p>\n\t\t\t<\/div>\n\t\t\t\t\t<div class=\"flex flex-col items-center gap-3\">\n\t\t\t\t<img loading=\"lazy\" decoding=\"async\" width=\"281\" height=\"300\" src=\"https:\/\/atlantiquepackaging.com\/wp-content\/uploads\/2024\/08\/Engine-Oil-Bottle-Mockup-e1723291515436-281x300.png\" class=\"size-28 object-contain object-center aspect-square\" alt=\"\" srcset=\"https:\/\/atlantiquepackaging.com\/wp-content\/uploads\/2024\/08\/Engine-Oil-Bottle-Mockup-e1723291515436-281x300.png 281w, https:\/\/atlantiquepackaging.com\/wp-content\/uploads\/2024\/08\/Engine-Oil-Bottle-Mockup-e1723291515436-959x1024.png 959w, https:\/\/atlantiquepackaging.com\/wp-content\/uploads\/2024\/08\/Engine-Oil-Bottle-Mockup-e1723291515436-768x820.png 768w, https:\/\/atlantiquepackaging.com\/wp-content\/uploads\/2024\/08\/Engine-Oil-Bottle-Mockup-e1723291515436.png 1158w\" sizes=\"(max-width: 281px) 100vw, 281px\" \/>\t\t\t\t<p class=\"text-blue-dianne-800 text-center\">Industrial Products (machinery lubricants, automotive)<\/p>\n\t\t\t<\/div>\n\t\t\t<\/div>\n\n\n    <\/div>\n<\/div>\n    <\/div>\n<\/div>\n","protected":false},"excerpt":{"rendered":"","protected":false},"featured_media":1912,"template":"","class_list":["post-3276","product","type-product","status-publish","has-post-thumbnail","hentry"],"acf":[],"_links":{"self":[{"href":"https:\/\/atlantiquepackaging.com\/fr\/wp-json\/wp\/v2\/products\/3276","targetHints":{"allow":["GET"]}}],"collection":[{"href":"https:\/\/atlantiquepackaging.com\/fr\/wp-json\/wp\/v2\/products"}],"about":[{"href":"https:\/\/atlantiquepackaging.com\/fr\/wp-json\/wp\/v2\/types\/product"}],"version-history":[{"count":1,"href":"https:\/\/atlantiquepackaging.com\/fr\/wp-json\/wp\/v2\/products\/3276\/revisions"}],"predecessor-version":[{"id":3277,"href":"https:\/\/atlantiquepackaging.com\/fr\/wp-json\/wp\/v2\/products\/3276\/revisions\/3277"}],"wp:featuredmedia":[{"embeddable":true,"href":"https:\/\/atlantiquepackaging.com\/fr\/wp-json\/wp\/v2\/media\/1912"}],"wp:attachment":[{"href":"https:\/\/atlantiquepackaging.com\/fr\/wp-json\/wp\/v2\/media?parent=3276"}],"curies":[{"name":"wp","href":"https:\/\/api.w.org\/{rel}","templated":true}]}}