{"id":3278,"date":"2024-09-21T16:48:24","date_gmt":"2024-09-21T14:48:24","guid":{"rendered":"https:\/\/atlantiquepackaging.com\/product\/structures-monomateriaux-entierement-recyclables-full-pe\/"},"modified":"2026-01-04T12:24:40","modified_gmt":"2026-01-04T11:24:40","slug":"structures-monomateriaux-entierement-recyclables-full-pe","status":"publish","type":"product","link":"https:\/\/atlantiquepackaging.com\/fr\/product\/structures-monomateriaux-entierement-recyclables-full-pe\/","title":{"rendered":"Structures monomat\u00e9riaux enti\u00e8rement recyclables (Full PE)"},"content":{"rendered":"<div class=\"wp-block-atlpkg-tabs\">\n\n            <div class=\"hidden md:block\">\n            <div class=\"border-b border-gray-200\">\n                <nav class=\"tab-labels -mb-px flex\" aria-label=\"Tabs\">\n                                            <button class=\"tab-label border-b-2 px-10 py-4 text-center text-lg font-display font-bold uppercase active\"\n                            role=\"tab\"\n                            aria-selected=\"true\"\n                            aria-controls=\"Description\"\n                            tabindex=\"0\"\n                        >\n                            Description                        <\/button>\n                                            <button class=\"tab-label border-b-2 px-10 py-4 text-center text-lg font-display font-bold uppercase \"\n                            role=\"tab\"\n                            aria-selected=\"false\"\n                            aria-controls=\"Caract\u00e9ristiques\"\n                            tabindex=\"0\"\n                        >\n                            Caract\u00e9ristiques                        <\/button>\n                                            <button class=\"tab-label border-b-2 px-10 py-4 text-center text-lg font-display font-bold uppercase \"\n                            role=\"tab\"\n                            aria-selected=\"false\"\n                            aria-controls=\"Parfait pour\"\n                            tabindex=\"0\"\n                        >\n                            Parfait pour                        <\/button>\n                                    <\/nav>\n            <\/div>\n        <\/div>\n    \n    <div class=\"tab-content\">\n        \n\n<div class=\"wp-block-atlpkg-tab\" >\n    <button class=\"md:hidden tab-label-mobile font-display w-full flex items-center justify-between border-b-2 py-4 text-left text-lg font-bold uppercase active\"\n        role=\"tab\"\n        aria-selected=\"true\"\n        aria-controls=\"Description\"\n        tabindex=\"0\"\n    >\n        Description\n        <svg xmlns=\"http:\/\/www.w3.org\/2000\/svg\" fill=\"none\" viewBox=\"0 0 24 24\" stroke-width=\"1.5\" stroke=\"currentColor\" class=\"size-6\">\n            <path stroke-linecap=\"round\" stroke-linejoin=\"round\" d=\"m8.25 4.5 7.5 7.5-7.5 7.5\" \/>\n        <\/svg>\n    <\/button>\n    <div class=\"tab-panel py-6\" role=\"tabpanel\" tabindex=\"0\">\n        \n\n<p>Nos d\u00e9partements R&amp;D d&rsquo;AP Valencia et d&rsquo;AP Cotentin ont int\u00e9gr\u00e9 avec succ\u00e8s les technologies BOPE* et MDO** dans des structures flexibles actuellement non recyclables, les transformant en emballages Full PE mono-mat\u00e9riau enti\u00e8rement recyclables. Cela offre une am\u00e9lioration significative de l&rsquo;aspect en r\u00e9duisant consid\u00e9rablement la d\u00e9formation et en permettant d&rsquo;imprimer les emballages avec la qualit\u00e9 souhait\u00e9e. Nous avons r\u00e9ussi \u00e0 approuver ces mat\u00e9riaux pour un grand nombre de clients, emballant toutes sortes de produits (soins \u00e0 domicile, noix, produits congel\u00e9s, etc.).<\/p>\n\n\n\n<p class=\"has-text-align-left has-black-color has-text-color has-link-color wp-elements-8169eecf44ff0cfb4fc9c04f756d6f76\" style=\"font-size:13px\">*Poly\u00e9thyl\u00e8ne orient\u00e9 biaxialement<\/p>\n\n\n\n<p class=\"has-text-align-left has-black-color has-text-color has-link-color wp-elements-032b05814dceaf561c3e13581c54a394\" style=\"font-size:13px\">**Orientation de la direction de la machine<\/p>\n\n    <\/div>\n<\/div>\n\n\n<div class=\"wp-block-atlpkg-tab\" >\n    <button class=\"md:hidden tab-label-mobile font-display w-full flex items-center justify-between border-b-2 py-4 text-left text-lg font-bold uppercase \"\n        role=\"tab\"\n        aria-selected=\"false\"\n        aria-controls=\"Caract\u00e9ristiques\"\n        tabindex=\"0\"\n    >\n        Caract\u00e9ristiques\n        <svg xmlns=\"http:\/\/www.w3.org\/2000\/svg\" fill=\"none\" viewBox=\"0 0 24 24\" stroke-width=\"1.5\" stroke=\"currentColor\" class=\"size-6\">\n            <path stroke-linecap=\"round\" stroke-linejoin=\"round\" d=\"m8.25 4.5 7.5 7.5-7.5 7.5\" \/>\n        <\/svg>\n    <\/button>\n    <div class=\"tab-panel py-6\" role=\"tabpanel\" tabindex=\"0\">\n        \n\n<ul class=\"wp-block-list\">\n<li><strong>Composition d&rsquo;un seul mat\u00e9riau :<\/strong> Fabriqu\u00e9 en PE int\u00e9gral, ce qui simplifie le processus de recyclage et favorise le d\u00e9veloppement durable.<\/li>\n\n\n\n<li><strong>Excellentes propri\u00e9t\u00e9s de barri\u00e8re :<\/strong> Assure une protection efficace contre l&rsquo;humidit\u00e9, l&rsquo;oxyg\u00e8ne et la lumi\u00e8re, pr\u00e9servant ainsi la qualit\u00e9 du produit.<\/li>\n\n\n\n<li><strong>Conception personnalisable :<\/strong> Permet des options d&rsquo;impression et de marquage de haute qualit\u00e9 pour une pr\u00e9sentation accrocheuse des produits.<\/li>\n\n\n\n<li><strong>L\u00e9ger et durable :<\/strong> Offre r\u00e9sistance et durabilit\u00e9 tout en restant l\u00e9ger, ce qui permet de r\u00e9duire les co\u00fbts de transport.<\/li>\n<\/ul>\n\n    <\/div>\n<\/div>\n\n\n<div class=\"wp-block-atlpkg-tab\" >\n    <button class=\"md:hidden tab-label-mobile font-display w-full flex items-center justify-between border-b-2 py-4 text-left text-lg font-bold uppercase \"\n        role=\"tab\"\n        aria-selected=\"false\"\n        aria-controls=\"Parfait pour\"\n        tabindex=\"0\"\n    >\n        Parfait pour\n        <svg xmlns=\"http:\/\/www.w3.org\/2000\/svg\" fill=\"none\" viewBox=\"0 0 24 24\" stroke-width=\"1.5\" stroke=\"currentColor\" class=\"size-6\">\n            <path stroke-linecap=\"round\" stroke-linejoin=\"round\" d=\"m8.25 4.5 7.5 7.5-7.5 7.5\" \/>\n        <\/svg>\n    <\/button>\n    <div class=\"tab-panel py-6\" role=\"tabpanel\" tabindex=\"0\">\n        \n\n\t<div class=\"grid grid-cols-2 sm:grid-cols-3 md:grid-cols-4 gap-x-6 gap-y-12 wp-block-atlpkg-gallery-caption\">\n\t\t\t\t\t<div class=\"flex flex-col items-center gap-3\">\n\t\t\t\t<img loading=\"lazy\" decoding=\"async\" width=\"300\" height=\"217\" src=\"https:\/\/atlantiquepackaging.com\/wp-content\/uploads\/2024\/06\/frozen-strawberry-300x217.jpg\" class=\"size-28 object-contain object-center aspect-square\" alt=\"\" srcset=\"https:\/\/atlantiquepackaging.com\/wp-content\/uploads\/2024\/06\/frozen-strawberry-300x217.jpg 300w, https:\/\/atlantiquepackaging.com\/wp-content\/uploads\/2024\/06\/frozen-strawberry.jpg 378w\" sizes=\"(max-width: 300px) 100vw, 300px\" \/>\t\t\t\t<p class=\"text-blue-dianne-800 text-center\">Frozen food<\/p>\n\t\t\t<\/div>\n\t\t\t\t\t<div class=\"flex flex-col items-center gap-3\">\n\t\t\t\t<img loading=\"lazy\" decoding=\"async\" width=\"291\" height=\"300\" src=\"https:\/\/atlantiquepackaging.com\/wp-content\/uploads\/2024\/08\/wheat-61-291x300.png\" class=\"size-28 object-contain object-center aspect-square\" alt=\"\" srcset=\"https:\/\/atlantiquepackaging.com\/wp-content\/uploads\/2024\/08\/wheat-61-291x300.png 291w, https:\/\/atlantiquepackaging.com\/wp-content\/uploads\/2024\/08\/wheat-61-992x1024.png 992w, https:\/\/atlantiquepackaging.com\/wp-content\/uploads\/2024\/08\/wheat-61-768x793.png 768w, https:\/\/atlantiquepackaging.com\/wp-content\/uploads\/2024\/08\/wheat-61.png 1019w\" sizes=\"(max-width: 291px) 100vw, 291px\" \/>\t\t\t\t<p class=\"text-blue-dianne-800 text-center\">Cereals<\/p>\n\t\t\t<\/div>\n\t\t\t\t\t<div class=\"flex flex-col items-center gap-3\">\n\t\t\t\t<img loading=\"lazy\" decoding=\"async\" width=\"300\" height=\"226\" src=\"https:\/\/atlantiquepackaging.com\/wp-content\/uploads\/2024\/06\/detergent-pod-300x226.jpg\" class=\"size-28 object-contain object-center aspect-square\" alt=\"\" srcset=\"https:\/\/atlantiquepackaging.com\/wp-content\/uploads\/2024\/06\/detergent-pod-300x226.jpg 300w, https:\/\/atlantiquepackaging.com\/wp-content\/uploads\/2024\/06\/detergent-pod.jpg 366w\" sizes=\"(max-width: 300px) 100vw, 300px\" \/>\t\t\t\t<p class=\"text-blue-dianne-800 text-center\">Cleaning products<\/p>\n\t\t\t<\/div>\n\t\t\t\t\t<div class=\"flex flex-col items-center gap-3\">\n\t\t\t\t<img loading=\"lazy\" decoding=\"async\" width=\"246\" height=\"300\" src=\"https:\/\/atlantiquepackaging.com\/wp-content\/uploads\/2024\/08\/Pretzels-246x300.png\" class=\"size-28 object-contain object-center aspect-square\" alt=\"\" srcset=\"https:\/\/atlantiquepackaging.com\/wp-content\/uploads\/2024\/08\/Pretzels-246x300.png 246w, https:\/\/atlantiquepackaging.com\/wp-content\/uploads\/2024\/08\/Pretzels.png 628w\" sizes=\"(max-width: 246px) 100vw, 246px\" \/>\t\t\t\t<p class=\"text-blue-dianne-800 text-center\">Biscuits<\/p>\n\t\t\t<\/div>\n\t\t\t<\/div>\n\n\n    <\/div>\n<\/div>\n    <\/div>\n<\/div>\n","protected":false},"excerpt":{"rendered":"","protected":false},"featured_media":1701,"template":"","class_list":["post-3278","product","type-product","status-publish","has-post-thumbnail","hentry"],"acf":[],"_links":{"self":[{"href":"https:\/\/atlantiquepackaging.com\/fr\/wp-json\/wp\/v2\/products\/3278","targetHints":{"allow":["GET"]}}],"collection":[{"href":"https:\/\/atlantiquepackaging.com\/fr\/wp-json\/wp\/v2\/products"}],"about":[{"href":"https:\/\/atlantiquepackaging.com\/fr\/wp-json\/wp\/v2\/types\/product"}],"version-history":[{"count":1,"href":"https:\/\/atlantiquepackaging.com\/fr\/wp-json\/wp\/v2\/products\/3278\/revisions"}],"predecessor-version":[{"id":3279,"href":"https:\/\/atlantiquepackaging.com\/fr\/wp-json\/wp\/v2\/products\/3278\/revisions\/3279"}],"wp:featuredmedia":[{"embeddable":true,"href":"https:\/\/atlantiquepackaging.com\/fr\/wp-json\/wp\/v2\/media\/1701"}],"wp:attachment":[{"href":"https:\/\/atlantiquepackaging.com\/fr\/wp-json\/wp\/v2\/media?parent=3278"}],"curies":[{"name":"wp","href":"https:\/\/api.w.org\/{rel}","templated":true}]}}