{"id":3282,"date":"2024-09-30T11:16:42","date_gmt":"2024-09-30T09:16:42","guid":{"rendered":"https:\/\/atlantiquepackaging.com\/product\/boite-de-presentation\/"},"modified":"2026-01-04T12:55:58","modified_gmt":"2026-01-04T11:55:58","slug":"boite-de-presentation","status":"publish","type":"product","link":"https:\/\/atlantiquepackaging.com\/fr\/product\/boite-de-presentation\/","title":{"rendered":"Bo\u00eete pr\u00e9sentoir pour comptoirs"},"content":{"rendered":"<div class=\"wp-block-atlpkg-tabs\">\n\n            <div class=\"hidden md:block\">\n            <div class=\"border-b border-gray-200\">\n                <nav class=\"tab-labels -mb-px flex\" aria-label=\"Tabs\">\n                                            <button class=\"tab-label border-b-2 px-10 py-4 text-center text-lg font-display font-bold uppercase active\"\n                            role=\"tab\"\n                            aria-selected=\"true\"\n                            aria-controls=\"Description\"\n                            tabindex=\"0\"\n                        >\n                            Description                        <\/button>\n                                            <button class=\"tab-label border-b-2 px-10 py-4 text-center text-lg font-display font-bold uppercase \"\n                            role=\"tab\"\n                            aria-selected=\"false\"\n                            aria-controls=\"Caract\u00e9ristiques\"\n                            tabindex=\"0\"\n                        >\n                            Caract\u00e9ristiques                        <\/button>\n                                            <button class=\"tab-label border-b-2 px-10 py-4 text-center text-lg font-display font-bold uppercase \"\n                            role=\"tab\"\n                            aria-selected=\"false\"\n                            aria-controls=\"Parfait pour\"\n                            tabindex=\"0\"\n                        >\n                            Parfait pour                        <\/button>\n                                    <\/nav>\n            <\/div>\n        <\/div>\n    \n    <div class=\"tab-content\">\n        \n\n<div class=\"wp-block-atlpkg-tab\" >\n    <button class=\"md:hidden tab-label-mobile font-display w-full flex items-center justify-between border-b-2 py-4 text-left text-lg font-bold uppercase active\"\n        role=\"tab\"\n        aria-selected=\"true\"\n        aria-controls=\"Description\"\n        tabindex=\"0\"\n    >\n        Description\n        <svg xmlns=\"http:\/\/www.w3.org\/2000\/svg\" fill=\"none\" viewBox=\"0 0 24 24\" stroke-width=\"1.5\" stroke=\"currentColor\" class=\"size-6\">\n            <path stroke-linecap=\"round\" stroke-linejoin=\"round\" d=\"m8.25 4.5 7.5 7.5-7.5 7.5\" \/>\n        <\/svg>\n    <\/button>\n    <div class=\"tab-panel py-6\" role=\"tabpanel\" tabindex=\"0\">\n        \n\n<p>Une bo\u00eete pr\u00e9sentoir est un type d&#8217;emballage con\u00e7u pour pr\u00e9senter les produits directement sur les \u00e9tag\u00e8res ou les comptoirs des magasins. Il offre \u00e0 la fois une fonctionnalit\u00e9 de stockage et de pr\u00e9sentation, permettant un acc\u00e8s facile aux produits tout en maximisant la visibilit\u00e9 de la marque. <\/p>\n\n    <\/div>\n<\/div>\n\n\n<div class=\"wp-block-atlpkg-tab\" >\n    <button class=\"md:hidden tab-label-mobile font-display w-full flex items-center justify-between border-b-2 py-4 text-left text-lg font-bold uppercase \"\n        role=\"tab\"\n        aria-selected=\"false\"\n        aria-controls=\"Caract\u00e9ristiques\"\n        tabindex=\"0\"\n    >\n        Caract\u00e9ristiques\n        <svg xmlns=\"http:\/\/www.w3.org\/2000\/svg\" fill=\"none\" viewBox=\"0 0 24 24\" stroke-width=\"1.5\" stroke=\"currentColor\" class=\"size-6\">\n            <path stroke-linecap=\"round\" stroke-linejoin=\"round\" d=\"m8.25 4.5 7.5 7.5-7.5 7.5\" \/>\n        <\/svg>\n    <\/button>\n    <div class=\"tab-panel py-6\" role=\"tabpanel\" tabindex=\"0\">\n        \n\n<ul class=\"wp-block-list\">\n<li><strong>Conception \u00e0 fa\u00e7ade ouverte :<\/strong> Permet aux clients de voir et d&rsquo;acc\u00e9der facilement aux produits.<\/li>\n\n\n\n<li><strong>Impression personnalisable :<\/strong> Impression en quadrichromie pour les marques, les messages promotionnels ou les informations sur les produits.<\/li>\n\n\n\n<li><strong>Construction robuste :<\/strong> Fabriqu\u00e9 \u00e0 partir de mat\u00e9riaux durables tels que le carton ou le carton ondul\u00e9, il permet de ranger plusieurs produits en toute s\u00e9curit\u00e9.<\/li>\n\n\n\n<li><strong>Un espace r\u00e9duit :<\/strong> Conception compacte qui optimise l&rsquo;espace de l&rsquo;\u00e9tag\u00e8re tout en pr\u00e9sentant les produits de mani\u00e8re attrayante.<\/li>\n<\/ul>\n\n    <\/div>\n<\/div>\n\n\n<div class=\"wp-block-atlpkg-tab\" >\n    <button class=\"md:hidden tab-label-mobile font-display w-full flex items-center justify-between border-b-2 py-4 text-left text-lg font-bold uppercase \"\n        role=\"tab\"\n        aria-selected=\"false\"\n        aria-controls=\"Parfait pour\"\n        tabindex=\"0\"\n    >\n        Parfait pour\n        <svg xmlns=\"http:\/\/www.w3.org\/2000\/svg\" fill=\"none\" viewBox=\"0 0 24 24\" stroke-width=\"1.5\" stroke=\"currentColor\" class=\"size-6\">\n            <path stroke-linecap=\"round\" stroke-linejoin=\"round\" d=\"m8.25 4.5 7.5 7.5-7.5 7.5\" \/>\n        <\/svg>\n    <\/button>\n    <div class=\"tab-panel py-6\" role=\"tabpanel\" tabindex=\"0\">\n        \n\n\t<div class=\"grid grid-cols-2 sm:grid-cols-3 md:grid-cols-4 gap-x-6 gap-y-12 wp-block-atlpkg-gallery-caption\">\n\t\t\t\t\t<div class=\"flex flex-col items-center gap-3\">\n\t\t\t\t<img loading=\"lazy\" decoding=\"async\" width=\"300\" height=\"263\" src=\"https:\/\/atlantiquepackaging.com\/wp-content\/uploads\/2024\/09\/Screenshot-2024-09-18-at-17.42.59-300x263.png\" class=\"size-28 object-contain object-center aspect-square\" alt=\"\" srcset=\"https:\/\/atlantiquepackaging.com\/wp-content\/uploads\/2024\/09\/Screenshot-2024-09-18-at-17.42.59-300x263.png 300w, https:\/\/atlantiquepackaging.com\/wp-content\/uploads\/2024\/09\/Screenshot-2024-09-18-at-17.42.59-1024x899.png 1024w, https:\/\/atlantiquepackaging.com\/wp-content\/uploads\/2024\/09\/Screenshot-2024-09-18-at-17.42.59-768x674.png 768w, https:\/\/atlantiquepackaging.com\/wp-content\/uploads\/2024\/09\/Screenshot-2024-09-18-at-17.42.59-1536x1349.png 1536w, https:\/\/atlantiquepackaging.com\/wp-content\/uploads\/2024\/09\/Screenshot-2024-09-18-at-17.42.59.png 1558w\" sizes=\"(max-width: 300px) 100vw, 300px\" \/>\t\t\t\t<p class=\"text-blue-dianne-800 text-center\">Flyers<\/p>\n\t\t\t<\/div>\n\t\t\t\t\t<div class=\"flex flex-col items-center gap-3\">\n\t\t\t\t<img loading=\"lazy\" decoding=\"async\" width=\"300\" height=\"228\" src=\"https:\/\/atlantiquepackaging.com\/wp-content\/uploads\/2024\/09\/Paper-Sachet-300x228.png\" class=\"size-28 object-contain object-center aspect-square\" alt=\"\" srcset=\"https:\/\/atlantiquepackaging.com\/wp-content\/uploads\/2024\/09\/Paper-Sachet-300x228.png 300w, https:\/\/atlantiquepackaging.com\/wp-content\/uploads\/2024\/09\/Paper-Sachet-768x585.png 768w, https:\/\/atlantiquepackaging.com\/wp-content\/uploads\/2024\/09\/Paper-Sachet.png 822w\" sizes=\"(max-width: 300px) 100vw, 300px\" \/>\t\t\t\t<p class=\"text-blue-dianne-800 text-center\">Small Retail Items (snacks, confectionery, cosmetics)<\/p>\n\t\t\t<\/div>\n\t\t\t\t\t<div class=\"flex flex-col items-center gap-3\">\n\t\t\t\t<img loading=\"lazy\" decoding=\"async\" width=\"300\" height=\"200\" src=\"https:\/\/atlantiquepackaging.com\/wp-content\/uploads\/2024\/08\/Lighter-Mockup-300x200.png\" class=\"size-28 object-contain object-center aspect-square\" alt=\"\" srcset=\"https:\/\/atlantiquepackaging.com\/wp-content\/uploads\/2024\/08\/Lighter-Mockup-300x200.png 300w, https:\/\/atlantiquepackaging.com\/wp-content\/uploads\/2024\/08\/Lighter-Mockup-1024x683.png 1024w, https:\/\/atlantiquepackaging.com\/wp-content\/uploads\/2024\/08\/Lighter-Mockup-768x513.png 768w, https:\/\/atlantiquepackaging.com\/wp-content\/uploads\/2024\/08\/Lighter-Mockup.png 1500w\" sizes=\"(max-width: 300px) 100vw, 300px\" \/>\t\t\t\t<p class=\"text-blue-dianne-800 text-center\">Countertop Products (energy bars, ligthers, bottled items)<\/p>\n\t\t\t<\/div>\n\t\t\t<\/div>\n\n\n    <\/div>\n<\/div>\n    <\/div>\n<\/div>\n","protected":false},"excerpt":{"rendered":"","protected":false},"featured_media":2993,"template":"","class_list":["post-3282","product","type-product","status-publish","has-post-thumbnail","hentry"],"acf":[],"_links":{"self":[{"href":"https:\/\/atlantiquepackaging.com\/fr\/wp-json\/wp\/v2\/products\/3282","targetHints":{"allow":["GET"]}}],"collection":[{"href":"https:\/\/atlantiquepackaging.com\/fr\/wp-json\/wp\/v2\/products"}],"about":[{"href":"https:\/\/atlantiquepackaging.com\/fr\/wp-json\/wp\/v2\/types\/product"}],"version-history":[{"count":2,"href":"https:\/\/atlantiquepackaging.com\/fr\/wp-json\/wp\/v2\/products\/3282\/revisions"}],"predecessor-version":[{"id":5353,"href":"https:\/\/atlantiquepackaging.com\/fr\/wp-json\/wp\/v2\/products\/3282\/revisions\/5353"}],"wp:featuredmedia":[{"embeddable":true,"href":"https:\/\/atlantiquepackaging.com\/fr\/wp-json\/wp\/v2\/media\/2993"}],"wp:attachment":[{"href":"https:\/\/atlantiquepackaging.com\/fr\/wp-json\/wp\/v2\/media?parent=3282"}],"curies":[{"name":"wp","href":"https:\/\/api.w.org\/{rel}","templated":true}]}}