{"id":3284,"date":"2024-09-30T11:25:22","date_gmt":"2024-09-30T09:25:22","guid":{"rendered":"https:\/\/atlantiquepackaging.com\/product\/boite-a-fenetre-modele-a-decouper\/"},"modified":"2026-01-04T12:24:40","modified_gmt":"2026-01-04T11:24:40","slug":"boite-a-fenetre-modele-a-decouper","status":"publish","type":"product","link":"https:\/\/atlantiquepackaging.com\/fr\/product\/boite-a-fenetre-modele-a-decouper\/","title":{"rendered":"Bo\u00eete \u00e0 fen\u00eatre (mod\u00e8le \u00e0 d\u00e9couper)"},"content":{"rendered":"<div class=\"wp-block-atlpkg-tabs\">\n\n            <div class=\"hidden md:block\">\n            <div class=\"border-b border-gray-200\">\n                <nav class=\"tab-labels -mb-px flex\" aria-label=\"Tabs\">\n                                            <button class=\"tab-label border-b-2 px-10 py-4 text-center text-lg font-display font-bold uppercase active\"\n                            role=\"tab\"\n                            aria-selected=\"true\"\n                            aria-controls=\"Description\"\n                            tabindex=\"0\"\n                        >\n                            Description                        <\/button>\n                                            <button class=\"tab-label border-b-2 px-10 py-4 text-center text-lg font-display font-bold uppercase \"\n                            role=\"tab\"\n                            aria-selected=\"false\"\n                            aria-controls=\"Caract\u00e9ristiques\"\n                            tabindex=\"0\"\n                        >\n                            Caract\u00e9ristiques                        <\/button>\n                                            <button class=\"tab-label border-b-2 px-10 py-4 text-center text-lg font-display font-bold uppercase \"\n                            role=\"tab\"\n                            aria-selected=\"false\"\n                            aria-controls=\"Parfait pour\"\n                            tabindex=\"0\"\n                        >\n                            Parfait pour                        <\/button>\n                                    <\/nav>\n            <\/div>\n        <\/div>\n    \n    <div class=\"tab-content\">\n        \n\n<div class=\"wp-block-atlpkg-tab\" >\n    <button class=\"md:hidden tab-label-mobile font-display w-full flex items-center justify-between border-b-2 py-4 text-left text-lg font-bold uppercase active\"\n        role=\"tab\"\n        aria-selected=\"true\"\n        aria-controls=\"Description\"\n        tabindex=\"0\"\n    >\n        Description\n        <svg xmlns=\"http:\/\/www.w3.org\/2000\/svg\" fill=\"none\" viewBox=\"0 0 24 24\" stroke-width=\"1.5\" stroke=\"currentColor\" class=\"size-6\">\n            <path stroke-linecap=\"round\" stroke-linejoin=\"round\" d=\"m8.25 4.5 7.5 7.5-7.5 7.5\" \/>\n        <\/svg>\n    <\/button>\n    <div class=\"tab-panel py-6\" role=\"tabpanel\" tabindex=\"0\">\n        \n\n<p>Une bo\u00eete \u00e0 fen\u00eatre avec un <strong>effet de relief d\u00e9coup\u00e9<\/strong> est une solution d&#8217;emballage qui incorpore des formes ou des motifs d\u00e9coup\u00e9s \u00e0 l&#8217;emporte-pi\u00e8ce dans la bo\u00eete elle-m\u00eame. Contrairement aux emballages avec fen\u00eatre traditionnelles, il n&rsquo;y a pas de plastique ou de produit visible ; au contraire, le design de la d\u00e9coupe ajoute une sensation de texture et de profondeur, ce qui renforce l&rsquo;attrait esth\u00e9tique de l\u2019emballage.<\/p>\n\n    <\/div>\n<\/div>\n\n\n<div class=\"wp-block-atlpkg-tab\" >\n    <button class=\"md:hidden tab-label-mobile font-display w-full flex items-center justify-between border-b-2 py-4 text-left text-lg font-bold uppercase \"\n        role=\"tab\"\n        aria-selected=\"false\"\n        aria-controls=\"Caract\u00e9ristiques\"\n        tabindex=\"0\"\n    >\n        Caract\u00e9ristiques\n        <svg xmlns=\"http:\/\/www.w3.org\/2000\/svg\" fill=\"none\" viewBox=\"0 0 24 24\" stroke-width=\"1.5\" stroke=\"currentColor\" class=\"size-6\">\n            <path stroke-linecap=\"round\" stroke-linejoin=\"round\" d=\"m8.25 4.5 7.5 7.5-7.5 7.5\" \/>\n        <\/svg>\n    <\/button>\n    <div class=\"tab-panel py-6\" role=\"tabpanel\" tabindex=\"0\">\n        \n\n<ul class=\"wp-block-list\">\n<li><strong>D\u00e9coupes \u00e0 effet de relief :<\/strong> Ajoute de la texture et de l&rsquo;int\u00e9r\u00eat visuel \u00e0 l&#8217;emballage sans r\u00e9v\u00e9ler le produit.<\/li>\n\n\n\n<li><strong>Mat\u00e9riau \u00e9cologique :<\/strong> Fabriqu\u00e9 \u00e0 partir de carton enti\u00e8rement recyclable, il constitue une option d&#8217;emballage durable.<\/li>\n\n\n\n<li><strong>Mod\u00e8les personnalisables :<\/strong> La bo\u00eete peut pr\u00e9senter diverses formes, motifs ou logos d\u00e9coup\u00e9s pour des effets de marque ou des effets esth\u00e9tiques.<\/li>\n\n\n\n<li><strong>Aspect \u00e9l\u00e9gant et unique :<\/strong> Offre une sensation tactile haut de gamme qui diff\u00e9rencie le produit en rayon.<\/li>\n<\/ul>\n\n    <\/div>\n<\/div>\n\n\n<div class=\"wp-block-atlpkg-tab\" >\n    <button class=\"md:hidden tab-label-mobile font-display w-full flex items-center justify-between border-b-2 py-4 text-left text-lg font-bold uppercase \"\n        role=\"tab\"\n        aria-selected=\"false\"\n        aria-controls=\"Parfait pour\"\n        tabindex=\"0\"\n    >\n        Parfait pour\n        <svg xmlns=\"http:\/\/www.w3.org\/2000\/svg\" fill=\"none\" viewBox=\"0 0 24 24\" stroke-width=\"1.5\" stroke=\"currentColor\" class=\"size-6\">\n            <path stroke-linecap=\"round\" stroke-linejoin=\"round\" d=\"m8.25 4.5 7.5 7.5-7.5 7.5\" \/>\n        <\/svg>\n    <\/button>\n    <div class=\"tab-panel py-6\" role=\"tabpanel\" tabindex=\"0\">\n        \n\n\t<div class=\"grid grid-cols-2 sm:grid-cols-3 md:grid-cols-4 gap-x-6 gap-y-12 wp-block-atlpkg-gallery-caption\">\n\t\t\t\t\t<div class=\"flex flex-col items-center gap-3\">\n\t\t\t\t<img loading=\"lazy\" decoding=\"async\" width=\"300\" height=\"197\" src=\"https:\/\/atlantiquepackaging.com\/wp-content\/uploads\/2024\/08\/tea-sachet-1-300x197.jpg\" class=\"size-28 object-contain object-center aspect-square\" alt=\"\" srcset=\"https:\/\/atlantiquepackaging.com\/wp-content\/uploads\/2024\/08\/tea-sachet-1-300x197.jpg 300w, https:\/\/atlantiquepackaging.com\/wp-content\/uploads\/2024\/08\/tea-sachet-1-1024x673.jpg 1024w, https:\/\/atlantiquepackaging.com\/wp-content\/uploads\/2024\/08\/tea-sachet-1-768x505.jpg 768w, https:\/\/atlantiquepackaging.com\/wp-content\/uploads\/2024\/08\/tea-sachet-1-1536x1009.jpg 1536w, https:\/\/atlantiquepackaging.com\/wp-content\/uploads\/2024\/08\/tea-sachet-1-2048x1346.jpg 2048w\" sizes=\"(max-width: 300px) 100vw, 300px\" \/>\t\t\t\t<p class=\"text-blue-dianne-800 text-center\">Premium Food Items (chocolates, teas, gourmet goods)<\/p>\n\t\t\t<\/div>\n\t\t\t\t\t<div class=\"flex flex-col items-center gap-3\">\n\t\t\t\t<img loading=\"lazy\" decoding=\"async\" width=\"266\" height=\"300\" src=\"https:\/\/atlantiquepackaging.com\/wp-content\/uploads\/2024\/08\/Luxury-perfume-bottle-6-e1723298638344-266x300.png\" class=\"size-28 object-contain object-center aspect-square\" alt=\"\" srcset=\"https:\/\/atlantiquepackaging.com\/wp-content\/uploads\/2024\/08\/Luxury-perfume-bottle-6-e1723298638344-266x300.png 266w, https:\/\/atlantiquepackaging.com\/wp-content\/uploads\/2024\/08\/Luxury-perfume-bottle-6-e1723298638344-909x1024.png 909w, https:\/\/atlantiquepackaging.com\/wp-content\/uploads\/2024\/08\/Luxury-perfume-bottle-6-e1723298638344-768x865.png 768w, https:\/\/atlantiquepackaging.com\/wp-content\/uploads\/2024\/08\/Luxury-perfume-bottle-6-e1723298638344-1364x1536.png 1364w, https:\/\/atlantiquepackaging.com\/wp-content\/uploads\/2024\/08\/Luxury-perfume-bottle-6-e1723298638344.png 1754w\" sizes=\"(max-width: 266px) 100vw, 266px\" \/>\t\t\t\t<p class=\"text-blue-dianne-800 text-center\">Luxury Packaging (perfumes, high-end cosmetics)<\/p>\n\t\t\t<\/div>\n\t\t\t\t\t<div class=\"flex flex-col items-center gap-3\">\n\t\t\t\t<img loading=\"lazy\" decoding=\"async\" width=\"300\" height=\"189\" src=\"https:\/\/atlantiquepackaging.com\/wp-content\/uploads\/2024\/08\/chocolate-48-300x189.png\" class=\"size-28 object-contain object-center aspect-square\" alt=\"\" srcset=\"https:\/\/atlantiquepackaging.com\/wp-content\/uploads\/2024\/08\/chocolate-48-300x189.png 300w, https:\/\/atlantiquepackaging.com\/wp-content\/uploads\/2024\/08\/chocolate-48-1024x644.png 1024w, https:\/\/atlantiquepackaging.com\/wp-content\/uploads\/2024\/08\/chocolate-48-768x483.png 768w, https:\/\/atlantiquepackaging.com\/wp-content\/uploads\/2024\/08\/chocolate-48.png 1500w\" sizes=\"(max-width: 300px) 100vw, 300px\" \/>\t\t\t\t<p class=\"text-blue-dianne-800 text-center\">Premium Food Products (chocolates, gourmet items)<\/p>\n\t\t\t<\/div>\n\t\t\t\t\t<div class=\"flex flex-col items-center gap-3\">\n\t\t\t\t<img loading=\"lazy\" decoding=\"async\" width=\"246\" height=\"300\" src=\"https:\/\/atlantiquepackaging.com\/wp-content\/uploads\/2024\/08\/Pretzels-246x300.png\" class=\"size-28 object-contain object-center aspect-square\" alt=\"\" srcset=\"https:\/\/atlantiquepackaging.com\/wp-content\/uploads\/2024\/08\/Pretzels-246x300.png 246w, https:\/\/atlantiquepackaging.com\/wp-content\/uploads\/2024\/08\/Pretzels.png 628w\" sizes=\"(max-width: 246px) 100vw, 246px\" \/>\t\t\t\t<p class=\"text-blue-dianne-800 text-center\">Biscuits<\/p>\n\t\t\t<\/div>\n\t\t\t<\/div>\n\n\n    <\/div>\n<\/div>\n    <\/div>\n<\/div>\n","protected":false},"excerpt":{"rendered":"","protected":false},"featured_media":3010,"template":"","class_list":["post-3284","product","type-product","status-publish","has-post-thumbnail","hentry"],"acf":[],"_links":{"self":[{"href":"https:\/\/atlantiquepackaging.com\/fr\/wp-json\/wp\/v2\/products\/3284","targetHints":{"allow":["GET"]}}],"collection":[{"href":"https:\/\/atlantiquepackaging.com\/fr\/wp-json\/wp\/v2\/products"}],"about":[{"href":"https:\/\/atlantiquepackaging.com\/fr\/wp-json\/wp\/v2\/types\/product"}],"version-history":[{"count":5,"href":"https:\/\/atlantiquepackaging.com\/fr\/wp-json\/wp\/v2\/products\/3284\/revisions"}],"predecessor-version":[{"id":5299,"href":"https:\/\/atlantiquepackaging.com\/fr\/wp-json\/wp\/v2\/products\/3284\/revisions\/5299"}],"wp:featuredmedia":[{"embeddable":true,"href":"https:\/\/atlantiquepackaging.com\/fr\/wp-json\/wp\/v2\/media\/3010"}],"wp:attachment":[{"href":"https:\/\/atlantiquepackaging.com\/fr\/wp-json\/wp\/v2\/media?parent=3284"}],"curies":[{"name":"wp","href":"https:\/\/api.w.org\/{rel}","templated":true}]}}