{"id":3286,"date":"2024-08-15T16:31:23","date_gmt":"2024-08-15T14:31:23","guid":{"rendered":"https:\/\/atlantiquepackaging.com\/product\/cartons-a-chargement-par-le-haut-et-par-le-bas\/"},"modified":"2026-01-04T12:25:19","modified_gmt":"2026-01-04T11:25:19","slug":"cartons-a-chargement-par-le-haut-et-par-le-bas","status":"publish","type":"product","link":"https:\/\/atlantiquepackaging.com\/fr\/product\/cartons-a-chargement-par-le-haut-et-par-le-bas\/","title":{"rendered":"Cartons \u00e0 chargement par le haut et par le bas"},"content":{"rendered":"<div class=\"wp-block-atlpkg-tabs\">\n\n            <div class=\"hidden md:block\">\n            <div class=\"border-b border-gray-200\">\n                <nav class=\"tab-labels -mb-px flex\" aria-label=\"Tabs\">\n                                            <button class=\"tab-label border-b-2 px-10 py-4 text-center text-lg font-display font-bold uppercase active\"\n                            role=\"tab\"\n                            aria-selected=\"true\"\n                            aria-controls=\"Description\"\n                            tabindex=\"0\"\n                        >\n                            Description                        <\/button>\n                                            <button class=\"tab-label border-b-2 px-10 py-4 text-center text-lg font-display font-bold uppercase \"\n                            role=\"tab\"\n                            aria-selected=\"false\"\n                            aria-controls=\"Caract\u00e9ristiques\"\n                            tabindex=\"0\"\n                        >\n                            Caract\u00e9ristiques                        <\/button>\n                                            <button class=\"tab-label border-b-2 px-10 py-4 text-center text-lg font-display font-bold uppercase \"\n                            role=\"tab\"\n                            aria-selected=\"false\"\n                            aria-controls=\"Parfait pour\"\n                            tabindex=\"0\"\n                        >\n                            Parfait pour                        <\/button>\n                                    <\/nav>\n            <\/div>\n        <\/div>\n    \n    <div class=\"tab-content\">\n        \n\n<div class=\"wp-block-atlpkg-tab\" >\n    <button class=\"md:hidden tab-label-mobile font-display w-full flex items-center justify-between border-b-2 py-4 text-left text-lg font-bold uppercase active\"\n        role=\"tab\"\n        aria-selected=\"true\"\n        aria-controls=\"Description\"\n        tabindex=\"0\"\n    >\n        Description\n        <svg xmlns=\"http:\/\/www.w3.org\/2000\/svg\" fill=\"none\" viewBox=\"0 0 24 24\" stroke-width=\"1.5\" stroke=\"currentColor\" class=\"size-6\">\n            <path stroke-linecap=\"round\" stroke-linejoin=\"round\" d=\"m8.25 4.5 7.5 7.5-7.5 7.5\" \/>\n        <\/svg>\n    <\/button>\n    <div class=\"tab-panel py-6\" role=\"tabpanel\" tabindex=\"0\">\n        \n\n<p>Les cartons \u00e0 chargement par le haut et les cartons \u00e0 chargement par le bas sont deux types de solutions d&#8217;emballage largement utilis\u00e9s dans diverses industries pour leur efficacit\u00e9, leur durabilit\u00e9 et leur adaptabilit\u00e9 aux syst\u00e8mes d&#8217;emballage automatis\u00e9s. Les deux types sont fabriqu\u00e9s \u00e0 partir de carton ou de mat\u00e9riaux ondul\u00e9s et sont con\u00e7us pour prot\u00e9ger et pr\u00e9senter les produits de mani\u00e8re efficace. Ils se distinguent principalement par l&rsquo;orientation du chargement et de l&rsquo;acc\u00e8s aux produits.  <\/p>\n\n    <\/div>\n<\/div>\n\n\n<div class=\"wp-block-atlpkg-tab\" >\n    <button class=\"md:hidden tab-label-mobile font-display w-full flex items-center justify-between border-b-2 py-4 text-left text-lg font-bold uppercase \"\n        role=\"tab\"\n        aria-selected=\"false\"\n        aria-controls=\"Caract\u00e9ristiques\"\n        tabindex=\"0\"\n    >\n        Caract\u00e9ristiques\n        <svg xmlns=\"http:\/\/www.w3.org\/2000\/svg\" fill=\"none\" viewBox=\"0 0 24 24\" stroke-width=\"1.5\" stroke=\"currentColor\" class=\"size-6\">\n            <path stroke-linecap=\"round\" stroke-linejoin=\"round\" d=\"m8.25 4.5 7.5 7.5-7.5 7.5\" \/>\n        <\/svg>\n    <\/button>\n    <div class=\"tab-panel py-6\" role=\"tabpanel\" tabindex=\"0\">\n        \n\n<p><strong>Caract\u00e9ristiques :<\/strong><\/p>\n\n\n\n<ul class=\"wp-block-list\">\n<li><strong>Chargement horizontal :<\/strong> Les produits sont ins\u00e9r\u00e9s par des ouvertures aux extr\u00e9mit\u00e9s du carton, ce qui les rend adapt\u00e9s aux lignes d&#8217;emballage automatis\u00e9es \u00e0 grande vitesse.<\/li>\n\n\n\n<li><strong>Fermeture s\u00e9curis\u00e9e :<\/strong> g\u00e9n\u00e9ralement scell\u00e9e \u00e0 l&rsquo;aide de rabats qui peuvent \u00eatre coll\u00e9s, scotch\u00e9s ou verrouill\u00e9s, ce qui garantit la s\u00e9curit\u00e9 du produit pendant le transport et le stockage.<\/li>\n\n\n\n<li><strong>Conception efficace :<\/strong> Leur forme permet un empilage efficace et une optimisation de l&rsquo;espace, tant au niveau de l&rsquo;exp\u00e9dition que sur les \u00e9tag\u00e8res des magasins.<\/li>\n\n\n\n<li><strong>Personnalisable :<\/strong> Disponibles en diff\u00e9rentes tailles, ils peuvent \u00eatre imprim\u00e9s avec des graphiques de haute qualit\u00e9 pour le marquage et l&rsquo;information sur les produits.<\/li>\n<\/ul>\n\n    <\/div>\n<\/div>\n\n\n<div class=\"wp-block-atlpkg-tab\" >\n    <button class=\"md:hidden tab-label-mobile font-display w-full flex items-center justify-between border-b-2 py-4 text-left text-lg font-bold uppercase \"\n        role=\"tab\"\n        aria-selected=\"false\"\n        aria-controls=\"Parfait pour\"\n        tabindex=\"0\"\n    >\n        Parfait pour\n        <svg xmlns=\"http:\/\/www.w3.org\/2000\/svg\" fill=\"none\" viewBox=\"0 0 24 24\" stroke-width=\"1.5\" stroke=\"currentColor\" class=\"size-6\">\n            <path stroke-linecap=\"round\" stroke-linejoin=\"round\" d=\"m8.25 4.5 7.5 7.5-7.5 7.5\" \/>\n        <\/svg>\n    <\/button>\n    <div class=\"tab-panel py-6\" role=\"tabpanel\" tabindex=\"0\">\n        \n\n\t<div class=\"grid grid-cols-2 sm:grid-cols-3 md:grid-cols-4 gap-x-6 gap-y-12 wp-block-atlpkg-gallery-caption\">\n\t\t\t\t\t<div class=\"flex flex-col items-center gap-3\">\n\t\t\t\t<img loading=\"lazy\" decoding=\"async\" width=\"291\" height=\"300\" src=\"https:\/\/atlantiquepackaging.com\/wp-content\/uploads\/2024\/08\/wheat-61-291x300.png\" class=\"size-28 object-contain object-center aspect-square\" alt=\"\" srcset=\"https:\/\/atlantiquepackaging.com\/wp-content\/uploads\/2024\/08\/wheat-61-291x300.png 291w, https:\/\/atlantiquepackaging.com\/wp-content\/uploads\/2024\/08\/wheat-61-992x1024.png 992w, https:\/\/atlantiquepackaging.com\/wp-content\/uploads\/2024\/08\/wheat-61-768x793.png 768w, https:\/\/atlantiquepackaging.com\/wp-content\/uploads\/2024\/08\/wheat-61.png 1019w\" sizes=\"(max-width: 291px) 100vw, 291px\" \/>\t\t\t\t<p class=\"text-blue-dianne-800 text-center\">Cereals<\/p>\n\t\t\t<\/div>\n\t\t\t\t\t<div class=\"flex flex-col items-center gap-3\">\n\t\t\t\t<img loading=\"lazy\" decoding=\"async\" width=\"300\" height=\"217\" src=\"https:\/\/atlantiquepackaging.com\/wp-content\/uploads\/2024\/06\/frozen-strawberry-300x217.jpg\" class=\"size-28 object-contain object-center aspect-square\" alt=\"\" srcset=\"https:\/\/atlantiquepackaging.com\/wp-content\/uploads\/2024\/06\/frozen-strawberry-300x217.jpg 300w, https:\/\/atlantiquepackaging.com\/wp-content\/uploads\/2024\/06\/frozen-strawberry.jpg 378w\" sizes=\"(max-width: 300px) 100vw, 300px\" \/>\t\t\t\t<p class=\"text-blue-dianne-800 text-center\">Frozen food<\/p>\n\t\t\t<\/div>\n\t\t\t\t\t<div class=\"flex flex-col items-center gap-3\">\n\t\t\t\t<img loading=\"lazy\" decoding=\"async\" width=\"300\" height=\"225\" src=\"https:\/\/atlantiquepackaging.com\/wp-content\/uploads\/2024\/08\/tablets-2-300x225.png\" class=\"size-28 object-contain object-center aspect-square\" alt=\"\" srcset=\"https:\/\/atlantiquepackaging.com\/wp-content\/uploads\/2024\/08\/tablets-2-300x225.png 300w, https:\/\/atlantiquepackaging.com\/wp-content\/uploads\/2024\/08\/tablets-2-1024x769.png 1024w, https:\/\/atlantiquepackaging.com\/wp-content\/uploads\/2024\/08\/tablets-2-768x577.png 768w, https:\/\/atlantiquepackaging.com\/wp-content\/uploads\/2024\/08\/tablets-2.png 1500w\" sizes=\"(max-width: 300px) 100vw, 300px\" \/>\t\t\t\t<p class=\"text-blue-dianne-800 text-center\">Pharmaceuticals (tablets, capsules)<\/p>\n\t\t\t<\/div>\n\t\t\t\t\t<div class=\"flex flex-col items-center gap-3\">\n\t\t\t\t<img loading=\"lazy\" decoding=\"async\" width=\"246\" height=\"300\" src=\"https:\/\/atlantiquepackaging.com\/wp-content\/uploads\/2024\/08\/Pretzels-246x300.png\" class=\"size-28 object-contain object-center aspect-square\" alt=\"\" srcset=\"https:\/\/atlantiquepackaging.com\/wp-content\/uploads\/2024\/08\/Pretzels-246x300.png 246w, https:\/\/atlantiquepackaging.com\/wp-content\/uploads\/2024\/08\/Pretzels.png 628w\" sizes=\"(max-width: 246px) 100vw, 246px\" \/>\t\t\t\t<p class=\"text-blue-dianne-800 text-center\">Biscuits<\/p>\n\t\t\t<\/div>\n\t\t\t<\/div>\n\n\n    <\/div>\n<\/div>\n    <\/div>\n<\/div>\n","protected":false},"excerpt":{"rendered":"","protected":false},"featured_media":1353,"template":"","class_list":["post-3286","product","type-product","status-publish","has-post-thumbnail","hentry"],"acf":[],"_links":{"self":[{"href":"https:\/\/atlantiquepackaging.com\/fr\/wp-json\/wp\/v2\/products\/3286","targetHints":{"allow":["GET"]}}],"collection":[{"href":"https:\/\/atlantiquepackaging.com\/fr\/wp-json\/wp\/v2\/products"}],"about":[{"href":"https:\/\/atlantiquepackaging.com\/fr\/wp-json\/wp\/v2\/types\/product"}],"version-history":[{"count":1,"href":"https:\/\/atlantiquepackaging.com\/fr\/wp-json\/wp\/v2\/products\/3286\/revisions"}],"predecessor-version":[{"id":3289,"href":"https:\/\/atlantiquepackaging.com\/fr\/wp-json\/wp\/v2\/products\/3286\/revisions\/3289"}],"wp:featuredmedia":[{"embeddable":true,"href":"https:\/\/atlantiquepackaging.com\/fr\/wp-json\/wp\/v2\/media\/1353"}],"wp:attachment":[{"href":"https:\/\/atlantiquepackaging.com\/fr\/wp-json\/wp\/v2\/media?parent=3286"}],"curies":[{"name":"wp","href":"https:\/\/api.w.org\/{rel}","templated":true}]}}