{"id":3291,"date":"2024-09-02T22:02:32","date_gmt":"2024-09-02T20:02:32","guid":{"rendered":"https:\/\/atlantiquepackaging.com\/product\/pochette-a-bec\/"},"modified":"2026-01-04T12:25:16","modified_gmt":"2026-01-04T11:25:16","slug":"pochette-a-bec","status":"publish","type":"product","link":"https:\/\/atlantiquepackaging.com\/fr\/product\/pochette-a-bec\/","title":{"rendered":"Pochette \u00e0 bec"},"content":{"rendered":"<div class=\"wp-block-atlpkg-tabs\">\n\n            <div class=\"hidden md:block\">\n            <div class=\"border-b border-gray-200\">\n                <nav class=\"tab-labels -mb-px flex\" aria-label=\"Tabs\">\n                                            <button class=\"tab-label border-b-2 px-10 py-4 text-center text-lg font-display font-bold uppercase active\"\n                            role=\"tab\"\n                            aria-selected=\"true\"\n                            aria-controls=\"Description\"\n                            tabindex=\"0\"\n                        >\n                            Description                        <\/button>\n                                            <button class=\"tab-label border-b-2 px-10 py-4 text-center text-lg font-display font-bold uppercase \"\n                            role=\"tab\"\n                            aria-selected=\"false\"\n                            aria-controls=\"Caract\u00e9ristiques\"\n                            tabindex=\"0\"\n                        >\n                            Caract\u00e9ristiques                        <\/button>\n                                            <button class=\"tab-label border-b-2 px-10 py-4 text-center text-lg font-display font-bold uppercase \"\n                            role=\"tab\"\n                            aria-selected=\"false\"\n                            aria-controls=\"Parfait pour\"\n                            tabindex=\"0\"\n                        >\n                            Parfait pour                        <\/button>\n                                    <\/nav>\n            <\/div>\n        <\/div>\n    \n    <div class=\"tab-content\">\n        \n\n<div class=\"wp-block-atlpkg-tab\" >\n    <button class=\"md:hidden tab-label-mobile font-display w-full flex items-center justify-between border-b-2 py-4 text-left text-lg font-bold uppercase active\"\n        role=\"tab\"\n        aria-selected=\"true\"\n        aria-controls=\"Description\"\n        tabindex=\"0\"\n    >\n        Description\n        <svg xmlns=\"http:\/\/www.w3.org\/2000\/svg\" fill=\"none\" viewBox=\"0 0 24 24\" stroke-width=\"1.5\" stroke=\"currentColor\" class=\"size-6\">\n            <path stroke-linecap=\"round\" stroke-linejoin=\"round\" d=\"m8.25 4.5 7.5 7.5-7.5 7.5\" \/>\n        <\/svg>\n    <\/button>\n    <div class=\"tab-panel py-6\" role=\"tabpanel\" tabindex=\"0\">\n        \n\n<p>Les sachets \u00e0 bec sont une solution d&#8217;emballage flexible \u00e9quip\u00e9e d&rsquo;un bec refermable, combinant la commodit\u00e9 d&rsquo;une bouteille avec la flexibilit\u00e9 et le respect de l&rsquo;environnement d&rsquo;un sachet. Ces sachets sont con\u00e7us pour contenir en toute s\u00e9curit\u00e9 des liquides, des semi-liquides ou des poudres, ce qui les rend id\u00e9aux pour les produits qui doivent \u00eatre vers\u00e9s ou distribu\u00e9s de mani\u00e8re contr\u00f4l\u00e9e. Le bec offre un acc\u00e8s facile, tandis que le sachet lui-m\u00eame est l\u00e9ger et prend moins de place que les contenants rigides.  <\/p>\n\n    <\/div>\n<\/div>\n\n\n<div class=\"wp-block-atlpkg-tab\" >\n    <button class=\"md:hidden tab-label-mobile font-display w-full flex items-center justify-between border-b-2 py-4 text-left text-lg font-bold uppercase \"\n        role=\"tab\"\n        aria-selected=\"false\"\n        aria-controls=\"Caract\u00e9ristiques\"\n        tabindex=\"0\"\n    >\n        Caract\u00e9ristiques\n        <svg xmlns=\"http:\/\/www.w3.org\/2000\/svg\" fill=\"none\" viewBox=\"0 0 24 24\" stroke-width=\"1.5\" stroke=\"currentColor\" class=\"size-6\">\n            <path stroke-linecap=\"round\" stroke-linejoin=\"round\" d=\"m8.25 4.5 7.5 7.5-7.5 7.5\" \/>\n        <\/svg>\n    <\/button>\n    <div class=\"tab-panel py-6\" role=\"tabpanel\" tabindex=\"0\">\n        \n\n<ul class=\"wp-block-list\">\n<li><strong>Distribution pratique :<\/strong> Dot\u00e9 d&rsquo;un bec verseur pour faciliter le versement, il est id\u00e9al pour les liquides et semi-liquides.<\/li>\n\n\n\n<li><strong>Refermable :<\/strong> Le bec verseur permet des utilisations multiples, avec un capuchon ou une fermeture qui garantit que le contenu reste frais et s\u00e9curis\u00e9 entre les utilisations.<\/li>\n\n\n\n<li><strong>Efficace en termes d&rsquo;espace :<\/strong> La conception flexible r\u00e9duit l&rsquo;espace de stockage et de transport par rapport aux conteneurs rigides traditionnels.<\/li>\n\n\n\n<li><strong>Personnalisable :<\/strong> Disponible en diff\u00e9rentes tailles, formes et mat\u00e9riaux, avec des options d&rsquo;impression et de marquage de haute qualit\u00e9.<\/li>\n<\/ul>\n\n    <\/div>\n<\/div>\n\n\n<div class=\"wp-block-atlpkg-tab\" >\n    <button class=\"md:hidden tab-label-mobile font-display w-full flex items-center justify-between border-b-2 py-4 text-left text-lg font-bold uppercase \"\n        role=\"tab\"\n        aria-selected=\"false\"\n        aria-controls=\"Parfait pour\"\n        tabindex=\"0\"\n    >\n        Parfait pour\n        <svg xmlns=\"http:\/\/www.w3.org\/2000\/svg\" fill=\"none\" viewBox=\"0 0 24 24\" stroke-width=\"1.5\" stroke=\"currentColor\" class=\"size-6\">\n            <path stroke-linecap=\"round\" stroke-linejoin=\"round\" d=\"m8.25 4.5 7.5 7.5-7.5 7.5\" \/>\n        <\/svg>\n    <\/button>\n    <div class=\"tab-panel py-6\" role=\"tabpanel\" tabindex=\"0\">\n        \n\n\t<div class=\"grid grid-cols-2 sm:grid-cols-3 md:grid-cols-4 gap-x-6 gap-y-12 wp-block-atlpkg-gallery-caption\">\n\t\t\t\t\t<div class=\"flex flex-col items-center gap-3\">\n\t\t\t\t<img loading=\"lazy\" decoding=\"async\" width=\"300\" height=\"191\" src=\"https:\/\/atlantiquepackaging.com\/wp-content\/uploads\/2024\/09\/sugar-10-300x191.png\" class=\"size-28 object-contain object-center aspect-square\" alt=\"\" srcset=\"https:\/\/atlantiquepackaging.com\/wp-content\/uploads\/2024\/09\/sugar-10-300x191.png 300w, https:\/\/atlantiquepackaging.com\/wp-content\/uploads\/2024\/09\/sugar-10.png 500w\" sizes=\"(max-width: 300px) 100vw, 300px\" \/>\t\t\t\t<p class=\"text-blue-dianne-800 text-center\">Powders, Sugar<\/p>\n\t\t\t<\/div>\n\t\t\t\t\t<div class=\"flex flex-col items-center gap-3\">\n\t\t\t\t<img loading=\"lazy\" decoding=\"async\" width=\"300\" height=\"225\" src=\"https:\/\/atlantiquepackaging.com\/wp-content\/uploads\/2024\/09\/juice-22-300x225.png\" class=\"size-28 object-contain object-center aspect-square\" alt=\"\" srcset=\"https:\/\/atlantiquepackaging.com\/wp-content\/uploads\/2024\/09\/juice-22-300x225.png 300w, https:\/\/atlantiquepackaging.com\/wp-content\/uploads\/2024\/09\/juice-22.png 500w\" sizes=\"(max-width: 300px) 100vw, 300px\" \/>\t\t\t\t<p class=\"text-blue-dianne-800 text-center\">Beverages, Juice&#8230;<\/p>\n\t\t\t<\/div>\n\t\t\t\t\t<div class=\"flex flex-col items-center gap-3\">\n\t\t\t\t<img loading=\"lazy\" decoding=\"async\" width=\"291\" height=\"300\" src=\"https:\/\/atlantiquepackaging.com\/wp-content\/uploads\/2024\/08\/wheat-61-291x300.png\" class=\"size-28 object-contain object-center aspect-square\" alt=\"\" srcset=\"https:\/\/atlantiquepackaging.com\/wp-content\/uploads\/2024\/08\/wheat-61-291x300.png 291w, https:\/\/atlantiquepackaging.com\/wp-content\/uploads\/2024\/08\/wheat-61-992x1024.png 992w, https:\/\/atlantiquepackaging.com\/wp-content\/uploads\/2024\/08\/wheat-61-768x793.png 768w, https:\/\/atlantiquepackaging.com\/wp-content\/uploads\/2024\/08\/wheat-61.png 1019w\" sizes=\"(max-width: 291px) 100vw, 291px\" \/>\t\t\t\t<p class=\"text-blue-dianne-800 text-center\">Cereals<\/p>\n\t\t\t<\/div>\n\t\t\t<\/div>\n\n\n    <\/div>\n<\/div>\n    <\/div>\n<\/div>\n","protected":false},"excerpt":{"rendered":"","protected":false},"featured_media":1738,"template":"","class_list":["post-3291","product","type-product","status-publish","has-post-thumbnail","hentry"],"acf":[],"_links":{"self":[{"href":"https:\/\/atlantiquepackaging.com\/fr\/wp-json\/wp\/v2\/products\/3291","targetHints":{"allow":["GET"]}}],"collection":[{"href":"https:\/\/atlantiquepackaging.com\/fr\/wp-json\/wp\/v2\/products"}],"about":[{"href":"https:\/\/atlantiquepackaging.com\/fr\/wp-json\/wp\/v2\/types\/product"}],"version-history":[{"count":1,"href":"https:\/\/atlantiquepackaging.com\/fr\/wp-json\/wp\/v2\/products\/3291\/revisions"}],"predecessor-version":[{"id":3293,"href":"https:\/\/atlantiquepackaging.com\/fr\/wp-json\/wp\/v2\/products\/3291\/revisions\/3293"}],"wp:featuredmedia":[{"embeddable":true,"href":"https:\/\/atlantiquepackaging.com\/fr\/wp-json\/wp\/v2\/media\/1738"}],"wp:attachment":[{"href":"https:\/\/atlantiquepackaging.com\/fr\/wp-json\/wp\/v2\/media?parent=3291"}],"curies":[{"name":"wp","href":"https:\/\/api.w.org\/{rel}","templated":true}]}}