{"id":3294,"date":"2024-09-06T19:01:25","date_gmt":"2024-09-06T17:01:25","guid":{"rendered":"https:\/\/atlantiquepackaging.com\/product\/etiquettes-enveloppantes\/"},"modified":"2026-01-04T12:25:14","modified_gmt":"2026-01-04T11:25:14","slug":"etiquettes-enveloppantes","status":"publish","type":"product","link":"https:\/\/atlantiquepackaging.com\/fr\/product\/etiquettes-enveloppantes\/","title":{"rendered":"\u00c9tiquettes enveloppantes"},"content":{"rendered":"<div class=\"wp-block-atlpkg-tabs\">\n\n            <div class=\"hidden md:block\">\n            <div class=\"border-b border-gray-200\">\n                <nav class=\"tab-labels -mb-px flex\" aria-label=\"Tabs\">\n                                            <button class=\"tab-label border-b-2 px-10 py-4 text-center text-lg font-display font-bold uppercase active\"\n                            role=\"tab\"\n                            aria-selected=\"true\"\n                            aria-controls=\"Description\"\n                            tabindex=\"0\"\n                        >\n                            Description                        <\/button>\n                                            <button class=\"tab-label border-b-2 px-10 py-4 text-center text-lg font-display font-bold uppercase \"\n                            role=\"tab\"\n                            aria-selected=\"false\"\n                            aria-controls=\"Caract\u00e9ristiques\"\n                            tabindex=\"0\"\n                        >\n                            Caract\u00e9ristiques                        <\/button>\n                                            <button class=\"tab-label border-b-2 px-10 py-4 text-center text-lg font-display font-bold uppercase \"\n                            role=\"tab\"\n                            aria-selected=\"false\"\n                            aria-controls=\"Parfait pour\"\n                            tabindex=\"0\"\n                        >\n                            Parfait pour                        <\/button>\n                                    <\/nav>\n            <\/div>\n        <\/div>\n    \n    <div class=\"tab-content\">\n        \n\n<div class=\"wp-block-atlpkg-tab\" >\n    <button class=\"md:hidden tab-label-mobile font-display w-full flex items-center justify-between border-b-2 py-4 text-left text-lg font-bold uppercase active\"\n        role=\"tab\"\n        aria-selected=\"true\"\n        aria-controls=\"Description\"\n        tabindex=\"0\"\n    >\n        Description\n        <svg xmlns=\"http:\/\/www.w3.org\/2000\/svg\" fill=\"none\" viewBox=\"0 0 24 24\" stroke-width=\"1.5\" stroke=\"currentColor\" class=\"size-6\">\n            <path stroke-linecap=\"round\" stroke-linejoin=\"round\" d=\"m8.25 4.5 7.5 7.5-7.5 7.5\" \/>\n        <\/svg>\n    <\/button>\n    <div class=\"tab-panel py-6\" role=\"tabpanel\" tabindex=\"0\">\n        \n\n<p>Les \u00e9tiquettes enveloppantes (\u00e0 d\u00e9couper et \u00e0 empiler) sont des \u00e9tiquettes non adh\u00e9sives qui s&rsquo;enroulent enti\u00e8rement autour d&rsquo;un produit et sont maintenues en place par une application de colle, de chaleur ou de r\u00e9traction. Ils sont livr\u00e9s en piles plut\u00f4t qu&rsquo;en rouleaux, ce qui les rend id\u00e9aux pour les applications \u00e0 grande vitesse o\u00f9 l&rsquo;efficacit\u00e9 est essentielle.<\/p>\n\n    <\/div>\n<\/div>\n\n\n<div class=\"wp-block-atlpkg-tab\" >\n    <button class=\"md:hidden tab-label-mobile font-display w-full flex items-center justify-between border-b-2 py-4 text-left text-lg font-bold uppercase \"\n        role=\"tab\"\n        aria-selected=\"false\"\n        aria-controls=\"Caract\u00e9ristiques\"\n        tabindex=\"0\"\n    >\n        Caract\u00e9ristiques\n        <svg xmlns=\"http:\/\/www.w3.org\/2000\/svg\" fill=\"none\" viewBox=\"0 0 24 24\" stroke-width=\"1.5\" stroke=\"currentColor\" class=\"size-6\">\n            <path stroke-linecap=\"round\" stroke-linejoin=\"round\" d=\"m8.25 4.5 7.5 7.5-7.5 7.5\" \/>\n        <\/svg>\n    <\/button>\n    <div class=\"tab-panel py-6\" role=\"tabpanel\" tabindex=\"0\">\n        \n\n<ul class=\"wp-block-list\">\n<li><strong>Non adh\u00e9sif :<\/strong> Les \u00e9tiquettes sont appliqu\u00e9es avec de la colle externe, de la r\u00e9traction ou de la chaleur, ce qui r\u00e9duit la n\u00e9cessit\u00e9 d&rsquo;utiliser des adh\u00e9sifs pr\u00e9-appliqu\u00e9s.<\/li>\n\n\n\n<li><strong>Rentable :<\/strong> Id\u00e9al pour la production en grande quantit\u00e9 en raison de son processus de fabrication et d&rsquo;application \u00e9conomique.<\/li>\n\n\n\n<li><strong>Personnalisable :<\/strong> Peut \u00eatre imprim\u00e9 en haute qualit\u00e9 avec des marques, des d\u00e9tails sur les produits et des motifs \u00e9clatants.<\/li>\n\n\n\n<li><strong>Options \u00e9cologiques<\/strong>: Disponible en mat\u00e9riaux recyclables ou biod\u00e9gradables, r\u00e9duisant ainsi l&rsquo;impact sur l&rsquo;environnement. Consultez nos certifications pour plus de d\u00e9tails.<\/li>\n<\/ul>\n\n    <\/div>\n<\/div>\n\n\n<div class=\"wp-block-atlpkg-tab\" >\n    <button class=\"md:hidden tab-label-mobile font-display w-full flex items-center justify-between border-b-2 py-4 text-left text-lg font-bold uppercase \"\n        role=\"tab\"\n        aria-selected=\"false\"\n        aria-controls=\"Parfait pour\"\n        tabindex=\"0\"\n    >\n        Parfait pour\n        <svg xmlns=\"http:\/\/www.w3.org\/2000\/svg\" fill=\"none\" viewBox=\"0 0 24 24\" stroke-width=\"1.5\" stroke=\"currentColor\" class=\"size-6\">\n            <path stroke-linecap=\"round\" stroke-linejoin=\"round\" d=\"m8.25 4.5 7.5 7.5-7.5 7.5\" \/>\n        <\/svg>\n    <\/button>\n    <div class=\"tab-panel py-6\" role=\"tabpanel\" tabindex=\"0\">\n        \n\n\t<div class=\"grid grid-cols-2 sm:grid-cols-3 md:grid-cols-4 gap-x-6 gap-y-12 wp-block-atlpkg-gallery-caption\">\n\t\t\t\t\t<div class=\"flex flex-col items-center gap-3\">\n\t\t\t\t<img loading=\"lazy\" decoding=\"async\" width=\"300\" height=\"300\" src=\"https:\/\/atlantiquepackaging.com\/wp-content\/uploads\/2024\/09\/1-300x300.jpg\" class=\"size-28 object-contain object-center aspect-square\" alt=\"\" srcset=\"https:\/\/atlantiquepackaging.com\/wp-content\/uploads\/2024\/09\/1-300x300.jpg 300w, https:\/\/atlantiquepackaging.com\/wp-content\/uploads\/2024\/09\/1-1024x1024.jpg 1024w, https:\/\/atlantiquepackaging.com\/wp-content\/uploads\/2024\/09\/1-150x150.jpg 150w, https:\/\/atlantiquepackaging.com\/wp-content\/uploads\/2024\/09\/1-768x768.jpg 768w, https:\/\/atlantiquepackaging.com\/wp-content\/uploads\/2024\/09\/1.jpg 1200w\" sizes=\"(max-width: 300px) 100vw, 300px\" \/>\t\t\t\t<p class=\"text-blue-dianne-800 text-center\">Canned Goods<\/p>\n\t\t\t<\/div>\n\t\t\t\t\t<div class=\"flex flex-col items-center gap-3\">\n\t\t\t\t<img loading=\"lazy\" decoding=\"async\" width=\"300\" height=\"300\" src=\"https:\/\/atlantiquepackaging.com\/wp-content\/uploads\/2024\/09\/2-300x300.jpg\" class=\"size-28 object-contain object-center aspect-square\" alt=\"\" srcset=\"https:\/\/atlantiquepackaging.com\/wp-content\/uploads\/2024\/09\/2-300x300.jpg 300w, https:\/\/atlantiquepackaging.com\/wp-content\/uploads\/2024\/09\/2-1024x1024.jpg 1024w, https:\/\/atlantiquepackaging.com\/wp-content\/uploads\/2024\/09\/2-150x150.jpg 150w, https:\/\/atlantiquepackaging.com\/wp-content\/uploads\/2024\/09\/2-768x768.jpg 768w, https:\/\/atlantiquepackaging.com\/wp-content\/uploads\/2024\/09\/2.jpg 1200w\" sizes=\"(max-width: 300px) 100vw, 300px\" \/>\t\t\t\t<p class=\"text-blue-dianne-800 text-center\">Bottles <\/p>\n\t\t\t<\/div>\n\t\t\t\t\t<div class=\"flex flex-col items-center gap-3\">\n\t\t\t\t<img loading=\"lazy\" decoding=\"async\" width=\"193\" height=\"300\" src=\"https:\/\/atlantiquepackaging.com\/wp-content\/uploads\/2024\/08\/Cleaning-Spray-Mockup-e1723290459698-193x300.png\" class=\"size-28 object-contain object-center aspect-square\" alt=\"\" srcset=\"https:\/\/atlantiquepackaging.com\/wp-content\/uploads\/2024\/08\/Cleaning-Spray-Mockup-e1723290459698-193x300.png 193w, https:\/\/atlantiquepackaging.com\/wp-content\/uploads\/2024\/08\/Cleaning-Spray-Mockup-e1723290459698-658x1024.png 658w, https:\/\/atlantiquepackaging.com\/wp-content\/uploads\/2024\/08\/Cleaning-Spray-Mockup-e1723290459698-768x1195.png 768w, https:\/\/atlantiquepackaging.com\/wp-content\/uploads\/2024\/08\/Cleaning-Spray-Mockup-e1723290459698-987x1536.png 987w, https:\/\/atlantiquepackaging.com\/wp-content\/uploads\/2024\/08\/Cleaning-Spray-Mockup-e1723290459698.png 1068w\" sizes=\"(max-width: 193px) 100vw, 193px\" \/>\t\t\t\t<p class=\"text-blue-dianne-800 text-center\">Household Products (cleaning agents, detergents)<\/p>\n\t\t\t<\/div>\n\t\t\t<\/div>\n\n\n    <\/div>\n<\/div>\n    <\/div>\n<\/div>\n","protected":false},"excerpt":{"rendered":"","protected":false},"featured_media":2037,"template":"","class_list":["post-3294","product","type-product","status-publish","has-post-thumbnail","hentry"],"acf":[],"_links":{"self":[{"href":"https:\/\/atlantiquepackaging.com\/fr\/wp-json\/wp\/v2\/products\/3294","targetHints":{"allow":["GET"]}}],"collection":[{"href":"https:\/\/atlantiquepackaging.com\/fr\/wp-json\/wp\/v2\/products"}],"about":[{"href":"https:\/\/atlantiquepackaging.com\/fr\/wp-json\/wp\/v2\/types\/product"}],"version-history":[{"count":1,"href":"https:\/\/atlantiquepackaging.com\/fr\/wp-json\/wp\/v2\/products\/3294\/revisions"}],"predecessor-version":[{"id":3296,"href":"https:\/\/atlantiquepackaging.com\/fr\/wp-json\/wp\/v2\/products\/3294\/revisions\/3296"}],"wp:featuredmedia":[{"embeddable":true,"href":"https:\/\/atlantiquepackaging.com\/fr\/wp-json\/wp\/v2\/media\/2037"}],"wp:attachment":[{"href":"https:\/\/atlantiquepackaging.com\/fr\/wp-json\/wp\/v2\/media?parent=3294"}],"curies":[{"name":"wp","href":"https:\/\/api.w.org\/{rel}","templated":true}]}}