{"id":3295,"date":"2024-09-06T20:29:11","date_gmt":"2024-09-06T18:29:11","guid":{"rendered":"https:\/\/atlantiquepackaging.com\/product\/etiquette-du-seau-dans-le-moule\/"},"modified":"2026-01-04T12:41:18","modified_gmt":"2026-01-04T11:41:18","slug":"etiquette-du-seau-dans-le-moule","status":"publish","type":"product","link":"https:\/\/atlantiquepackaging.com\/fr\/product\/etiquette-du-seau-dans-le-moule\/","title":{"rendered":"\u00c9tiquette dans le moule pour large contenants"},"content":{"rendered":"<div class=\"wp-block-atlpkg-tabs\">\n\n            <div class=\"hidden md:block\">\n            <div class=\"border-b border-gray-200\">\n                <nav class=\"tab-labels -mb-px flex\" aria-label=\"Tabs\">\n                                            <button class=\"tab-label border-b-2 px-10 py-4 text-center text-lg font-display font-bold uppercase active\"\n                            role=\"tab\"\n                            aria-selected=\"true\"\n                            aria-controls=\"Description\"\n                            tabindex=\"0\"\n                        >\n                            Description                        <\/button>\n                                            <button class=\"tab-label border-b-2 px-10 py-4 text-center text-lg font-display font-bold uppercase \"\n                            role=\"tab\"\n                            aria-selected=\"false\"\n                            aria-controls=\"Caract\u00e9ristiques\"\n                            tabindex=\"0\"\n                        >\n                            Caract\u00e9ristiques                        <\/button>\n                                            <button class=\"tab-label border-b-2 px-10 py-4 text-center text-lg font-display font-bold uppercase \"\n                            role=\"tab\"\n                            aria-selected=\"false\"\n                            aria-controls=\"Parfait pour\"\n                            tabindex=\"0\"\n                        >\n                            Parfait pour                        <\/button>\n                                    <\/nav>\n            <\/div>\n        <\/div>\n    \n    <div class=\"tab-content\">\n        \n\n<div class=\"wp-block-atlpkg-tab\" >\n    <button class=\"md:hidden tab-label-mobile font-display w-full flex items-center justify-between border-b-2 py-4 text-left text-lg font-bold uppercase active\"\n        role=\"tab\"\n        aria-selected=\"true\"\n        aria-controls=\"Description\"\n        tabindex=\"0\"\n    >\n        Description\n        <svg xmlns=\"http:\/\/www.w3.org\/2000\/svg\" fill=\"none\" viewBox=\"0 0 24 24\" stroke-width=\"1.5\" stroke=\"currentColor\" class=\"size-6\">\n            <path stroke-linecap=\"round\" stroke-linejoin=\"round\" d=\"m8.25 4.5 7.5 7.5-7.5 7.5\" \/>\n        <\/svg>\n    <\/button>\n    <div class=\"tab-panel py-6\" role=\"tabpanel\" tabindex=\"0\">\n        \n\n<p>Les \u00e9tiquettes surmoul\u00e9es pour seaux sont int\u00e9gr\u00e9es directement dans le moule des seaux en plastique au cours de la fabrication. Ce processus incorpore l&rsquo;\u00e9tiquette dans le seau, ce qui permet d&rsquo;obtenir une finition sans couture, durable et de haute qualit\u00e9, \u00e0 la fois attrayante sur le plan visuel et durable. <\/p>\n\n    <\/div>\n<\/div>\n\n\n<div class=\"wp-block-atlpkg-tab\" >\n    <button class=\"md:hidden tab-label-mobile font-display w-full flex items-center justify-between border-b-2 py-4 text-left text-lg font-bold uppercase \"\n        role=\"tab\"\n        aria-selected=\"false\"\n        aria-controls=\"Caract\u00e9ristiques\"\n        tabindex=\"0\"\n    >\n        Caract\u00e9ristiques\n        <svg xmlns=\"http:\/\/www.w3.org\/2000\/svg\" fill=\"none\" viewBox=\"0 0 24 24\" stroke-width=\"1.5\" stroke=\"currentColor\" class=\"size-6\">\n            <path stroke-linecap=\"round\" stroke-linejoin=\"round\" d=\"m8.25 4.5 7.5 7.5-7.5 7.5\" \/>\n        <\/svg>\n    <\/button>\n    <div class=\"tab-panel py-6\" role=\"tabpanel\" tabindex=\"0\">\n        \n\n<ul class=\"wp-block-list\">\n<li><strong>Formes personnalis\u00e9es d\u00e9coup\u00e9es \u00e0 l&#8217;emporte-pi\u00e8ce :<\/strong> Des formes uniques et complexes d\u00e9coup\u00e9es \u00e0 l&#8217;emporte-pi\u00e8ce pour un aspect distinctif et une meilleure image de marque.<\/li>\n\n\n\n<li><strong>Int\u00e9gration transparente :<\/strong> Les \u00e9tiquettes sont int\u00e9gr\u00e9es dans le seau lors du moulage, ce qui permet d&rsquo;obtenir une surface lisse et ininterrompue.<\/li>\n\n\n\n<li><strong>Durable et r\u00e9sistant :<\/strong> Offre une excellente r\u00e9sistance aux rayures, \u00e0 la d\u00e9coloration et aux produits chimiques pour une performance durable.<\/li>\n\n\n\n<li><strong>Impression de haute qualit\u00e9 :<\/strong> Des graphiques et des textes d\u00e9taill\u00e9s et \u00e9clatants qui restent clairs au fil du temps.<\/li>\n<\/ul>\n\n    <\/div>\n<\/div>\n\n\n<div class=\"wp-block-atlpkg-tab\" >\n    <button class=\"md:hidden tab-label-mobile font-display w-full flex items-center justify-between border-b-2 py-4 text-left text-lg font-bold uppercase \"\n        role=\"tab\"\n        aria-selected=\"false\"\n        aria-controls=\"Parfait pour\"\n        tabindex=\"0\"\n    >\n        Parfait pour\n        <svg xmlns=\"http:\/\/www.w3.org\/2000\/svg\" fill=\"none\" viewBox=\"0 0 24 24\" stroke-width=\"1.5\" stroke=\"currentColor\" class=\"size-6\">\n            <path stroke-linecap=\"round\" stroke-linejoin=\"round\" d=\"m8.25 4.5 7.5 7.5-7.5 7.5\" \/>\n        <\/svg>\n    <\/button>\n    <div class=\"tab-panel py-6\" role=\"tabpanel\" tabindex=\"0\">\n        \n\n\t<div class=\"grid grid-cols-2 sm:grid-cols-3 md:grid-cols-4 gap-x-6 gap-y-12 wp-block-atlpkg-gallery-caption\">\n\t\t\t\t\t<div class=\"flex flex-col items-center gap-3\">\n\t\t\t\t<img loading=\"lazy\" decoding=\"async\" width=\"300\" height=\"199\" src=\"https:\/\/atlantiquepackaging.com\/wp-content\/uploads\/2024\/09\/paint-bucket-300x199.jpg\" class=\"size-28 object-contain object-center aspect-square\" alt=\"\" srcset=\"https:\/\/atlantiquepackaging.com\/wp-content\/uploads\/2024\/09\/paint-bucket-300x199.jpg 300w, https:\/\/atlantiquepackaging.com\/wp-content\/uploads\/2024\/09\/paint-bucket-768x509.jpg 768w, https:\/\/atlantiquepackaging.com\/wp-content\/uploads\/2024\/09\/paint-bucket.jpg 960w\" sizes=\"(max-width: 300px) 100vw, 300px\" \/>\t\t\t\t<p class=\"text-blue-dianne-800 text-center\">Paints, Chemicals<\/p>\n\t\t\t<\/div>\n\t\t\t\t\t<div class=\"flex flex-col items-center gap-3\">\n\t\t\t\t<img loading=\"lazy\" decoding=\"async\" width=\"300\" height=\"217\" src=\"https:\/\/atlantiquepackaging.com\/wp-content\/uploads\/2024\/06\/frozen-strawberry-300x217.jpg\" class=\"size-28 object-contain object-center aspect-square\" alt=\"\" srcset=\"https:\/\/atlantiquepackaging.com\/wp-content\/uploads\/2024\/06\/frozen-strawberry-300x217.jpg 300w, https:\/\/atlantiquepackaging.com\/wp-content\/uploads\/2024\/06\/frozen-strawberry.jpg 378w\" sizes=\"(max-width: 300px) 100vw, 300px\" \/>\t\t\t\t<p class=\"text-blue-dianne-800 text-center\">Frozen food<\/p>\n\t\t\t<\/div>\n\t\t\t\t\t<div class=\"flex flex-col items-center gap-3\">\n\t\t\t\t<img loading=\"lazy\" decoding=\"async\" width=\"300\" height=\"239\" src=\"https:\/\/atlantiquepackaging.com\/wp-content\/uploads\/2024\/08\/potato-chips-300x239.png\" class=\"size-28 object-contain object-center aspect-square\" alt=\"\" srcset=\"https:\/\/atlantiquepackaging.com\/wp-content\/uploads\/2024\/08\/potato-chips-300x239.png 300w, https:\/\/atlantiquepackaging.com\/wp-content\/uploads\/2024\/08\/potato-chips-1024x815.png 1024w, https:\/\/atlantiquepackaging.com\/wp-content\/uploads\/2024\/08\/potato-chips-768x611.png 768w, https:\/\/atlantiquepackaging.com\/wp-content\/uploads\/2024\/08\/potato-chips.png 1200w\" sizes=\"(max-width: 300px) 100vw, 300px\" \/>\t\t\t\t<p class=\"text-blue-dianne-800 text-center\">Potato Chips<\/p>\n\t\t\t<\/div>\n\t\t\t\t\t<div class=\"flex flex-col items-center gap-3\">\n\t\t\t\t<img loading=\"lazy\" decoding=\"async\" width=\"281\" height=\"300\" src=\"https:\/\/atlantiquepackaging.com\/wp-content\/uploads\/2024\/08\/Engine-Oil-Bottle-Mockup-e1723291515436-281x300.png\" class=\"size-28 object-contain object-center aspect-square\" alt=\"\" srcset=\"https:\/\/atlantiquepackaging.com\/wp-content\/uploads\/2024\/08\/Engine-Oil-Bottle-Mockup-e1723291515436-281x300.png 281w, https:\/\/atlantiquepackaging.com\/wp-content\/uploads\/2024\/08\/Engine-Oil-Bottle-Mockup-e1723291515436-959x1024.png 959w, https:\/\/atlantiquepackaging.com\/wp-content\/uploads\/2024\/08\/Engine-Oil-Bottle-Mockup-e1723291515436-768x820.png 768w, https:\/\/atlantiquepackaging.com\/wp-content\/uploads\/2024\/08\/Engine-Oil-Bottle-Mockup-e1723291515436.png 1158w\" sizes=\"(max-width: 281px) 100vw, 281px\" \/>\t\t\t\t<p class=\"text-blue-dianne-800 text-center\">Industrial Products (machinery lubricants, automotive)<\/p>\n\t\t\t<\/div>\n\t\t\t<\/div>\n\n\n    <\/div>\n<\/div>\n    <\/div>\n<\/div>\n","protected":false},"excerpt":{"rendered":"","protected":false},"featured_media":1949,"template":"","class_list":["post-3295","product","type-product","status-publish","has-post-thumbnail","hentry"],"acf":[],"_links":{"self":[{"href":"https:\/\/atlantiquepackaging.com\/fr\/wp-json\/wp\/v2\/products\/3295","targetHints":{"allow":["GET"]}}],"collection":[{"href":"https:\/\/atlantiquepackaging.com\/fr\/wp-json\/wp\/v2\/products"}],"about":[{"href":"https:\/\/atlantiquepackaging.com\/fr\/wp-json\/wp\/v2\/types\/product"}],"version-history":[{"count":2,"href":"https:\/\/atlantiquepackaging.com\/fr\/wp-json\/wp\/v2\/products\/3295\/revisions"}],"predecessor-version":[{"id":5335,"href":"https:\/\/atlantiquepackaging.com\/fr\/wp-json\/wp\/v2\/products\/3295\/revisions\/5335"}],"wp:featuredmedia":[{"embeddable":true,"href":"https:\/\/atlantiquepackaging.com\/fr\/wp-json\/wp\/v2\/media\/1949"}],"wp:attachment":[{"href":"https:\/\/atlantiquepackaging.com\/fr\/wp-json\/wp\/v2\/media?parent=3295"}],"curies":[{"name":"wp","href":"https:\/\/api.w.org\/{rel}","templated":true}]}}