{"id":3302,"date":"2024-09-06T19:26:56","date_gmt":"2024-09-06T17:26:56","guid":{"rendered":"https:\/\/atlantiquepackaging.com\/product\/papier-a-decouper-decouper-des-etiquettes\/"},"modified":"2026-01-04T12:25:08","modified_gmt":"2026-01-04T11:25:08","slug":"papier-a-decouper-decouper-des-etiquettes","status":"publish","type":"product","link":"https:\/\/atlantiquepackaging.com\/fr\/product\/papier-a-decouper-decouper-des-etiquettes\/","title":{"rendered":"Papier \u00e0 d\u00e9couper &#8211; D\u00e9couper des \u00e9tiquettes"},"content":{"rendered":"<div class=\"wp-block-atlpkg-tabs\">\n\n            <div class=\"hidden md:block\">\n            <div class=\"border-b border-gray-200\">\n                <nav class=\"tab-labels -mb-px flex\" aria-label=\"Tabs\">\n                                            <button class=\"tab-label border-b-2 px-10 py-4 text-center text-lg font-display font-bold uppercase active\"\n                            role=\"tab\"\n                            aria-selected=\"true\"\n                            aria-controls=\"Description\"\n                            tabindex=\"0\"\n                        >\n                            Description                        <\/button>\n                                            <button class=\"tab-label border-b-2 px-10 py-4 text-center text-lg font-display font-bold uppercase \"\n                            role=\"tab\"\n                            aria-selected=\"false\"\n                            aria-controls=\"Caract\u00e9ristiques\"\n                            tabindex=\"0\"\n                        >\n                            Caract\u00e9ristiques                        <\/button>\n                                            <button class=\"tab-label border-b-2 px-10 py-4 text-center text-lg font-display font-bold uppercase \"\n                            role=\"tab\"\n                            aria-selected=\"false\"\n                            aria-controls=\"Parfait pour\"\n                            tabindex=\"0\"\n                        >\n                            Parfait pour                        <\/button>\n                                    <\/nav>\n            <\/div>\n        <\/div>\n    \n    <div class=\"tab-content\">\n        \n\n<div class=\"wp-block-atlpkg-tab\" >\n    <button class=\"md:hidden tab-label-mobile font-display w-full flex items-center justify-between border-b-2 py-4 text-left text-lg font-bold uppercase active\"\n        role=\"tab\"\n        aria-selected=\"true\"\n        aria-controls=\"Description\"\n        tabindex=\"0\"\n    >\n        Description\n        <svg xmlns=\"http:\/\/www.w3.org\/2000\/svg\" fill=\"none\" viewBox=\"0 0 24 24\" stroke-width=\"1.5\" stroke=\"currentColor\" class=\"size-6\">\n            <path stroke-linecap=\"round\" stroke-linejoin=\"round\" d=\"m8.25 4.5 7.5 7.5-7.5 7.5\" \/>\n        <\/svg>\n    <\/button>\n    <div class=\"tab-panel py-6\" role=\"tabpanel\" tabindex=\"0\">\n        \n\n<p>Les \u00e9tiquettes d\u00e9coup\u00e9es sont des \u00e9tiquettes de forme personnalis\u00e9e cr\u00e9\u00e9es en d\u00e9coupant avec pr\u00e9cision des mat\u00e9riaux d&rsquo;\u00e9tiquetage. Elles offrent une large gamme de formes et de designs qui se distinguent des \u00e9tiquettes rectangulaires ou carr\u00e9es traditionnelles. Ces \u00e9tiquettes offrent une grande souplesse de conception, am\u00e9liorent l&rsquo;attrait visuel des produits et soutiennent les efforts de marquage uniques.<\/p>\n\n    <\/div>\n<\/div>\n\n\n<div class=\"wp-block-atlpkg-tab\" >\n    <button class=\"md:hidden tab-label-mobile font-display w-full flex items-center justify-between border-b-2 py-4 text-left text-lg font-bold uppercase \"\n        role=\"tab\"\n        aria-selected=\"false\"\n        aria-controls=\"Caract\u00e9ristiques\"\n        tabindex=\"0\"\n    >\n        Caract\u00e9ristiques\n        <svg xmlns=\"http:\/\/www.w3.org\/2000\/svg\" fill=\"none\" viewBox=\"0 0 24 24\" stroke-width=\"1.5\" stroke=\"currentColor\" class=\"size-6\">\n            <path stroke-linecap=\"round\" stroke-linejoin=\"round\" d=\"m8.25 4.5 7.5 7.5-7.5 7.5\" \/>\n        <\/svg>\n    <\/button>\n    <div class=\"tab-panel py-6\" role=\"tabpanel\" tabindex=\"0\">\n        \n\n<ul class=\"wp-block-list\">\n<li><strong>Formes personnalis\u00e9es :<\/strong> Peut \u00eatre d\u00e9coup\u00e9 dans n&rsquo;importe quelle forme, offrant des possibilit\u00e9s de conception illimit\u00e9es pour un marquage unique.<\/li>\n\n\n\n<li><strong>Options \u00e9cologiques :<\/strong> Disponibles en mat\u00e9riaux recyclables et biod\u00e9gradables pour des solutions d&#8217;emballage durables. Consultez nos certifications !<\/li>\n\n\n\n<li><strong>Forte adh\u00e9rence :<\/strong> Con\u00e7u pour durer et r\u00e9sister au d\u00e9collement ou aux dommages, m\u00eame dans des environnements difficiles.<\/li>\n<\/ul>\n\n    <\/div>\n<\/div>\n\n\n<div class=\"wp-block-atlpkg-tab\" >\n    <button class=\"md:hidden tab-label-mobile font-display w-full flex items-center justify-between border-b-2 py-4 text-left text-lg font-bold uppercase \"\n        role=\"tab\"\n        aria-selected=\"false\"\n        aria-controls=\"Parfait pour\"\n        tabindex=\"0\"\n    >\n        Parfait pour\n        <svg xmlns=\"http:\/\/www.w3.org\/2000\/svg\" fill=\"none\" viewBox=\"0 0 24 24\" stroke-width=\"1.5\" stroke=\"currentColor\" class=\"size-6\">\n            <path stroke-linecap=\"round\" stroke-linejoin=\"round\" d=\"m8.25 4.5 7.5 7.5-7.5 7.5\" \/>\n        <\/svg>\n    <\/button>\n    <div class=\"tab-panel py-6\" role=\"tabpanel\" tabindex=\"0\">\n        \n\n\t<div class=\"grid grid-cols-2 sm:grid-cols-3 md:grid-cols-4 gap-x-6 gap-y-12 wp-block-atlpkg-gallery-caption\">\n\t\t\t\t\t<div class=\"flex flex-col items-center gap-3\">\n\t\t\t\t<img loading=\"lazy\" decoding=\"async\" width=\"122\" height=\"300\" src=\"https:\/\/atlantiquepackaging.com\/wp-content\/uploads\/2024\/08\/Wive-Bottle-122x300.png\" class=\"size-28 object-contain object-center aspect-square\" alt=\"\" srcset=\"https:\/\/atlantiquepackaging.com\/wp-content\/uploads\/2024\/08\/Wive-Bottle-122x300.png 122w, https:\/\/atlantiquepackaging.com\/wp-content\/uploads\/2024\/08\/Wive-Bottle-417x1024.png 417w, https:\/\/atlantiquepackaging.com\/wp-content\/uploads\/2024\/08\/Wive-Bottle-768x1885.png 768w, https:\/\/atlantiquepackaging.com\/wp-content\/uploads\/2024\/08\/Wive-Bottle-626x1536.png 626w, https:\/\/atlantiquepackaging.com\/wp-content\/uploads\/2024\/08\/Wive-Bottle-835x2048.png 835w, https:\/\/atlantiquepackaging.com\/wp-content\/uploads\/2024\/08\/Wive-Bottle.png 1000w\" sizes=\"(max-width: 122px) 100vw, 122px\" \/>\t\t\t\t<p class=\"text-blue-dianne-800 text-center\">Wine and Spirits Labels<\/p>\n\t\t\t<\/div>\n\t\t\t\t\t<div class=\"flex flex-col items-center gap-3\">\n\t\t\t\t<img loading=\"lazy\" decoding=\"async\" width=\"200\" height=\"300\" src=\"https:\/\/atlantiquepackaging.com\/wp-content\/uploads\/2024\/08\/glass-of-beer-8-200x300.png\" class=\"size-28 object-contain object-center aspect-square\" alt=\"\" srcset=\"https:\/\/atlantiquepackaging.com\/wp-content\/uploads\/2024\/08\/glass-of-beer-8-200x300.png 200w, https:\/\/atlantiquepackaging.com\/wp-content\/uploads\/2024\/08\/glass-of-beer-8-683x1024.png 683w, https:\/\/atlantiquepackaging.com\/wp-content\/uploads\/2024\/08\/glass-of-beer-8-768x1152.png 768w, https:\/\/atlantiquepackaging.com\/wp-content\/uploads\/2024\/08\/glass-of-beer-8-1024x1536.png 1024w, https:\/\/atlantiquepackaging.com\/wp-content\/uploads\/2024\/08\/glass-of-beer-8-1365x2048.png 1365w, https:\/\/atlantiquepackaging.com\/wp-content\/uploads\/2024\/08\/glass-of-beer-8.png 1400w\" sizes=\"(max-width: 200px) 100vw, 200px\" \/>\t\t\t\t<p class=\"text-blue-dianne-800 text-center\">Glass <\/p>\n\t\t\t<\/div>\n\t\t\t\t\t<div class=\"flex flex-col items-center gap-3\">\n\t\t\t\t<img loading=\"lazy\" decoding=\"async\" width=\"142\" height=\"300\" src=\"https:\/\/atlantiquepackaging.com\/wp-content\/uploads\/2024\/08\/nail-polish-bottle-142x300.png\" class=\"size-28 object-contain object-center aspect-square\" alt=\"\" srcset=\"https:\/\/atlantiquepackaging.com\/wp-content\/uploads\/2024\/08\/nail-polish-bottle-142x300.png 142w, https:\/\/atlantiquepackaging.com\/wp-content\/uploads\/2024\/08\/nail-polish-bottle-483x1024.png 483w, https:\/\/atlantiquepackaging.com\/wp-content\/uploads\/2024\/08\/nail-polish-bottle.png 517w\" sizes=\"(max-width: 142px) 100vw, 142px\" \/>\t\t\t\t<p class=\"text-blue-dianne-800 text-center\">Cosmetics (creams, lotions)<\/p>\n\t\t\t<\/div>\n\t\t\t\t\t<div class=\"flex flex-col items-center gap-3\">\n\t\t\t\t<img loading=\"lazy\" decoding=\"async\" width=\"212\" height=\"300\" src=\"https:\/\/atlantiquepackaging.com\/wp-content\/uploads\/2024\/08\/honey-jar-2-212x300.png\" class=\"size-28 object-contain object-center aspect-square\" alt=\"\" srcset=\"https:\/\/atlantiquepackaging.com\/wp-content\/uploads\/2024\/08\/honey-jar-2-212x300.png 212w, https:\/\/atlantiquepackaging.com\/wp-content\/uploads\/2024\/08\/honey-jar-2-722x1024.png 722w, https:\/\/atlantiquepackaging.com\/wp-content\/uploads\/2024\/08\/honey-jar-2-768x1089.png 768w, https:\/\/atlantiquepackaging.com\/wp-content\/uploads\/2024\/08\/honey-jar-2.png 952w\" sizes=\"(max-width: 212px) 100vw, 212px\" \/>\t\t\t\t<p class=\"text-blue-dianne-800 text-center\">Food Containers (jams, sauces, yogurt cups)<\/p>\n\t\t\t<\/div>\n\t\t\t<\/div>\n\n\n    <\/div>\n<\/div>\n    <\/div>\n<\/div>\n","protected":false},"excerpt":{"rendered":"","protected":false},"featured_media":1902,"template":"","class_list":["post-3302","product","type-product","status-publish","has-post-thumbnail","hentry"],"acf":[],"_links":{"self":[{"href":"https:\/\/atlantiquepackaging.com\/fr\/wp-json\/wp\/v2\/products\/3302","targetHints":{"allow":["GET"]}}],"collection":[{"href":"https:\/\/atlantiquepackaging.com\/fr\/wp-json\/wp\/v2\/products"}],"about":[{"href":"https:\/\/atlantiquepackaging.com\/fr\/wp-json\/wp\/v2\/types\/product"}],"version-history":[{"count":1,"href":"https:\/\/atlantiquepackaging.com\/fr\/wp-json\/wp\/v2\/products\/3302\/revisions"}],"predecessor-version":[{"id":3304,"href":"https:\/\/atlantiquepackaging.com\/fr\/wp-json\/wp\/v2\/products\/3302\/revisions\/3304"}],"wp:featuredmedia":[{"embeddable":true,"href":"https:\/\/atlantiquepackaging.com\/fr\/wp-json\/wp\/v2\/media\/1902"}],"wp:attachment":[{"href":"https:\/\/atlantiquepackaging.com\/fr\/wp-json\/wp\/v2\/media?parent=3302"}],"curies":[{"name":"wp","href":"https:\/\/api.w.org\/{rel}","templated":true}]}}