{"id":3306,"date":"2024-09-06T21:06:26","date_gmt":"2024-09-06T19:06:26","guid":{"rendered":"https:\/\/atlantiquepackaging.com\/product\/contact-alimentaire-direct-iml\/"},"modified":"2026-01-04T12:39:46","modified_gmt":"2026-01-04T11:39:46","slug":"contact-alimentaire-direct-iml","status":"publish","type":"product","link":"https:\/\/atlantiquepackaging.com\/fr\/product\/contact-alimentaire-direct-iml\/","title":{"rendered":"Contact alimentaire direct IML"},"content":{"rendered":"<div class=\"wp-block-atlpkg-tabs\">\n\n            <div class=\"hidden md:block\">\n            <div class=\"border-b border-gray-200\">\n                <nav class=\"tab-labels -mb-px flex\" aria-label=\"Tabs\">\n                                            <button class=\"tab-label border-b-2 px-10 py-4 text-center text-lg font-display font-bold uppercase active\"\n                            role=\"tab\"\n                            aria-selected=\"true\"\n                            aria-controls=\"Description\"\n                            tabindex=\"0\"\n                        >\n                            Description                        <\/button>\n                                            <button class=\"tab-label border-b-2 px-10 py-4 text-center text-lg font-display font-bold uppercase \"\n                            role=\"tab\"\n                            aria-selected=\"false\"\n                            aria-controls=\"Caract\u00e9ristiques\"\n                            tabindex=\"0\"\n                        >\n                            Caract\u00e9ristiques                        <\/button>\n                                            <button class=\"tab-label border-b-2 px-10 py-4 text-center text-lg font-display font-bold uppercase \"\n                            role=\"tab\"\n                            aria-selected=\"false\"\n                            aria-controls=\"Parfait pour\"\n                            tabindex=\"0\"\n                        >\n                            Parfait pour                        <\/button>\n                                    <\/nav>\n            <\/div>\n        <\/div>\n    \n    <div class=\"tab-content\">\n        \n\n<div class=\"wp-block-atlpkg-tab\" >\n    <button class=\"md:hidden tab-label-mobile font-display w-full flex items-center justify-between border-b-2 py-4 text-left text-lg font-bold uppercase active\"\n        role=\"tab\"\n        aria-selected=\"true\"\n        aria-controls=\"Description\"\n        tabindex=\"0\"\n    >\n        Description\n        <svg xmlns=\"http:\/\/www.w3.org\/2000\/svg\" fill=\"none\" viewBox=\"0 0 24 24\" stroke-width=\"1.5\" stroke=\"currentColor\" class=\"size-6\">\n            <path stroke-linecap=\"round\" stroke-linejoin=\"round\" d=\"m8.25 4.5 7.5 7.5-7.5 7.5\" \/>\n        <\/svg>\n    <\/button>\n    <div class=\"tab-panel py-6\" role=\"tabpanel\" tabindex=\"0\">\n        \n\n<p>Contact alimentaire direct Les \u00e9tiquettes IML (In-Mould Labels) sont sp\u00e9cifiquement con\u00e7ues pour \u00eatre en contact direct avec les produits alimentaires. Int\u00e9gr\u00e9es au cours du processus de moulage, ces \u00e9tiquettes offrent une solution transparente, hygi\u00e9nique et durable qui r\u00e9pond aux normes de s\u00e9curit\u00e9 alimentaire.<\/p>\n\n    <\/div>\n<\/div>\n\n\n<div class=\"wp-block-atlpkg-tab\" >\n    <button class=\"md:hidden tab-label-mobile font-display w-full flex items-center justify-between border-b-2 py-4 text-left text-lg font-bold uppercase \"\n        role=\"tab\"\n        aria-selected=\"false\"\n        aria-controls=\"Caract\u00e9ristiques\"\n        tabindex=\"0\"\n    >\n        Caract\u00e9ristiques\n        <svg xmlns=\"http:\/\/www.w3.org\/2000\/svg\" fill=\"none\" viewBox=\"0 0 24 24\" stroke-width=\"1.5\" stroke=\"currentColor\" class=\"size-6\">\n            <path stroke-linecap=\"round\" stroke-linejoin=\"round\" d=\"m8.25 4.5 7.5 7.5-7.5 7.5\" \/>\n        <\/svg>\n    <\/button>\n    <div class=\"tab-panel py-6\" role=\"tabpanel\" tabindex=\"0\">\n        \n\n<ul class=\"wp-block-list\">\n<li><strong>S\u00e9curit\u00e9 alimentaire :<\/strong> Fabriqu\u00e9 \u00e0 partir de mat\u00e9riaux et d&rsquo;encres conformes aux r\u00e9glementations en mati\u00e8re de s\u00e9curit\u00e9 alimentaire, il garantit un contact direct et s\u00fbr avec les aliments.<\/li>\n\n\n\n<li><strong>Int\u00e9gration transparente :<\/strong> Les \u00e9tiquettes sont int\u00e9gr\u00e9es lors du moulage, ce qui cr\u00e9e une surface lisse et ininterrompue, sans bords visibles.<\/li>\n\n\n\n<li><strong>Durable :<\/strong> R\u00e9sistant \u00e0 l&rsquo;humidit\u00e9, aux huiles et aux temp\u00e9ratures extr\u00eames, il maintient l&rsquo;int\u00e9grit\u00e9 de l&rsquo;\u00e9tiquette tout au long du cycle de vie du produit.<\/li>\n\n\n\n<li><strong>Impression de haute qualit\u00e9 :<\/strong> Des techniques d&rsquo;impression avanc\u00e9es permettent d&rsquo;obtenir des graphiques et des textes d\u00e9taill\u00e9s et \u00e9clatants qui restent clairs et lisibles.<\/li>\n<\/ul>\n\n    <\/div>\n<\/div>\n\n\n<div class=\"wp-block-atlpkg-tab\" >\n    <button class=\"md:hidden tab-label-mobile font-display w-full flex items-center justify-between border-b-2 py-4 text-left text-lg font-bold uppercase \"\n        role=\"tab\"\n        aria-selected=\"false\"\n        aria-controls=\"Parfait pour\"\n        tabindex=\"0\"\n    >\n        Parfait pour\n        <svg xmlns=\"http:\/\/www.w3.org\/2000\/svg\" fill=\"none\" viewBox=\"0 0 24 24\" stroke-width=\"1.5\" stroke=\"currentColor\" class=\"size-6\">\n            <path stroke-linecap=\"round\" stroke-linejoin=\"round\" d=\"m8.25 4.5 7.5 7.5-7.5 7.5\" \/>\n        <\/svg>\n    <\/button>\n    <div class=\"tab-panel py-6\" role=\"tabpanel\" tabindex=\"0\">\n        \n\n\t<div class=\"grid grid-cols-2 sm:grid-cols-3 md:grid-cols-4 gap-x-6 gap-y-12 wp-block-atlpkg-gallery-caption\">\n\t\t\t\t\t<div class=\"flex flex-col items-center gap-3\">\n\t\t\t\t<img loading=\"lazy\" decoding=\"async\" width=\"300\" height=\"171\" src=\"https:\/\/atlantiquepackaging.com\/wp-content\/uploads\/2024\/08\/cheese-3-1-300x171.png\" class=\"size-28 object-contain object-center aspect-square\" alt=\"\" srcset=\"https:\/\/atlantiquepackaging.com\/wp-content\/uploads\/2024\/08\/cheese-3-1-300x171.png 300w, https:\/\/atlantiquepackaging.com\/wp-content\/uploads\/2024\/08\/cheese-3-1-1024x582.png 1024w, https:\/\/atlantiquepackaging.com\/wp-content\/uploads\/2024\/08\/cheese-3-1-768x437.png 768w, https:\/\/atlantiquepackaging.com\/wp-content\/uploads\/2024\/08\/cheese-3-1-1536x873.png 1536w, https:\/\/atlantiquepackaging.com\/wp-content\/uploads\/2024\/08\/cheese-3-1.png 2000w\" sizes=\"(max-width: 300px) 100vw, 300px\" \/>\t\t\t\t<p class=\"text-blue-dianne-800 text-center\">Cheese<\/p>\n\t\t\t<\/div>\n\t\t\t\t\t<div class=\"flex flex-col items-center gap-3\">\n\t\t\t\t<img loading=\"lazy\" decoding=\"async\" width=\"300\" height=\"217\" src=\"https:\/\/atlantiquepackaging.com\/wp-content\/uploads\/2024\/06\/frozen-strawberry-300x217.jpg\" class=\"size-28 object-contain object-center aspect-square\" alt=\"\" srcset=\"https:\/\/atlantiquepackaging.com\/wp-content\/uploads\/2024\/06\/frozen-strawberry-300x217.jpg 300w, https:\/\/atlantiquepackaging.com\/wp-content\/uploads\/2024\/06\/frozen-strawberry.jpg 378w\" sizes=\"(max-width: 300px) 100vw, 300px\" \/>\t\t\t\t<p class=\"text-blue-dianne-800 text-center\">Frozen food<\/p>\n\t\t\t<\/div>\n\t\t\t\t\t<div class=\"flex flex-col items-center gap-3\">\n\t\t\t\t<img loading=\"lazy\" decoding=\"async\" width=\"260\" height=\"300\" src=\"https:\/\/atlantiquepackaging.com\/wp-content\/uploads\/2024\/08\/yogurt-plastic-cup-with-spoon-5E2oAV6-600-1-e1723222091549-260x300.jpeg\" class=\"size-28 object-contain object-center aspect-square\" alt=\"\" srcset=\"https:\/\/atlantiquepackaging.com\/wp-content\/uploads\/2024\/08\/yogurt-plastic-cup-with-spoon-5E2oAV6-600-1-e1723222091549-260x300.jpeg 260w, https:\/\/atlantiquepackaging.com\/wp-content\/uploads\/2024\/08\/yogurt-plastic-cup-with-spoon-5E2oAV6-600-1-e1723222091549.jpeg 414w\" sizes=\"(max-width: 260px) 100vw, 260px\" \/>\t\t\t\t<p class=\"text-blue-dianne-800 text-center\">Yogurt<\/p>\n\t\t\t<\/div>\n\t\t\t<\/div>\n\n\n    <\/div>\n<\/div>\n    <\/div>\n<\/div>\n","protected":false},"excerpt":{"rendered":"","protected":false},"featured_media":1964,"template":"","class_list":["post-3306","product","type-product","status-publish","has-post-thumbnail","hentry"],"acf":[],"_links":{"self":[{"href":"https:\/\/atlantiquepackaging.com\/fr\/wp-json\/wp\/v2\/products\/3306","targetHints":{"allow":["GET"]}}],"collection":[{"href":"https:\/\/atlantiquepackaging.com\/fr\/wp-json\/wp\/v2\/products"}],"about":[{"href":"https:\/\/atlantiquepackaging.com\/fr\/wp-json\/wp\/v2\/types\/product"}],"version-history":[{"count":1,"href":"https:\/\/atlantiquepackaging.com\/fr\/wp-json\/wp\/v2\/products\/3306\/revisions"}],"predecessor-version":[{"id":3307,"href":"https:\/\/atlantiquepackaging.com\/fr\/wp-json\/wp\/v2\/products\/3306\/revisions\/3307"}],"wp:featuredmedia":[{"embeddable":true,"href":"https:\/\/atlantiquepackaging.com\/fr\/wp-json\/wp\/v2\/media\/1964"}],"wp:attachment":[{"href":"https:\/\/atlantiquepackaging.com\/fr\/wp-json\/wp\/v2\/media?parent=3306"}],"curies":[{"name":"wp","href":"https:\/\/api.w.org\/{rel}","templated":true}]}}