{"id":3310,"date":"2024-09-21T16:31:00","date_gmt":"2024-09-21T14:31:00","guid":{"rendered":"https:\/\/atlantiquepackaging.com\/product\/sachet-de-papier-duplex-et-triplex\/"},"modified":"2026-01-04T12:24:46","modified_gmt":"2026-01-04T11:24:46","slug":"sachet-de-papier-duplex-et-triplex","status":"publish","type":"product","link":"https:\/\/atlantiquepackaging.com\/fr\/product\/sachet-de-papier-duplex-et-triplex\/","title":{"rendered":"SACHET DE PAPIER DUPLEX ET TRIPLEX"},"content":{"rendered":"<div class=\"wp-block-atlpkg-tabs\">\n\n            <div class=\"hidden md:block\">\n            <div class=\"border-b border-gray-200\">\n                <nav class=\"tab-labels -mb-px flex\" aria-label=\"Tabs\">\n                                            <button class=\"tab-label border-b-2 px-10 py-4 text-center text-lg font-display font-bold uppercase active\"\n                            role=\"tab\"\n                            aria-selected=\"true\"\n                            aria-controls=\"Description\"\n                            tabindex=\"0\"\n                        >\n                            Description                        <\/button>\n                                            <button class=\"tab-label border-b-2 px-10 py-4 text-center text-lg font-display font-bold uppercase \"\n                            role=\"tab\"\n                            aria-selected=\"false\"\n                            aria-controls=\"Caract\u00e9ristiques\"\n                            tabindex=\"0\"\n                        >\n                            Caract\u00e9ristiques                        <\/button>\n                                            <button class=\"tab-label border-b-2 px-10 py-4 text-center text-lg font-display font-bold uppercase \"\n                            role=\"tab\"\n                            aria-selected=\"false\"\n                            aria-controls=\"Parfait pour\"\n                            tabindex=\"0\"\n                        >\n                            Parfait pour                        <\/button>\n                                    <\/nav>\n            <\/div>\n        <\/div>\n    \n    <div class=\"tab-content\">\n        \n\n<div class=\"wp-block-atlpkg-tab\" >\n    <button class=\"md:hidden tab-label-mobile font-display w-full flex items-center justify-between border-b-2 py-4 text-left text-lg font-bold uppercase active\"\n        role=\"tab\"\n        aria-selected=\"true\"\n        aria-controls=\"Description\"\n        tabindex=\"0\"\n    >\n        Description\n        <svg xmlns=\"http:\/\/www.w3.org\/2000\/svg\" fill=\"none\" viewBox=\"0 0 24 24\" stroke-width=\"1.5\" stroke=\"currentColor\" class=\"size-6\">\n            <path stroke-linecap=\"round\" stroke-linejoin=\"round\" d=\"m8.25 4.5 7.5 7.5-7.5 7.5\" \/>\n        <\/svg>\n    <\/button>\n    <div class=\"tab-panel py-6\" role=\"tabpanel\" tabindex=\"0\">\n        \n\n<p>Les sachets duplex et triplex combinent l&rsquo;aspect naturel du papier avec la protection contre l&rsquo;humidit\u00e9 et la barri\u00e8re du poly\u00e9thyl\u00e8ne. Ces sachets sont id\u00e9aux pour conditionner une vari\u00e9t\u00e9 de produits tout en pr\u00e9servant leur fra\u00eecheur et en prolongeant leur dur\u00e9e de conservation.<\/p>\n\n    <\/div>\n<\/div>\n\n\n<div class=\"wp-block-atlpkg-tab\" >\n    <button class=\"md:hidden tab-label-mobile font-display w-full flex items-center justify-between border-b-2 py-4 text-left text-lg font-bold uppercase \"\n        role=\"tab\"\n        aria-selected=\"false\"\n        aria-controls=\"Caract\u00e9ristiques\"\n        tabindex=\"0\"\n    >\n        Caract\u00e9ristiques\n        <svg xmlns=\"http:\/\/www.w3.org\/2000\/svg\" fill=\"none\" viewBox=\"0 0 24 24\" stroke-width=\"1.5\" stroke=\"currentColor\" class=\"size-6\">\n            <path stroke-linecap=\"round\" stroke-linejoin=\"round\" d=\"m8.25 4.5 7.5 7.5-7.5 7.5\" \/>\n        <\/svg>\n    <\/button>\n    <div class=\"tab-panel py-6\" role=\"tabpanel\" tabindex=\"0\">\n        \n\n<ul class=\"wp-block-list\">\n<li><strong>Couches duplex et triplex :<\/strong> Les sachets duplex se composent de deux couches (papier + poly\u00e9thyl\u00e8ne), tandis que les sachets triplex ajoutent une couche suppl\u00e9mentaire pour am\u00e9liorer la durabilit\u00e9 et les propri\u00e9t\u00e9s de barri\u00e8re.<\/li>\n\n\n\n<li><strong>R\u00e9sistance \u00e0 l&rsquo;humidit\u00e9 :<\/strong> La couche de poly\u00e9thyl\u00e8ne prot\u00e8ge le contenu de l&rsquo;humidit\u00e9 et des contaminants externes.<\/li>\n\n\n\n<li><strong>Impression personnalisable :<\/strong> Options d&rsquo;impression de haute qualit\u00e9 pour la marque et les informations sur les produits, garantissant la visibilit\u00e9 en rayon.<\/li>\n\n\n\n<li><strong>Options \u00e9cologiques :<\/strong> Disponibles en mat\u00e9riaux recyclables ou biod\u00e9gradables pour soutenir les pratiques durables.<\/li>\n<\/ul>\n\n    <\/div>\n<\/div>\n\n\n<div class=\"wp-block-atlpkg-tab\" >\n    <button class=\"md:hidden tab-label-mobile font-display w-full flex items-center justify-between border-b-2 py-4 text-left text-lg font-bold uppercase \"\n        role=\"tab\"\n        aria-selected=\"false\"\n        aria-controls=\"Parfait pour\"\n        tabindex=\"0\"\n    >\n        Parfait pour\n        <svg xmlns=\"http:\/\/www.w3.org\/2000\/svg\" fill=\"none\" viewBox=\"0 0 24 24\" stroke-width=\"1.5\" stroke=\"currentColor\" class=\"size-6\">\n            <path stroke-linecap=\"round\" stroke-linejoin=\"round\" d=\"m8.25 4.5 7.5 7.5-7.5 7.5\" \/>\n        <\/svg>\n    <\/button>\n    <div class=\"tab-panel py-6\" role=\"tabpanel\" tabindex=\"0\">\n        \n\n\t<div class=\"grid grid-cols-2 sm:grid-cols-3 md:grid-cols-4 gap-x-6 gap-y-12 wp-block-atlpkg-gallery-caption\">\n\t\t\t\t\t<div class=\"flex flex-col items-center gap-3\">\n\t\t\t\t<img loading=\"lazy\" decoding=\"async\" width=\"300\" height=\"273\" src=\"https:\/\/atlantiquepackaging.com\/wp-content\/uploads\/2024\/08\/pngimg.com-ketchup_PNG62-300x273.png\" class=\"size-28 object-contain object-center aspect-square\" alt=\"\" srcset=\"https:\/\/atlantiquepackaging.com\/wp-content\/uploads\/2024\/08\/pngimg.com-ketchup_PNG62-300x273.png 300w, https:\/\/atlantiquepackaging.com\/wp-content\/uploads\/2024\/08\/pngimg.com-ketchup_PNG62-1024x933.png 1024w, https:\/\/atlantiquepackaging.com\/wp-content\/uploads\/2024\/08\/pngimg.com-ketchup_PNG62-768x700.png 768w, https:\/\/atlantiquepackaging.com\/wp-content\/uploads\/2024\/08\/pngimg.com-ketchup_PNG62.png 1300w\" sizes=\"(max-width: 300px) 100vw, 300px\" \/>\t\t\t\t<p class=\"text-blue-dianne-800 text-center\">Single-Serve Condiments (ketchup, mustard, sauces)<\/p>\n\t\t\t<\/div>\n\t\t\t\t\t<div class=\"flex flex-col items-center gap-3\">\n\t\t\t\t<img loading=\"lazy\" decoding=\"async\" width=\"284\" height=\"300\" src=\"https:\/\/atlantiquepackaging.com\/wp-content\/uploads\/2024\/08\/Cream_cosmetic-284x300.png\" class=\"size-28 object-contain object-center aspect-square\" alt=\"\" srcset=\"https:\/\/atlantiquepackaging.com\/wp-content\/uploads\/2024\/08\/Cream_cosmetic-284x300.png 284w, https:\/\/atlantiquepackaging.com\/wp-content\/uploads\/2024\/08\/Cream_cosmetic-768x812.png 768w, https:\/\/atlantiquepackaging.com\/wp-content\/uploads\/2024\/08\/Cream_cosmetic.png 817w\" sizes=\"(max-width: 284px) 100vw, 284px\" \/>\t\t\t\t<p class=\"text-blue-dianne-800 text-center\">Cosmetics<\/p>\n\t\t\t<\/div>\n\t\t\t\t\t<div class=\"flex flex-col items-center gap-3\">\n\t\t\t\t<img loading=\"lazy\" decoding=\"async\" width=\"300\" height=\"225\" src=\"https:\/\/atlantiquepackaging.com\/wp-content\/uploads\/2024\/08\/tablets-2-300x225.png\" class=\"size-28 object-contain object-center aspect-square\" alt=\"\" srcset=\"https:\/\/atlantiquepackaging.com\/wp-content\/uploads\/2024\/08\/tablets-2-300x225.png 300w, https:\/\/atlantiquepackaging.com\/wp-content\/uploads\/2024\/08\/tablets-2-1024x769.png 1024w, https:\/\/atlantiquepackaging.com\/wp-content\/uploads\/2024\/08\/tablets-2-768x577.png 768w, https:\/\/atlantiquepackaging.com\/wp-content\/uploads\/2024\/08\/tablets-2.png 1500w\" sizes=\"(max-width: 300px) 100vw, 300px\" \/>\t\t\t\t<p class=\"text-blue-dianne-800 text-center\">Pharmaceuticals (tablets, capsules)<\/p>\n\t\t\t<\/div>\n\t\t\t\t\t<div class=\"flex flex-col items-center gap-3\">\n\t\t\t\t<img loading=\"lazy\" decoding=\"async\" width=\"300\" height=\"245\" src=\"https:\/\/atlantiquepackaging.com\/wp-content\/uploads\/2024\/07\/Red-Pepper-300x245.png\" class=\"size-28 object-contain object-center aspect-square\" alt=\"\" srcset=\"https:\/\/atlantiquepackaging.com\/wp-content\/uploads\/2024\/07\/Red-Pepper-300x245.png 300w, https:\/\/atlantiquepackaging.com\/wp-content\/uploads\/2024\/07\/Red-Pepper-1024x835.png 1024w, https:\/\/atlantiquepackaging.com\/wp-content\/uploads\/2024\/07\/Red-Pepper-768x626.png 768w, https:\/\/atlantiquepackaging.com\/wp-content\/uploads\/2024\/07\/Red-Pepper.png 1134w\" sizes=\"(max-width: 300px) 100vw, 300px\" \/>\t\t\t\t<p class=\"text-blue-dianne-800 text-center\">Powders (Spices, Baking Soda&#8230;)<\/p>\n\t\t\t<\/div>\n\t\t\t<\/div>\n\n\n    <\/div>\n<\/div>\n    <\/div>\n<\/div>\n","protected":false},"excerpt":{"rendered":"","protected":false},"featured_media":2735,"template":"","class_list":["post-3310","product","type-product","status-publish","has-post-thumbnail","hentry"],"acf":[],"_links":{"self":[{"href":"https:\/\/atlantiquepackaging.com\/fr\/wp-json\/wp\/v2\/products\/3310","targetHints":{"allow":["GET"]}}],"collection":[{"href":"https:\/\/atlantiquepackaging.com\/fr\/wp-json\/wp\/v2\/products"}],"about":[{"href":"https:\/\/atlantiquepackaging.com\/fr\/wp-json\/wp\/v2\/types\/product"}],"version-history":[{"count":1,"href":"https:\/\/atlantiquepackaging.com\/fr\/wp-json\/wp\/v2\/products\/3310\/revisions"}],"predecessor-version":[{"id":3311,"href":"https:\/\/atlantiquepackaging.com\/fr\/wp-json\/wp\/v2\/products\/3310\/revisions\/3311"}],"wp:featuredmedia":[{"embeddable":true,"href":"https:\/\/atlantiquepackaging.com\/fr\/wp-json\/wp\/v2\/media\/2735"}],"wp:attachment":[{"href":"https:\/\/atlantiquepackaging.com\/fr\/wp-json\/wp\/v2\/media?parent=3310"}],"curies":[{"name":"wp","href":"https:\/\/api.w.org\/{rel}","templated":true}]}}