{"id":3312,"date":"2024-09-06T20:00:53","date_gmt":"2024-09-06T18:00:53","guid":{"rendered":"https:\/\/atlantiquepackaging.com\/product\/pas-detiquette\/"},"modified":"2026-01-04T12:25:00","modified_gmt":"2026-01-04T11:25:00","slug":"pas-detiquette","status":"publish","type":"product","link":"https:\/\/atlantiquepackaging.com\/fr\/product\/pas-detiquette\/","title":{"rendered":"\u00c9tiquette \u00ab\u00a0No label look\u00a0\u00bb"},"content":{"rendered":"<div class=\"wp-block-atlpkg-tabs\">\n\n            <div class=\"hidden md:block\">\n            <div class=\"border-b border-gray-200\">\n                <nav class=\"tab-labels -mb-px flex\" aria-label=\"Tabs\">\n                                            <button class=\"tab-label border-b-2 px-10 py-4 text-center text-lg font-display font-bold uppercase active\"\n                            role=\"tab\"\n                            aria-selected=\"true\"\n                            aria-controls=\"Description\"\n                            tabindex=\"0\"\n                        >\n                            Description                        <\/button>\n                                            <button class=\"tab-label border-b-2 px-10 py-4 text-center text-lg font-display font-bold uppercase \"\n                            role=\"tab\"\n                            aria-selected=\"false\"\n                            aria-controls=\"Caract\u00e9ristiques\"\n                            tabindex=\"0\"\n                        >\n                            Caract\u00e9ristiques                        <\/button>\n                                            <button class=\"tab-label border-b-2 px-10 py-4 text-center text-lg font-display font-bold uppercase \"\n                            role=\"tab\"\n                            aria-selected=\"false\"\n                            aria-controls=\"Parfait pour\"\n                            tabindex=\"0\"\n                        >\n                            Parfait pour                        <\/button>\n                                    <\/nav>\n            <\/div>\n        <\/div>\n    \n    <div class=\"tab-content\">\n        \n\n<div class=\"wp-block-atlpkg-tab\" >\n    <button class=\"md:hidden tab-label-mobile font-display w-full flex items-center justify-between border-b-2 py-4 text-left text-lg font-bold uppercase active\"\n        role=\"tab\"\n        aria-selected=\"true\"\n        aria-controls=\"Description\"\n        tabindex=\"0\"\n    >\n        Description\n        <svg xmlns=\"http:\/\/www.w3.org\/2000\/svg\" fill=\"none\" viewBox=\"0 0 24 24\" stroke-width=\"1.5\" stroke=\"currentColor\" class=\"size-6\">\n            <path stroke-linecap=\"round\" stroke-linejoin=\"round\" d=\"m8.25 4.5 7.5 7.5-7.5 7.5\" \/>\n        <\/svg>\n    <\/button>\n    <div class=\"tab-panel py-6\" role=\"tabpanel\" tabindex=\"0\">\n        \n\n<p>Les \u00e9tiquettes dans le moule sont con\u00e7ues pour donner l&rsquo;impression qu&rsquo;il n&rsquo;y a pas d&rsquo;\u00e9tiquette du tout, l&rsquo;\u00e9tiquette \u00e9tant int\u00e9gr\u00e9e de mani\u00e8re transparente dans le r\u00e9cipient au cours du processus de moulage. Il en r\u00e9sulte une finition \u00e9l\u00e9gante et de haute qualit\u00e9, avec un aspect propre et ininterrompu. <\/p>\n\n    <\/div>\n<\/div>\n\n\n<div class=\"wp-block-atlpkg-tab\" >\n    <button class=\"md:hidden tab-label-mobile font-display w-full flex items-center justify-between border-b-2 py-4 text-left text-lg font-bold uppercase \"\n        role=\"tab\"\n        aria-selected=\"false\"\n        aria-controls=\"Caract\u00e9ristiques\"\n        tabindex=\"0\"\n    >\n        Caract\u00e9ristiques\n        <svg xmlns=\"http:\/\/www.w3.org\/2000\/svg\" fill=\"none\" viewBox=\"0 0 24 24\" stroke-width=\"1.5\" stroke=\"currentColor\" class=\"size-6\">\n            <path stroke-linecap=\"round\" stroke-linejoin=\"round\" d=\"m8.25 4.5 7.5 7.5-7.5 7.5\" \/>\n        <\/svg>\n    <\/button>\n    <div class=\"tab-panel py-6\" role=\"tabpanel\" tabindex=\"0\">\n        \n\n<ul class=\"wp-block-list\">\n<li><strong>Int\u00e9gration invisible :<\/strong> Les \u00e9tiquettes sont moul\u00e9es dans le conteneur, cr\u00e9ant une surface lisse et sans couture, sans bords visibles.<\/li>\n\n\n\n<li><strong>Durable et de longue dur\u00e9e :<\/strong> R\u00e9sistant aux rayures, \u00e0 la d\u00e9coloration et \u00e0 l&rsquo;\u00e9caillage, le produit conserve son aspect haut de gamme au fil du temps.<\/li>\n\n\n\n<li><strong>Impression de haute qualit\u00e9 :<\/strong> Permet d&rsquo;obtenir des graphiques et des textes d\u00e9taill\u00e9s et \u00e9clatants, sans risque de d\u00e9t\u00e9rioration de l&rsquo;\u00e9tiquette.<\/li>\n\n\n\n<li><strong>Fabrication efficace :<\/strong> L&rsquo;\u00e9tiquetage est int\u00e9gr\u00e9 directement dans le processus de production, ce qui am\u00e9liore l&rsquo;efficacit\u00e9 et r\u00e9duit les \u00e9tapes de post-production.<\/li>\n<\/ul>\n\n    <\/div>\n<\/div>\n\n\n<div class=\"wp-block-atlpkg-tab\" >\n    <button class=\"md:hidden tab-label-mobile font-display w-full flex items-center justify-between border-b-2 py-4 text-left text-lg font-bold uppercase \"\n        role=\"tab\"\n        aria-selected=\"false\"\n        aria-controls=\"Parfait pour\"\n        tabindex=\"0\"\n    >\n        Parfait pour\n        <svg xmlns=\"http:\/\/www.w3.org\/2000\/svg\" fill=\"none\" viewBox=\"0 0 24 24\" stroke-width=\"1.5\" stroke=\"currentColor\" class=\"size-6\">\n            <path stroke-linecap=\"round\" stroke-linejoin=\"round\" d=\"m8.25 4.5 7.5 7.5-7.5 7.5\" \/>\n        <\/svg>\n    <\/button>\n    <div class=\"tab-panel py-6\" role=\"tabpanel\" tabindex=\"0\">\n        \n\n\t<div class=\"grid grid-cols-2 sm:grid-cols-3 md:grid-cols-4 gap-x-6 gap-y-12 wp-block-atlpkg-gallery-caption\">\n\t\t\t\t\t<div class=\"flex flex-col items-center gap-3\">\n\t\t\t\t<img loading=\"lazy\" decoding=\"async\" width=\"300\" height=\"225\" src=\"https:\/\/atlantiquepackaging.com\/wp-content\/uploads\/2024\/09\/juice-22-300x225.png\" class=\"size-28 object-contain object-center aspect-square\" alt=\"\" srcset=\"https:\/\/atlantiquepackaging.com\/wp-content\/uploads\/2024\/09\/juice-22-300x225.png 300w, https:\/\/atlantiquepackaging.com\/wp-content\/uploads\/2024\/09\/juice-22.png 500w\" sizes=\"(max-width: 300px) 100vw, 300px\" \/>\t\t\t\t<p class=\"text-blue-dianne-800 text-center\">Beverages, Juice&#8230;<\/p>\n\t\t\t<\/div>\n\t\t\t\t\t<div class=\"flex flex-col items-center gap-3\">\n\t\t\t\t<img loading=\"lazy\" decoding=\"async\" width=\"142\" height=\"300\" src=\"https:\/\/atlantiquepackaging.com\/wp-content\/uploads\/2024\/08\/nail-polish-bottle-142x300.png\" class=\"size-28 object-contain object-center aspect-square\" alt=\"\" srcset=\"https:\/\/atlantiquepackaging.com\/wp-content\/uploads\/2024\/08\/nail-polish-bottle-142x300.png 142w, https:\/\/atlantiquepackaging.com\/wp-content\/uploads\/2024\/08\/nail-polish-bottle-483x1024.png 483w, https:\/\/atlantiquepackaging.com\/wp-content\/uploads\/2024\/08\/nail-polish-bottle.png 517w\" sizes=\"(max-width: 142px) 100vw, 142px\" \/>\t\t\t\t<p class=\"text-blue-dianne-800 text-center\">Cosmetics (creams, lotions)<\/p>\n\t\t\t<\/div>\n\t\t\t\t\t<div class=\"flex flex-col items-center gap-3\">\n\t\t\t\t<img loading=\"lazy\" decoding=\"async\" width=\"212\" height=\"300\" src=\"https:\/\/atlantiquepackaging.com\/wp-content\/uploads\/2024\/08\/honey-jar-2-212x300.png\" class=\"size-28 object-contain object-center aspect-square\" alt=\"\" srcset=\"https:\/\/atlantiquepackaging.com\/wp-content\/uploads\/2024\/08\/honey-jar-2-212x300.png 212w, https:\/\/atlantiquepackaging.com\/wp-content\/uploads\/2024\/08\/honey-jar-2-722x1024.png 722w, https:\/\/atlantiquepackaging.com\/wp-content\/uploads\/2024\/08\/honey-jar-2-768x1089.png 768w, https:\/\/atlantiquepackaging.com\/wp-content\/uploads\/2024\/08\/honey-jar-2.png 952w\" sizes=\"(max-width: 212px) 100vw, 212px\" \/>\t\t\t\t<p class=\"text-blue-dianne-800 text-center\">Food Containers (jams, sauces, yogurt cups)<\/p>\n\t\t\t<\/div>\n\t\t\t\t\t<div class=\"flex flex-col items-center gap-3\">\n\t\t\t\t<img loading=\"lazy\" decoding=\"async\" width=\"300\" height=\"254\" src=\"https:\/\/atlantiquepackaging.com\/wp-content\/uploads\/2024\/08\/pngtree-lip-balm-tube-mockup-png-image_4756455-300x254.png\" class=\"size-28 object-contain object-center aspect-square\" alt=\"\" srcset=\"https:\/\/atlantiquepackaging.com\/wp-content\/uploads\/2024\/08\/pngtree-lip-balm-tube-mockup-png-image_4756455-300x254.png 300w, https:\/\/atlantiquepackaging.com\/wp-content\/uploads\/2024\/08\/pngtree-lip-balm-tube-mockup-png-image_4756455.png 427w\" sizes=\"(max-width: 300px) 100vw, 300px\" \/>\t\t\t\t<p class=\"text-blue-dianne-800 text-center\">Cosmetics (lip balms, small skincare products)<\/p>\n\t\t\t<\/div>\n\t\t\t<\/div>\n\n\n    <\/div>\n<\/div>\n    <\/div>\n<\/div>\n","protected":false},"excerpt":{"rendered":"","protected":false},"featured_media":1111,"template":"","class_list":["post-3312","product","type-product","status-publish","has-post-thumbnail","hentry"],"acf":[],"_links":{"self":[{"href":"https:\/\/atlantiquepackaging.com\/fr\/wp-json\/wp\/v2\/products\/3312","targetHints":{"allow":["GET"]}}],"collection":[{"href":"https:\/\/atlantiquepackaging.com\/fr\/wp-json\/wp\/v2\/products"}],"about":[{"href":"https:\/\/atlantiquepackaging.com\/fr\/wp-json\/wp\/v2\/types\/product"}],"version-history":[{"count":7,"href":"https:\/\/atlantiquepackaging.com\/fr\/wp-json\/wp\/v2\/products\/3312\/revisions"}],"predecessor-version":[{"id":5305,"href":"https:\/\/atlantiquepackaging.com\/fr\/wp-json\/wp\/v2\/products\/3312\/revisions\/5305"}],"wp:featuredmedia":[{"embeddable":true,"href":"https:\/\/atlantiquepackaging.com\/fr\/wp-json\/wp\/v2\/media\/1111"}],"wp:attachment":[{"href":"https:\/\/atlantiquepackaging.com\/fr\/wp-json\/wp\/v2\/media?parent=3312"}],"curies":[{"name":"wp","href":"https:\/\/api.w.org\/{rel}","templated":true}]}}