{"id":3346,"date":"2024-08-08T19:24:52","date_gmt":"2024-08-08T17:24:52","guid":{"rendered":"https:\/\/atlantiquepackaging.com\/product\/pochette-en-papier-a-fond-plat\/"},"modified":"2024-11-27T11:35:51","modified_gmt":"2024-11-27T10:35:51","slug":"pochette-en-papier-a-fond-plat","status":"publish","type":"product","link":"https:\/\/atlantiquepackaging.com\/fr\/product\/pochette-en-papier-a-fond-plat\/","title":{"rendered":"Pochette en papier \u00e0 fond plat"},"content":{"rendered":"<div class=\"wp-block-atlpkg-tabs\">\n\n            <div class=\"hidden md:block\">\n            <div class=\"border-b border-gray-200\">\n                <nav class=\"tab-labels -mb-px flex\" aria-label=\"Tabs\">\n                                            <button class=\"tab-label border-b-2 px-10 py-4 text-center text-lg font-display font-bold uppercase active\"\n                            role=\"tab\"\n                            aria-selected=\"true\"\n                            aria-controls=\"Description\"\n                            tabindex=\"0\"\n                        >\n                            Description                        <\/button>\n                                            <button class=\"tab-label border-b-2 px-10 py-4 text-center text-lg font-display font-bold uppercase \"\n                            role=\"tab\"\n                            aria-selected=\"false\"\n                            aria-controls=\"Caract\u00e9ristiques\"\n                            tabindex=\"0\"\n                        >\n                            Caract\u00e9ristiques                        <\/button>\n                                            <button class=\"tab-label border-b-2 px-10 py-4 text-center text-lg font-display font-bold uppercase \"\n                            role=\"tab\"\n                            aria-selected=\"false\"\n                            aria-controls=\"Parfait pour\"\n                            tabindex=\"0\"\n                        >\n                            Parfait pour                        <\/button>\n                                    <\/nav>\n            <\/div>\n        <\/div>\n    \n    <div class=\"tab-content\">\n        \n\n<div class=\"wp-block-atlpkg-tab\" >\n    <button class=\"md:hidden tab-label-mobile font-display w-full flex items-center justify-between border-b-2 py-4 text-left text-lg font-bold uppercase active\"\n        role=\"tab\"\n        aria-selected=\"true\"\n        aria-controls=\"Description\"\n        tabindex=\"0\"\n    >\n        Description\n        <svg xmlns=\"http:\/\/www.w3.org\/2000\/svg\" fill=\"none\" viewBox=\"0 0 24 24\" stroke-width=\"1.5\" stroke=\"currentColor\" class=\"size-6\">\n            <path stroke-linecap=\"round\" stroke-linejoin=\"round\" d=\"m8.25 4.5 7.5 7.5-7.5 7.5\" \/>\n        <\/svg>\n    <\/button>\n    <div class=\"tab-panel py-6\" role=\"tabpanel\" tabindex=\"0\">\n        \n\n<p>La pochette en papier \u00e0 fond plat est une solution d&#8217;emballage polyvalente et solide qui allie la praticit\u00e9 d&rsquo;une bo\u00eete \u00e0 la flexibilit\u00e9 d&rsquo;une pochette. Sa conception \u00e0 fond plat lui permet de se tenir debout sur les \u00e9tag\u00e8res, ce qui lui conf\u00e8re une excellente stabilit\u00e9 et un aspect haut de gamme. Ce type de pochette est id\u00e9al pour les produits qui ont besoin d&rsquo;un emballage solide et durable, tout en offrant une grande visibilit\u00e9 dans les rayons.  <\/p>\n\n    <\/div>\n<\/div>\n\n\n<div class=\"wp-block-atlpkg-tab\" >\n    <button class=\"md:hidden tab-label-mobile font-display w-full flex items-center justify-between border-b-2 py-4 text-left text-lg font-bold uppercase \"\n        role=\"tab\"\n        aria-selected=\"false\"\n        aria-controls=\"Caract\u00e9ristiques\"\n        tabindex=\"0\"\n    >\n        Caract\u00e9ristiques\n        <svg xmlns=\"http:\/\/www.w3.org\/2000\/svg\" fill=\"none\" viewBox=\"0 0 24 24\" stroke-width=\"1.5\" stroke=\"currentColor\" class=\"size-6\">\n            <path stroke-linecap=\"round\" stroke-linejoin=\"round\" d=\"m8.25 4.5 7.5 7.5-7.5 7.5\" \/>\n        <\/svg>\n    <\/button>\n    <div class=\"tab-panel py-6\" role=\"tabpanel\" tabindex=\"0\">\n        \n\n<ul class=\"wp-block-list\">\n<li><strong>Fond en bloc stable :<\/strong> La structure du fond en blocs permet \u00e0 la pochette de se tenir debout, ce qui la rend id\u00e9ale pour les pr\u00e9sentoirs de vente au d\u00e9tail et facile \u00e0 remplir.<\/li>\n\n\n\n<li><strong>Mat\u00e9riaux durables :<\/strong> G\u00e9n\u00e9ralement fabriqu\u00e9s \u00e0 partir de papier kraft ou de papier recycl\u00e9, avec des options de couches barri\u00e8res respectueuses de l&rsquo;environnement.<\/li>\n\n\n\n<li><strong>Conception personnalisable :<\/strong> Peut \u00eatre imprim\u00e9 avec des graphiques et des marques personnalis\u00e9s, et peut inclure des caract\u00e9ristiques telles que des fermetures \u00e0 glissi\u00e8re refermables ou des fen\u00eatres transparentes.<\/li>\n<\/ul>\n\n    <\/div>\n<\/div>\n\n\n<div class=\"wp-block-atlpkg-tab\" >\n    <button class=\"md:hidden tab-label-mobile font-display w-full flex items-center justify-between border-b-2 py-4 text-left text-lg font-bold uppercase \"\n        role=\"tab\"\n        aria-selected=\"false\"\n        aria-controls=\"Parfait pour\"\n        tabindex=\"0\"\n    >\n        Parfait pour\n        <svg xmlns=\"http:\/\/www.w3.org\/2000\/svg\" fill=\"none\" viewBox=\"0 0 24 24\" stroke-width=\"1.5\" stroke=\"currentColor\" class=\"size-6\">\n            <path stroke-linecap=\"round\" stroke-linejoin=\"round\" d=\"m8.25 4.5 7.5 7.5-7.5 7.5\" \/>\n        <\/svg>\n    <\/button>\n    <div class=\"tab-panel py-6\" role=\"tabpanel\" tabindex=\"0\">\n        \n\n\t<div class=\"grid grid-cols-2 sm:grid-cols-3 md:grid-cols-4 gap-x-6 gap-y-12 wp-block-atlpkg-gallery-caption\">\n\t\t\t\t\t<div class=\"flex flex-col items-center gap-3\">\n\t\t\t\t<img loading=\"lazy\" decoding=\"async\" width=\"300\" height=\"250\" src=\"https:\/\/atlantiquepackaging.com\/wp-content\/uploads\/2024\/08\/flour-4-300x250.png\" class=\"size-28 object-contain object-center aspect-square\" alt=\"\" srcset=\"https:\/\/atlantiquepackaging.com\/wp-content\/uploads\/2024\/08\/flour-4-300x250.png 300w, https:\/\/atlantiquepackaging.com\/wp-content\/uploads\/2024\/08\/flour-4-1024x855.png 1024w, https:\/\/atlantiquepackaging.com\/wp-content\/uploads\/2024\/08\/flour-4-768x641.png 768w, https:\/\/atlantiquepackaging.com\/wp-content\/uploads\/2024\/08\/flour-4.png 1181w\" sizes=\"(max-width: 300px) 100vw, 300px\" \/>\t\t\t\t<p class=\"text-blue-dianne-800 text-center\">Flour<\/p>\n\t\t\t<\/div>\n\t\t\t\t\t<div class=\"flex flex-col items-center gap-3\">\n\t\t\t\t<img loading=\"lazy\" decoding=\"async\" width=\"300\" height=\"169\" src=\"https:\/\/atlantiquepackaging.com\/wp-content\/uploads\/2024\/08\/coffee-powder-300x169.png\" class=\"size-28 object-contain object-center aspect-square\" alt=\"\" srcset=\"https:\/\/atlantiquepackaging.com\/wp-content\/uploads\/2024\/08\/coffee-powder-300x169.png 300w, https:\/\/atlantiquepackaging.com\/wp-content\/uploads\/2024\/08\/coffee-powder-1024x575.png 1024w, https:\/\/atlantiquepackaging.com\/wp-content\/uploads\/2024\/08\/coffee-powder-768x432.png 768w, https:\/\/atlantiquepackaging.com\/wp-content\/uploads\/2024\/08\/coffee-powder.png 1500w\" sizes=\"(max-width: 300px) 100vw, 300px\" \/>\t\t\t\t<p class=\"text-blue-dianne-800 text-center\">Ground Coffee<\/p>\n\t\t\t<\/div>\n\t\t\t\t\t<div class=\"flex flex-col items-center gap-3\">\n\t\t\t\t<img loading=\"lazy\" decoding=\"async\" width=\"275\" height=\"300\" src=\"https:\/\/atlantiquepackaging.com\/wp-content\/uploads\/2024\/08\/rice-17-275x300.png\" class=\"size-28 object-contain object-center aspect-square\" alt=\"\" srcset=\"https:\/\/atlantiquepackaging.com\/wp-content\/uploads\/2024\/08\/rice-17-275x300.png 275w, https:\/\/atlantiquepackaging.com\/wp-content\/uploads\/2024\/08\/rice-17.png 641w\" sizes=\"(max-width: 275px) 100vw, 275px\" \/>\t\t\t\t<p class=\"text-blue-dianne-800 text-center\">Rice, Grains<\/p>\n\t\t\t<\/div>\n\t\t\t\t\t<div class=\"flex flex-col items-center gap-3\">\n\t\t\t\t<img loading=\"lazy\" decoding=\"async\" width=\"300\" height=\"292\" src=\"https:\/\/atlantiquepackaging.com\/wp-content\/uploads\/2024\/07\/Coffee-Beans-300x292.png\" class=\"size-28 object-contain object-center aspect-square\" alt=\"\" srcset=\"https:\/\/atlantiquepackaging.com\/wp-content\/uploads\/2024\/07\/Coffee-Beans-300x292.png 300w, https:\/\/atlantiquepackaging.com\/wp-content\/uploads\/2024\/07\/Coffee-Beans.png 662w\" sizes=\"(max-width: 300px) 100vw, 300px\" \/>\t\t\t\t<p class=\"text-blue-dianne-800 text-center\">Coffee, Beans<\/p>\n\t\t\t<\/div>\n\t\t\t<\/div>\n\n\n    <\/div>\n<\/div>\n    <\/div>\n<\/div>\n","protected":false},"excerpt":{"rendered":"","protected":false},"featured_media":1049,"template":"","class_list":["post-3346","product","type-product","status-publish","has-post-thumbnail","hentry"],"acf":[],"_links":{"self":[{"href":"https:\/\/atlantiquepackaging.com\/fr\/wp-json\/wp\/v2\/products\/3346","targetHints":{"allow":["GET"]}}],"collection":[{"href":"https:\/\/atlantiquepackaging.com\/fr\/wp-json\/wp\/v2\/products"}],"about":[{"href":"https:\/\/atlantiquepackaging.com\/fr\/wp-json\/wp\/v2\/types\/product"}],"version-history":[{"count":3,"href":"https:\/\/atlantiquepackaging.com\/fr\/wp-json\/wp\/v2\/products\/3346\/revisions"}],"predecessor-version":[{"id":3578,"href":"https:\/\/atlantiquepackaging.com\/fr\/wp-json\/wp\/v2\/products\/3346\/revisions\/3578"}],"wp:featuredmedia":[{"embeddable":true,"href":"https:\/\/atlantiquepackaging.com\/fr\/wp-json\/wp\/v2\/media\/1049"}],"wp:attachment":[{"href":"https:\/\/atlantiquepackaging.com\/fr\/wp-json\/wp\/v2\/media?parent=3346"}],"curies":[{"name":"wp","href":"https:\/\/api.w.org\/{rel}","templated":true}]}}