{"id":3350,"date":"2024-08-10T13:07:35","date_gmt":"2024-08-10T11:07:35","guid":{"rendered":"https:\/\/atlantiquepackaging.com\/product\/etiquette-adhesive-de-scellement-du-couvercle\/"},"modified":"2024-11-25T16:28:01","modified_gmt":"2024-11-25T15:28:01","slug":"etiquette-adhesive-de-scellement-du-couvercle","status":"publish","type":"product","link":"https:\/\/atlantiquepackaging.com\/fr\/product\/etiquette-adhesive-de-scellement-du-couvercle\/","title":{"rendered":"\u00c9tiquette adh\u00e9sive de scellement du couvercle"},"content":{"rendered":"<div class=\"wp-block-atlpkg-tabs\">\n\n            <div class=\"hidden md:block\">\n            <div class=\"border-b border-gray-200\">\n                <nav class=\"tab-labels -mb-px flex\" aria-label=\"Tabs\">\n                                            <button class=\"tab-label border-b-2 px-10 py-4 text-center text-lg font-display font-bold uppercase active\"\n                            role=\"tab\"\n                            aria-selected=\"true\"\n                            aria-controls=\"Description\"\n                            tabindex=\"0\"\n                        >\n                            Description                        <\/button>\n                                            <button class=\"tab-label border-b-2 px-10 py-4 text-center text-lg font-display font-bold uppercase \"\n                            role=\"tab\"\n                            aria-selected=\"false\"\n                            aria-controls=\"Caract\u00e9ristiques\"\n                            tabindex=\"0\"\n                        >\n                            Caract\u00e9ristiques                        <\/button>\n                                            <button class=\"tab-label border-b-2 px-10 py-4 text-center text-lg font-display font-bold uppercase \"\n                            role=\"tab\"\n                            aria-selected=\"false\"\n                            aria-controls=\"Parfait pour\"\n                            tabindex=\"0\"\n                        >\n                            Parfait pour                        <\/button>\n                                    <\/nav>\n            <\/div>\n        <\/div>\n    \n    <div class=\"tab-content\">\n        \n\n<div class=\"wp-block-atlpkg-tab\" >\n    <button class=\"md:hidden tab-label-mobile font-display w-full flex items-center justify-between border-b-2 py-4 text-left text-lg font-bold uppercase active\"\n        role=\"tab\"\n        aria-selected=\"true\"\n        aria-controls=\"Description\"\n        tabindex=\"0\"\n    >\n        Description\n        <svg xmlns=\"http:\/\/www.w3.org\/2000\/svg\" fill=\"none\" viewBox=\"0 0 24 24\" stroke-width=\"1.5\" stroke=\"currentColor\" class=\"size-6\">\n            <path stroke-linecap=\"round\" stroke-linejoin=\"round\" d=\"m8.25 4.5 7.5 7.5-7.5 7.5\" \/>\n        <\/svg>\n    <\/button>\n    <div class=\"tab-panel py-6\" role=\"tabpanel\" tabindex=\"0\">\n        \n\n<p>Les \u00e9tiquettes adh\u00e9sives de scellement de couvercle sont con\u00e7ues pour sceller solidement le couvercle d&rsquo;un r\u00e9cipient, garantissant ainsi la fra\u00eecheur du produit et l&rsquo;inviolabilit\u00e9 de l&#8217;emballage. Cette \u00e9tiquette adh\u00e8re fermement au couvercle et au r\u00e9cipient, offrant ainsi une solution simple mais efficace pour la s\u00e9curit\u00e9 et le marquage. Elle est couramment utilis\u00e9e dans les secteurs de l&rsquo;alimentation, des boissons et des cosm\u00e9tiques, o\u00f9 l&rsquo;int\u00e9grit\u00e9 du produit est primordiale.  <\/p>\n\n    <\/div>\n<\/div>\n\n\n<div class=\"wp-block-atlpkg-tab\" >\n    <button class=\"md:hidden tab-label-mobile font-display w-full flex items-center justify-between border-b-2 py-4 text-left text-lg font-bold uppercase \"\n        role=\"tab\"\n        aria-selected=\"false\"\n        aria-controls=\"Caracteristics\"\n        tabindex=\"0\"\n    >\n        Caracteristics\n        <svg xmlns=\"http:\/\/www.w3.org\/2000\/svg\" fill=\"none\" viewBox=\"0 0 24 24\" stroke-width=\"1.5\" stroke=\"currentColor\" class=\"size-6\">\n            <path stroke-linecap=\"round\" stroke-linejoin=\"round\" d=\"m8.25 4.5 7.5 7.5-7.5 7.5\" \/>\n        <\/svg>\n    <\/button>\n    <div class=\"tab-panel py-6\" role=\"tabpanel\" tabindex=\"0\">\n        \n\n<ul class=\"wp-block-list\">\n<li><strong>Indication d&rsquo;inviolabilit\u00e9 :<\/strong> L&rsquo;\u00e9tiquette indique clairement si le sceau a \u00e9t\u00e9 bris\u00e9, ce qui garantit la s\u00e9curit\u00e9 du produit et la confiance du consommateur.<\/li>\n\n\n\n<li><strong>Forte adh\u00e9rence :<\/strong> Fabriqu\u00e9e avec un adh\u00e9sif de haute qualit\u00e9 qui garantit que l&rsquo;\u00e9tiquette reste en place, m\u00eame dans des conditions environnementales variables.<\/li>\n\n\n\n<li><strong>Design personnalisable :<\/strong> Disponible en diff\u00e9rentes tailles, formes et designs, avec des options d&rsquo;impression personnalis\u00e9e pour inclure des marques, des logos ou des informations sur les produits.<\/li>\n\n\n\n<li><strong>Application facile :<\/strong> Con\u00e7u pour une application facile \u00e0 la main ou \u00e0 la machine, il convient \u00e0 divers processus d&#8217;emballage.<\/li>\n<\/ul>\n\n    <\/div>\n<\/div>\n\n\n<div class=\"wp-block-atlpkg-tab\" >\n    <button class=\"md:hidden tab-label-mobile font-display w-full flex items-center justify-between border-b-2 py-4 text-left text-lg font-bold uppercase \"\n        role=\"tab\"\n        aria-selected=\"false\"\n        aria-controls=\"Parfait pour\"\n        tabindex=\"0\"\n    >\n        Parfait pour\n        <svg xmlns=\"http:\/\/www.w3.org\/2000\/svg\" fill=\"none\" viewBox=\"0 0 24 24\" stroke-width=\"1.5\" stroke=\"currentColor\" class=\"size-6\">\n            <path stroke-linecap=\"round\" stroke-linejoin=\"round\" d=\"m8.25 4.5 7.5 7.5-7.5 7.5\" \/>\n        <\/svg>\n    <\/button>\n    <div class=\"tab-panel py-6\" role=\"tabpanel\" tabindex=\"0\">\n        \n\n\t<div class=\"grid grid-cols-2 sm:grid-cols-3 md:grid-cols-4 gap-x-6 gap-y-12 wp-block-atlpkg-gallery-caption\">\n\t\t\t\t\t<div class=\"flex flex-col items-center gap-3\">\n\t\t\t\t<img loading=\"lazy\" decoding=\"async\" width=\"212\" height=\"300\" src=\"https:\/\/atlantiquepackaging.com\/wp-content\/uploads\/2024\/08\/honey-jar-2-212x300.png\" class=\"size-28 object-contain object-center aspect-square\" alt=\"\" srcset=\"https:\/\/atlantiquepackaging.com\/wp-content\/uploads\/2024\/08\/honey-jar-2-212x300.png 212w, https:\/\/atlantiquepackaging.com\/wp-content\/uploads\/2024\/08\/honey-jar-2-722x1024.png 722w, https:\/\/atlantiquepackaging.com\/wp-content\/uploads\/2024\/08\/honey-jar-2-768x1089.png 768w, https:\/\/atlantiquepackaging.com\/wp-content\/uploads\/2024\/08\/honey-jar-2.png 952w\" sizes=\"(max-width: 212px) 100vw, 212px\" \/>\t\t\t\t<p class=\"text-blue-dianne-800 text-center\">Food Containers (jams, sauces, yogurt cups)<\/p>\n\t\t\t<\/div>\n\t\t\t\t\t<div class=\"flex flex-col items-center gap-3\">\n\t\t\t\t<img loading=\"lazy\" decoding=\"async\" width=\"142\" height=\"300\" src=\"https:\/\/atlantiquepackaging.com\/wp-content\/uploads\/2024\/08\/nail-polish-bottle-142x300.png\" class=\"size-28 object-contain object-center aspect-square\" alt=\"\" srcset=\"https:\/\/atlantiquepackaging.com\/wp-content\/uploads\/2024\/08\/nail-polish-bottle-142x300.png 142w, https:\/\/atlantiquepackaging.com\/wp-content\/uploads\/2024\/08\/nail-polish-bottle-483x1024.png 483w, https:\/\/atlantiquepackaging.com\/wp-content\/uploads\/2024\/08\/nail-polish-bottle.png 517w\" sizes=\"(max-width: 142px) 100vw, 142px\" \/>\t\t\t\t<p class=\"text-blue-dianne-800 text-center\">Cosmetics (creams, lotions)<\/p>\n\t\t\t<\/div>\n\t\t\t\t\t<div class=\"flex flex-col items-center gap-3\">\n\t\t\t\t<img loading=\"lazy\" decoding=\"async\" width=\"285\" height=\"300\" src=\"https:\/\/atlantiquepackaging.com\/wp-content\/uploads\/2024\/08\/juice_label-e1723288031454-285x300.png\" class=\"size-28 object-contain object-center aspect-square\" alt=\"\" srcset=\"https:\/\/atlantiquepackaging.com\/wp-content\/uploads\/2024\/08\/juice_label-e1723288031454-285x300.png 285w, https:\/\/atlantiquepackaging.com\/wp-content\/uploads\/2024\/08\/juice_label-e1723288031454-973x1024.png 973w, https:\/\/atlantiquepackaging.com\/wp-content\/uploads\/2024\/08\/juice_label-e1723288031454-768x808.png 768w, https:\/\/atlantiquepackaging.com\/wp-content\/uploads\/2024\/08\/juice_label-e1723288031454.png 1408w\" sizes=\"(max-width: 285px) 100vw, 285px\" \/>\t\t\t\t<p class=\"text-blue-dianne-800 text-center\">Beverage Bottles (juices, dairy products)<\/p>\n\t\t\t<\/div>\n\t\t\t<\/div>\n\n\n    <\/div>\n<\/div>\n    <\/div>\n<\/div>\n","protected":false},"excerpt":{"rendered":"","protected":false},"featured_media":1258,"template":"","class_list":["post-3350","product","type-product","status-publish","has-post-thumbnail","hentry"],"acf":[],"_links":{"self":[{"href":"https:\/\/atlantiquepackaging.com\/fr\/wp-json\/wp\/v2\/products\/3350","targetHints":{"allow":["GET"]}}],"collection":[{"href":"https:\/\/atlantiquepackaging.com\/fr\/wp-json\/wp\/v2\/products"}],"about":[{"href":"https:\/\/atlantiquepackaging.com\/fr\/wp-json\/wp\/v2\/types\/product"}],"version-history":[{"count":3,"href":"https:\/\/atlantiquepackaging.com\/fr\/wp-json\/wp\/v2\/products\/3350\/revisions"}],"predecessor-version":[{"id":3535,"href":"https:\/\/atlantiquepackaging.com\/fr\/wp-json\/wp\/v2\/products\/3350\/revisions\/3535"}],"wp:featuredmedia":[{"embeddable":true,"href":"https:\/\/atlantiquepackaging.com\/fr\/wp-json\/wp\/v2\/media\/1258"}],"wp:attachment":[{"href":"https:\/\/atlantiquepackaging.com\/fr\/wp-json\/wp\/v2\/media?parent=3350"}],"curies":[{"name":"wp","href":"https:\/\/api.w.org\/{rel}","templated":true}]}}