{"id":3354,"date":"2024-08-10T13:46:00","date_gmt":"2024-08-10T11:46:00","guid":{"rendered":"https:\/\/atlantiquepackaging.com\/product\/etiquette-detachable-repositionnable\/"},"modified":"2024-11-25T15:25:11","modified_gmt":"2024-11-25T14:25:11","slug":"etiquette-detachable-repositionnable","status":"publish","type":"product","link":"https:\/\/atlantiquepackaging.com\/fr\/product\/etiquette-detachable-repositionnable\/","title":{"rendered":"\u00c9tiquette d\u00e9tachable repositionnable"},"content":{"rendered":"<div class=\"wp-block-atlpkg-tabs\">\n\n            <div class=\"hidden md:block\">\n            <div class=\"border-b border-gray-200\">\n                <nav class=\"tab-labels -mb-px flex\" aria-label=\"Tabs\">\n                                            <button class=\"tab-label border-b-2 px-10 py-4 text-center text-lg font-display font-bold uppercase active\"\n                            role=\"tab\"\n                            aria-selected=\"true\"\n                            aria-controls=\"Description\"\n                            tabindex=\"0\"\n                        >\n                            Description                        <\/button>\n                                            <button class=\"tab-label border-b-2 px-10 py-4 text-center text-lg font-display font-bold uppercase \"\n                            role=\"tab\"\n                            aria-selected=\"false\"\n                            aria-controls=\"Caract\u00e9ristiques\"\n                            tabindex=\"0\"\n                        >\n                            Caract\u00e9ristiques                        <\/button>\n                                            <button class=\"tab-label border-b-2 px-10 py-4 text-center text-lg font-display font-bold uppercase \"\n                            role=\"tab\"\n                            aria-selected=\"false\"\n                            aria-controls=\"Parfait pour\"\n                            tabindex=\"0\"\n                        >\n                            Parfait pour                        <\/button>\n                                    <\/nav>\n            <\/div>\n        <\/div>\n    \n    <div class=\"tab-content\">\n        \n\n<div class=\"wp-block-atlpkg-tab\" >\n    <button class=\"md:hidden tab-label-mobile font-display w-full flex items-center justify-between border-b-2 py-4 text-left text-lg font-bold uppercase active\"\n        role=\"tab\"\n        aria-selected=\"true\"\n        aria-controls=\"Description\"\n        tabindex=\"0\"\n    >\n        Description\n        <svg xmlns=\"http:\/\/www.w3.org\/2000\/svg\" fill=\"none\" viewBox=\"0 0 24 24\" stroke-width=\"1.5\" stroke=\"currentColor\" class=\"size-6\">\n            <path stroke-linecap=\"round\" stroke-linejoin=\"round\" d=\"m8.25 4.5 7.5 7.5-7.5 7.5\" \/>\n        <\/svg>\n    <\/button>\n    <div class=\"tab-panel py-6\" role=\"tabpanel\" tabindex=\"0\">\n        \n\n<p>Les \u00e9tiquettes repositionnables sont con\u00e7ues pour \u00eatre facilement enlev\u00e9es et r\u00e9appliqu\u00e9es sans laisser de r\u00e9sidus ni endommager la surface. Ces \u00e9tiquettes sont parfaites pour les situations o\u00f9 un \u00e9tiquetage temporaire est n\u00e9cessaire, ou lorsque l&rsquo;\u00e9tiquette doit \u00eatre repositionn\u00e9e. Elles constituent une option id\u00e9ale pour informer les consommateurs d&rsquo;instructions temporaires, de promotions, de traductions&#8230;  <\/p>\n\n    <\/div>\n<\/div>\n\n\n<div class=\"wp-block-atlpkg-tab\" >\n    <button class=\"md:hidden tab-label-mobile font-display w-full flex items-center justify-between border-b-2 py-4 text-left text-lg font-bold uppercase \"\n        role=\"tab\"\n        aria-selected=\"false\"\n        aria-controls=\"Caract\u00e9ristiques\"\n        tabindex=\"0\"\n    >\n        Caract\u00e9ristiques\n        <svg xmlns=\"http:\/\/www.w3.org\/2000\/svg\" fill=\"none\" viewBox=\"0 0 24 24\" stroke-width=\"1.5\" stroke=\"currentColor\" class=\"size-6\">\n            <path stroke-linecap=\"round\" stroke-linejoin=\"round\" d=\"m8.25 4.5 7.5 7.5-7.5 7.5\" \/>\n        <\/svg>\n    <\/button>\n    <div class=\"tab-panel py-6\" role=\"tabpanel\" tabindex=\"0\">\n        \n\n<p><strong>Adh\u00e9sion repositionnable :<\/strong> L&rsquo;adh\u00e9sif sp\u00e9cial permet de d\u00e9coller l&rsquo;\u00e9tiquette et de la r\u00e9appliquer plusieurs fois sans qu&rsquo;elle perde son pouvoir adh\u00e9sif ou qu&rsquo;elle laisse des r\u00e9sidus.<\/p>\n\n\n\n<p><strong>Enl\u00e8vement sans r\u00e9sidus :<\/strong> Con\u00e7u pour s&rsquo;enlever proprement, sans laisser de traces ni de r\u00e9sidus collants, il est id\u00e9al pour les surfaces d\u00e9licates.<\/p>\n\n\n\n<p><strong>Personnalisable :<\/strong> Disponible en diff\u00e9rentes formes, tailles et conceptions, avec des options d&rsquo;impression personnalis\u00e9e pour r\u00e9pondre aux besoins en mati\u00e8re d&rsquo;image de marque, d&rsquo;instructions ou de promotion.<\/p>\n\n\n\n<p><strong>Applications polyvalentes :<\/strong> Convient \u00e0 une large gamme de surfaces, y compris le verre, le plastique, le papier et le m\u00e9tal, offrant ainsi une grande souplesse d&rsquo;utilisation.<\/p>\n\n    <\/div>\n<\/div>\n\n\n<div class=\"wp-block-atlpkg-tab\" >\n    <button class=\"md:hidden tab-label-mobile font-display w-full flex items-center justify-between border-b-2 py-4 text-left text-lg font-bold uppercase \"\n        role=\"tab\"\n        aria-selected=\"false\"\n        aria-controls=\"Parfait pour\"\n        tabindex=\"0\"\n    >\n        Parfait pour\n        <svg xmlns=\"http:\/\/www.w3.org\/2000\/svg\" fill=\"none\" viewBox=\"0 0 24 24\" stroke-width=\"1.5\" stroke=\"currentColor\" class=\"size-6\">\n            <path stroke-linecap=\"round\" stroke-linejoin=\"round\" d=\"m8.25 4.5 7.5 7.5-7.5 7.5\" \/>\n        <\/svg>\n    <\/button>\n    <div class=\"tab-panel py-6\" role=\"tabpanel\" tabindex=\"0\">\n        \n\n\t<div class=\"grid grid-cols-2 sm:grid-cols-3 md:grid-cols-4 gap-x-6 gap-y-12 wp-block-atlpkg-gallery-caption\">\n\t\t\t\t\t<div class=\"flex flex-col items-center gap-3\">\n\t\t\t\t<img loading=\"lazy\" decoding=\"async\" width=\"142\" height=\"300\" src=\"https:\/\/atlantiquepackaging.com\/wp-content\/uploads\/2024\/08\/nail-polish-bottle-142x300.png\" class=\"size-28 object-contain object-center aspect-square\" alt=\"\" srcset=\"https:\/\/atlantiquepackaging.com\/wp-content\/uploads\/2024\/08\/nail-polish-bottle-142x300.png 142w, https:\/\/atlantiquepackaging.com\/wp-content\/uploads\/2024\/08\/nail-polish-bottle-483x1024.png 483w, https:\/\/atlantiquepackaging.com\/wp-content\/uploads\/2024\/08\/nail-polish-bottle.png 517w\" sizes=\"(max-width: 142px) 100vw, 142px\" \/>\t\t\t\t<p class=\"text-blue-dianne-800 text-center\">Cosmetics (creams, lotions)<\/p>\n\t\t\t<\/div>\n\t\t\t\t\t<div class=\"flex flex-col items-center gap-3\">\n\t\t\t\t<img loading=\"lazy\" decoding=\"async\" width=\"212\" height=\"300\" src=\"https:\/\/atlantiquepackaging.com\/wp-content\/uploads\/2024\/08\/honey-jar-2-212x300.png\" class=\"size-28 object-contain object-center aspect-square\" alt=\"\" srcset=\"https:\/\/atlantiquepackaging.com\/wp-content\/uploads\/2024\/08\/honey-jar-2-212x300.png 212w, https:\/\/atlantiquepackaging.com\/wp-content\/uploads\/2024\/08\/honey-jar-2-722x1024.png 722w, https:\/\/atlantiquepackaging.com\/wp-content\/uploads\/2024\/08\/honey-jar-2-768x1089.png 768w, https:\/\/atlantiquepackaging.com\/wp-content\/uploads\/2024\/08\/honey-jar-2.png 952w\" sizes=\"(max-width: 212px) 100vw, 212px\" \/>\t\t\t\t<p class=\"text-blue-dianne-800 text-center\">Food Containers (jams, sauces, yogurt cups)<\/p>\n\t\t\t<\/div>\n\t\t\t\t\t<div class=\"flex flex-col items-center gap-3\">\n\t\t\t\t<img loading=\"lazy\" decoding=\"async\" width=\"193\" height=\"300\" src=\"https:\/\/atlantiquepackaging.com\/wp-content\/uploads\/2024\/08\/Cleaning-Spray-Mockup-e1723290459698-193x300.png\" class=\"size-28 object-contain object-center aspect-square\" alt=\"\" srcset=\"https:\/\/atlantiquepackaging.com\/wp-content\/uploads\/2024\/08\/Cleaning-Spray-Mockup-e1723290459698-193x300.png 193w, https:\/\/atlantiquepackaging.com\/wp-content\/uploads\/2024\/08\/Cleaning-Spray-Mockup-e1723290459698-658x1024.png 658w, https:\/\/atlantiquepackaging.com\/wp-content\/uploads\/2024\/08\/Cleaning-Spray-Mockup-e1723290459698-768x1195.png 768w, https:\/\/atlantiquepackaging.com\/wp-content\/uploads\/2024\/08\/Cleaning-Spray-Mockup-e1723290459698-987x1536.png 987w, https:\/\/atlantiquepackaging.com\/wp-content\/uploads\/2024\/08\/Cleaning-Spray-Mockup-e1723290459698.png 1068w\" sizes=\"(max-width: 193px) 100vw, 193px\" \/>\t\t\t\t<p class=\"text-blue-dianne-800 text-center\">Household Products (cleaning agents, detergents)<\/p>\n\t\t\t<\/div>\n\t\t\t<\/div>\n\n\n    <\/div>\n<\/div>\n    <\/div>\n<\/div>\n","protected":false},"excerpt":{"rendered":"","protected":false},"featured_media":1279,"template":"","class_list":["post-3354","product","type-product","status-publish","has-post-thumbnail","hentry"],"acf":[],"_links":{"self":[{"href":"https:\/\/atlantiquepackaging.com\/fr\/wp-json\/wp\/v2\/products\/3354","targetHints":{"allow":["GET"]}}],"collection":[{"href":"https:\/\/atlantiquepackaging.com\/fr\/wp-json\/wp\/v2\/products"}],"about":[{"href":"https:\/\/atlantiquepackaging.com\/fr\/wp-json\/wp\/v2\/types\/product"}],"version-history":[{"count":3,"href":"https:\/\/atlantiquepackaging.com\/fr\/wp-json\/wp\/v2\/products\/3354\/revisions"}],"predecessor-version":[{"id":3533,"href":"https:\/\/atlantiquepackaging.com\/fr\/wp-json\/wp\/v2\/products\/3354\/revisions\/3533"}],"wp:featuredmedia":[{"embeddable":true,"href":"https:\/\/atlantiquepackaging.com\/fr\/wp-json\/wp\/v2\/media\/1279"}],"wp:attachment":[{"href":"https:\/\/atlantiquepackaging.com\/fr\/wp-json\/wp\/v2\/media?parent=3354"}],"curies":[{"name":"wp","href":"https:\/\/api.w.org\/{rel}","templated":true}]}}