{"id":3359,"date":"2024-08-09T17:08:23","date_gmt":"2024-08-09T15:08:23","guid":{"rendered":"https:\/\/atlantiquepackaging.com\/product\/emballage-carton-multi-packs\/"},"modified":"2026-01-04T12:53:14","modified_gmt":"2026-01-04T11:53:14","slug":"emballage-carton-multi-packs","status":"publish","type":"product","link":"https:\/\/atlantiquepackaging.com\/fr\/product\/emballage-carton-multi-packs\/","title":{"rendered":"Emballage carton multi-packs"},"content":{"rendered":"<div class=\"wp-block-atlpkg-tabs\">\n\n            <div class=\"hidden md:block\">\n            <div class=\"border-b border-gray-200\">\n                <nav class=\"tab-labels -mb-px flex\" aria-label=\"Tabs\">\n                                            <button class=\"tab-label border-b-2 px-10 py-4 text-center text-lg font-display font-bold uppercase active\"\n                            role=\"tab\"\n                            aria-selected=\"true\"\n                            aria-controls=\"Description\"\n                            tabindex=\"0\"\n                        >\n                            Description                        <\/button>\n                                            <button class=\"tab-label border-b-2 px-10 py-4 text-center text-lg font-display font-bold uppercase \"\n                            role=\"tab\"\n                            aria-selected=\"false\"\n                            aria-controls=\"Caract\u00e9ristiques\"\n                            tabindex=\"0\"\n                        >\n                            Caract\u00e9ristiques                        <\/button>\n                                            <button class=\"tab-label border-b-2 px-10 py-4 text-center text-lg font-display font-bold uppercase \"\n                            role=\"tab\"\n                            aria-selected=\"false\"\n                            aria-controls=\"Parfait pour\"\n                            tabindex=\"0\"\n                        >\n                            Parfait pour                        <\/button>\n                                    <\/nav>\n            <\/div>\n        <\/div>\n    \n    <div class=\"tab-content\">\n        \n\n<div class=\"wp-block-atlpkg-tab\" >\n    <button class=\"md:hidden tab-label-mobile font-display w-full flex items-center justify-between border-b-2 py-4 text-left text-lg font-bold uppercase active\"\n        role=\"tab\"\n        aria-selected=\"true\"\n        aria-controls=\"Description\"\n        tabindex=\"0\"\n    >\n        Description\n        <svg xmlns=\"http:\/\/www.w3.org\/2000\/svg\" fill=\"none\" viewBox=\"0 0 24 24\" stroke-width=\"1.5\" stroke=\"currentColor\" class=\"size-6\">\n            <path stroke-linecap=\"round\" stroke-linejoin=\"round\" d=\"m8.25 4.5 7.5 7.5-7.5 7.5\" \/>\n        <\/svg>\n    <\/button>\n    <div class=\"tab-panel py-6\" role=\"tabpanel\" tabindex=\"0\">\n        \n\n<p>L&#8217;emballage carton multi-packs est une solution solide et efficace con\u00e7ue pour contenir et prot\u00e9ger plusieurs produits dans un seul emballage pratique. G\u00e9n\u00e9ralement fabriqu\u00e9s en carton ou en mat\u00e9riau ondul\u00e9, ces cartons sont con\u00e7us pour offrir r\u00e9sistance, durabilit\u00e9 et facilit\u00e9 de transport, ce qui les rend id\u00e9aux pour regrouper des produits \u00e0 des fins de vente au d\u00e9tail ou de vente en gros.<\/p>\n\n    <\/div>\n<\/div>\n\n\n<div class=\"wp-block-atlpkg-tab\" >\n    <button class=\"md:hidden tab-label-mobile font-display w-full flex items-center justify-between border-b-2 py-4 text-left text-lg font-bold uppercase \"\n        role=\"tab\"\n        aria-selected=\"false\"\n        aria-controls=\"Caract\u00e9ristiques\"\n        tabindex=\"0\"\n    >\n        Caract\u00e9ristiques\n        <svg xmlns=\"http:\/\/www.w3.org\/2000\/svg\" fill=\"none\" viewBox=\"0 0 24 24\" stroke-width=\"1.5\" stroke=\"currentColor\" class=\"size-6\">\n            <path stroke-linecap=\"round\" stroke-linejoin=\"round\" d=\"m8.25 4.5 7.5 7.5-7.5 7.5\" \/>\n        <\/svg>\n    <\/button>\n    <div class=\"tab-panel py-6\" role=\"tabpanel\" tabindex=\"0\">\n        \n\n<ul class=\"wp-block-list\">\n<li><strong>Durable et solide :<\/strong> Fabriqu\u00e9 \u00e0 partir de carton robuste ou de mat\u00e9riaux ondul\u00e9s qui offrent une excellente protection et un support pour de multiples produits.<\/li>\n\n\n\n<li><strong>Manipulation pratique :<\/strong> Con\u00e7us avec des caract\u00e9ristiques telles que des poign\u00e9es, des bandes d&rsquo;arrachage ou des perforations pour faciliter le transport et l&rsquo;acc\u00e8s aux produits \u00e0 l&rsquo;int\u00e9rieur.<\/li>\n\n\n\n<li><strong>Conception personnalisable :<\/strong> Vous disposez de beaucoup d&rsquo;espace pour votre marque, les informations sur vos produits et les graphiques promotionnels, avec des formes et des tailles vari\u00e9es pour s&rsquo;adapter \u00e0 diff\u00e9rentes configurations de produits.<\/li>\n\n\n\n<li><strong>Options \u00e9cologiques :<\/strong> Disponibles dans des mat\u00e9riaux recyclables et biod\u00e9gradables, elles s\u00e9duisent les consommateurs soucieux de l&rsquo;environnement.<\/li>\n<\/ul>\n\n    <\/div>\n<\/div>\n\n\n<div class=\"wp-block-atlpkg-tab\" >\n    <button class=\"md:hidden tab-label-mobile font-display w-full flex items-center justify-between border-b-2 py-4 text-left text-lg font-bold uppercase \"\n        role=\"tab\"\n        aria-selected=\"false\"\n        aria-controls=\"Parfait pour\"\n        tabindex=\"0\"\n    >\n        Parfait pour\n        <svg xmlns=\"http:\/\/www.w3.org\/2000\/svg\" fill=\"none\" viewBox=\"0 0 24 24\" stroke-width=\"1.5\" stroke=\"currentColor\" class=\"size-6\">\n            <path stroke-linecap=\"round\" stroke-linejoin=\"round\" d=\"m8.25 4.5 7.5 7.5-7.5 7.5\" \/>\n        <\/svg>\n    <\/button>\n    <div class=\"tab-panel py-6\" role=\"tabpanel\" tabindex=\"0\">\n        \n\n\t<div class=\"grid grid-cols-2 sm:grid-cols-3 md:grid-cols-4 gap-x-6 gap-y-12 wp-block-atlpkg-gallery-caption\">\n\t\t\t\t\t<div class=\"flex flex-col items-center gap-3\">\n\t\t\t\t<img loading=\"lazy\" decoding=\"async\" width=\"168\" height=\"300\" src=\"https:\/\/atlantiquepackaging.com\/wp-content\/uploads\/2024\/08\/beer-in-mug-8-168x300.png\" class=\"size-28 object-contain object-center aspect-square\" alt=\"\" srcset=\"https:\/\/atlantiquepackaging.com\/wp-content\/uploads\/2024\/08\/beer-in-mug-8-168x300.png 168w, https:\/\/atlantiquepackaging.com\/wp-content\/uploads\/2024\/08\/beer-in-mug-8-572x1024.png 572w, https:\/\/atlantiquepackaging.com\/wp-content\/uploads\/2024\/08\/beer-in-mug-8-768x1375.png 768w, https:\/\/atlantiquepackaging.com\/wp-content\/uploads\/2024\/08\/beer-in-mug-8-858x1536.png 858w, https:\/\/atlantiquepackaging.com\/wp-content\/uploads\/2024\/08\/beer-in-mug-8.png 992w\" sizes=\"(max-width: 168px) 100vw, 168px\" \/>\t\t\t\t<p class=\"text-blue-dianne-800 text-center\">Brevage<\/p>\n\t\t\t<\/div>\n\t\t\t\t\t<div class=\"flex flex-col items-center gap-3\">\n\t\t\t\t<img loading=\"lazy\" decoding=\"async\" width=\"300\" height=\"300\" src=\"https:\/\/atlantiquepackaging.com\/wp-content\/uploads\/2024\/08\/can-e1723222190449-300x300.png\" class=\"size-28 object-contain object-center aspect-square\" alt=\"\" srcset=\"https:\/\/atlantiquepackaging.com\/wp-content\/uploads\/2024\/08\/can-e1723222190449-300x300.png 300w, https:\/\/atlantiquepackaging.com\/wp-content\/uploads\/2024\/08\/can-e1723222190449-1024x1024.png 1024w, https:\/\/atlantiquepackaging.com\/wp-content\/uploads\/2024\/08\/can-e1723222190449-150x150.png 150w, https:\/\/atlantiquepackaging.com\/wp-content\/uploads\/2024\/08\/can-e1723222190449-768x768.png 768w, https:\/\/atlantiquepackaging.com\/wp-content\/uploads\/2024\/08\/can-e1723222190449-1536x1536.png 1536w, https:\/\/atlantiquepackaging.com\/wp-content\/uploads\/2024\/08\/can-e1723222190449.png 1800w\" sizes=\"(max-width: 300px) 100vw, 300px\" \/>\t\t\t\t<p class=\"text-blue-dianne-800 text-center\">Canned Products<\/p>\n\t\t\t<\/div>\n\t\t\t\t\t<div class=\"flex flex-col items-center gap-3\">\n\t\t\t\t<img loading=\"lazy\" decoding=\"async\" width=\"260\" height=\"300\" src=\"https:\/\/atlantiquepackaging.com\/wp-content\/uploads\/2024\/08\/yogurt-plastic-cup-with-spoon-5E2oAV6-600-1-e1723222091549-260x300.jpeg\" class=\"size-28 object-contain object-center aspect-square\" alt=\"\" srcset=\"https:\/\/atlantiquepackaging.com\/wp-content\/uploads\/2024\/08\/yogurt-plastic-cup-with-spoon-5E2oAV6-600-1-e1723222091549-260x300.jpeg 260w, https:\/\/atlantiquepackaging.com\/wp-content\/uploads\/2024\/08\/yogurt-plastic-cup-with-spoon-5E2oAV6-600-1-e1723222091549.jpeg 414w\" sizes=\"(max-width: 260px) 100vw, 260px\" \/>\t\t\t\t<p class=\"text-blue-dianne-800 text-center\">Yogurt<\/p>\n\t\t\t<\/div>\n\t\t\t\t\t<div class=\"flex flex-col items-center gap-3\">\n\t\t\t\t<img loading=\"lazy\" decoding=\"async\" width=\"300\" height=\"252\" src=\"https:\/\/atlantiquepackaging.com\/wp-content\/uploads\/2024\/08\/tomato-soup-with-flesh-300x252.png\" class=\"size-28 object-contain object-center aspect-square\" alt=\"\" srcset=\"https:\/\/atlantiquepackaging.com\/wp-content\/uploads\/2024\/08\/tomato-soup-with-flesh-300x252.png 300w, https:\/\/atlantiquepackaging.com\/wp-content\/uploads\/2024\/08\/tomato-soup-with-flesh.png 760w\" sizes=\"(max-width: 300px) 100vw, 300px\" \/>\t\t\t\t<p class=\"text-blue-dianne-800 text-center\">Canned Soup<\/p>\n\t\t\t<\/div>\n\t\t\t<\/div>\n\n\n    <\/div>\n<\/div>\n    <\/div>\n<\/div>\n","protected":false},"excerpt":{"rendered":"","protected":false},"featured_media":2158,"template":"","class_list":["post-3359","product","type-product","status-publish","has-post-thumbnail","hentry"],"acf":[],"_links":{"self":[{"href":"https:\/\/atlantiquepackaging.com\/fr\/wp-json\/wp\/v2\/products\/3359","targetHints":{"allow":["GET"]}}],"collection":[{"href":"https:\/\/atlantiquepackaging.com\/fr\/wp-json\/wp\/v2\/products"}],"about":[{"href":"https:\/\/atlantiquepackaging.com\/fr\/wp-json\/wp\/v2\/types\/product"}],"version-history":[{"count":3,"href":"https:\/\/atlantiquepackaging.com\/fr\/wp-json\/wp\/v2\/products\/3359\/revisions"}],"predecessor-version":[{"id":3566,"href":"https:\/\/atlantiquepackaging.com\/fr\/wp-json\/wp\/v2\/products\/3359\/revisions\/3566"}],"wp:featuredmedia":[{"embeddable":true,"href":"https:\/\/atlantiquepackaging.com\/fr\/wp-json\/wp\/v2\/media\/2158"}],"wp:attachment":[{"href":"https:\/\/atlantiquepackaging.com\/fr\/wp-json\/wp\/v2\/media?parent=3359"}],"curies":[{"name":"wp","href":"https:\/\/api.w.org\/{rel}","templated":true}]}}