{"id":3362,"date":"2024-08-10T16:30:22","date_gmt":"2024-08-10T14:30:22","guid":{"rendered":"https:\/\/atlantiquepackaging.com\/product\/pas-detiquette-2\/"},"modified":"2026-01-04T12:17:26","modified_gmt":"2026-01-04T11:17:26","slug":"pas-detiquette-2","status":"publish","type":"product","link":"https:\/\/atlantiquepackaging.com\/fr\/product\/pas-detiquette-2\/","title":{"rendered":"Etiquette \u00ab\u00a0No Label Look\u00a0\u00bb"},"content":{"rendered":"<div class=\"wp-block-atlpkg-tabs\">\n\n            <div class=\"hidden md:block\">\n            <div class=\"border-b border-gray-200\">\n                <nav class=\"tab-labels -mb-px flex\" aria-label=\"Tabs\">\n                                            <button class=\"tab-label border-b-2 px-10 py-4 text-center text-lg font-display font-bold uppercase active\"\n                            role=\"tab\"\n                            aria-selected=\"true\"\n                            aria-controls=\"Description\"\n                            tabindex=\"0\"\n                        >\n                            Description                        <\/button>\n                                            <button class=\"tab-label border-b-2 px-10 py-4 text-center text-lg font-display font-bold uppercase \"\n                            role=\"tab\"\n                            aria-selected=\"false\"\n                            aria-controls=\"Caract\u00e9ristiques\"\n                            tabindex=\"0\"\n                        >\n                            Caract\u00e9ristiques                        <\/button>\n                                            <button class=\"tab-label border-b-2 px-10 py-4 text-center text-lg font-display font-bold uppercase \"\n                            role=\"tab\"\n                            aria-selected=\"false\"\n                            aria-controls=\"Parfait pour\"\n                            tabindex=\"0\"\n                        >\n                            Parfait pour                        <\/button>\n                                    <\/nav>\n            <\/div>\n        <\/div>\n    \n    <div class=\"tab-content\">\n        \n\n<div class=\"wp-block-atlpkg-tab\" >\n    <button class=\"md:hidden tab-label-mobile font-display w-full flex items-center justify-between border-b-2 py-4 text-left text-lg font-bold uppercase active\"\n        role=\"tab\"\n        aria-selected=\"true\"\n        aria-controls=\"Description\"\n        tabindex=\"0\"\n    >\n        Description\n        <svg xmlns=\"http:\/\/www.w3.org\/2000\/svg\" fill=\"none\" viewBox=\"0 0 24 24\" stroke-width=\"1.5\" stroke=\"currentColor\" class=\"size-6\">\n            <path stroke-linecap=\"round\" stroke-linejoin=\"round\" d=\"m8.25 4.5 7.5 7.5-7.5 7.5\" \/>\n        <\/svg>\n    <\/button>\n    <div class=\"tab-panel py-6\" role=\"tabpanel\" tabindex=\"0\">\n        \n\n<p>Le \u00ab\u00a0No Label Look\u00a0\u00bb ou \u00ab\u00a0Clear on Clear\u00a0\u00bb est un concept d&rsquo;\u00e9tiquetage dans lequel l&rsquo;\u00e9tiquette est appliqu\u00e9e de telle mani\u00e8re qu&rsquo;elle n&rsquo;est pas visible, ce qui donne l&rsquo;impression que le produit est d\u00e9pourvu d&rsquo;\u00e9tiquette. Cet effet est obtenu par l&rsquo;utilisation d&rsquo;\u00e9tiquettes claires ou translucides, ou par l&rsquo;impression directe sur le produit ou le mat\u00e9riau d&#8217;emballage. Cette tendance est appr\u00e9ci\u00e9e pour son esth\u00e9tique moderne et minimaliste, qui met l&rsquo;accent sur le produit lui-m\u00eame et renforce l&rsquo;impression de qualit\u00e9 sup\u00e9rieure.  <\/p>\n\n    <\/div>\n<\/div>\n\n\n<div class=\"wp-block-atlpkg-tab\" >\n    <button class=\"md:hidden tab-label-mobile font-display w-full flex items-center justify-between border-b-2 py-4 text-left text-lg font-bold uppercase \"\n        role=\"tab\"\n        aria-selected=\"false\"\n        aria-controls=\"Caract\u00e9ristiques\"\n        tabindex=\"0\"\n    >\n        Caract\u00e9ristiques\n        <svg xmlns=\"http:\/\/www.w3.org\/2000\/svg\" fill=\"none\" viewBox=\"0 0 24 24\" stroke-width=\"1.5\" stroke=\"currentColor\" class=\"size-6\">\n            <path stroke-linecap=\"round\" stroke-linejoin=\"round\" d=\"m8.25 4.5 7.5 7.5-7.5 7.5\" \/>\n        <\/svg>\n    <\/button>\n    <div class=\"tab-panel py-6\" role=\"tabpanel\" tabindex=\"0\">\n        \n\n<ul class=\"wp-block-list\">\n<li><strong>\u00c9tiquetage invisible :<\/strong> Il utilise des mat\u00e9riaux transparents ou translucides, ou des techniques d&rsquo;impression directe, pour rendre l&rsquo;\u00e9tiquette pratiquement invisible, ce qui donne au produit une apparence \u00e9l\u00e9gante et propre.<\/li>\n\n\n\n<li><strong>Meilleure visibilit\u00e9 du produit :<\/strong> En r\u00e9duisant ou en \u00e9liminant les \u00e9tiquettes visibles, l&rsquo;aspect naturel du produit ou la conception de l&#8217;emballage sont mis en \u00e9vidence, ce qui renforce son attrait visuel.<\/li>\n\n\n\n<li><strong>Impression haute r\u00e9solution :<\/strong> Lorsqu&rsquo;elles sont utilis\u00e9es, les techniques d&rsquo;impression de haute qualit\u00e9 garantissent que toutes les informations n\u00e9cessaires sur le produit sont claires et lisibles, sans nuire \u00e0 l&rsquo;esth\u00e9tique du produit.<\/li>\n\n\n\n<li><strong>Application polyvalente :<\/strong> Convient \u00e0 divers types d&#8217;emballages, y compris les bouteilles en verre, les conteneurs en plastique et les bo\u00eetes m\u00e9talliques, ce qui permet d&rsquo;obtenir un aspect homog\u00e8ne qui s&rsquo;aligne sur les strat\u00e9gies de marque haut de gamme ou modernes.<\/li>\n<\/ul>\n\n    <\/div>\n<\/div>\n\n\n<div class=\"wp-block-atlpkg-tab\" >\n    <button class=\"md:hidden tab-label-mobile font-display w-full flex items-center justify-between border-b-2 py-4 text-left text-lg font-bold uppercase \"\n        role=\"tab\"\n        aria-selected=\"false\"\n        aria-controls=\"Parfait pour\"\n        tabindex=\"0\"\n    >\n        Parfait pour\n        <svg xmlns=\"http:\/\/www.w3.org\/2000\/svg\" fill=\"none\" viewBox=\"0 0 24 24\" stroke-width=\"1.5\" stroke=\"currentColor\" class=\"size-6\">\n            <path stroke-linecap=\"round\" stroke-linejoin=\"round\" d=\"m8.25 4.5 7.5 7.5-7.5 7.5\" \/>\n        <\/svg>\n    <\/button>\n    <div class=\"tab-panel py-6\" role=\"tabpanel\" tabindex=\"0\">\n        \n\n\t<div class=\"grid grid-cols-2 sm:grid-cols-3 md:grid-cols-4 gap-x-6 gap-y-12 wp-block-atlpkg-gallery-caption\">\n\t\t\t\t\t<div class=\"flex flex-col items-center gap-3\">\n\t\t\t\t<img loading=\"lazy\" decoding=\"async\" width=\"266\" height=\"300\" src=\"https:\/\/atlantiquepackaging.com\/wp-content\/uploads\/2024\/08\/Luxury-perfume-bottle-6-e1723298638344-266x300.png\" class=\"size-28 object-contain object-center aspect-square\" alt=\"\" srcset=\"https:\/\/atlantiquepackaging.com\/wp-content\/uploads\/2024\/08\/Luxury-perfume-bottle-6-e1723298638344-266x300.png 266w, https:\/\/atlantiquepackaging.com\/wp-content\/uploads\/2024\/08\/Luxury-perfume-bottle-6-e1723298638344-909x1024.png 909w, https:\/\/atlantiquepackaging.com\/wp-content\/uploads\/2024\/08\/Luxury-perfume-bottle-6-e1723298638344-768x865.png 768w, https:\/\/atlantiquepackaging.com\/wp-content\/uploads\/2024\/08\/Luxury-perfume-bottle-6-e1723298638344-1364x1536.png 1364w, https:\/\/atlantiquepackaging.com\/wp-content\/uploads\/2024\/08\/Luxury-perfume-bottle-6-e1723298638344.png 1754w\" sizes=\"(max-width: 266px) 100vw, 266px\" \/>\t\t\t\t<p class=\"text-blue-dianne-800 text-center\">Luxury Packaging (perfumes, high-end cosmetics)<\/p>\n\t\t\t<\/div>\n\t\t\t\t\t<div class=\"flex flex-col items-center gap-3\">\n\t\t\t\t<img loading=\"lazy\" decoding=\"async\" width=\"300\" height=\"300\" src=\"https:\/\/atlantiquepackaging.com\/wp-content\/uploads\/2024\/08\/can-e1723222190449-300x300.png\" class=\"size-28 object-contain object-center aspect-square\" alt=\"\" srcset=\"https:\/\/atlantiquepackaging.com\/wp-content\/uploads\/2024\/08\/can-e1723222190449-300x300.png 300w, https:\/\/atlantiquepackaging.com\/wp-content\/uploads\/2024\/08\/can-e1723222190449-1024x1024.png 1024w, https:\/\/atlantiquepackaging.com\/wp-content\/uploads\/2024\/08\/can-e1723222190449-150x150.png 150w, https:\/\/atlantiquepackaging.com\/wp-content\/uploads\/2024\/08\/can-e1723222190449-768x768.png 768w, https:\/\/atlantiquepackaging.com\/wp-content\/uploads\/2024\/08\/can-e1723222190449-1536x1536.png 1536w, https:\/\/atlantiquepackaging.com\/wp-content\/uploads\/2024\/08\/can-e1723222190449.png 1800w\" sizes=\"(max-width: 300px) 100vw, 300px\" \/>\t\t\t\t<p class=\"text-blue-dianne-800 text-center\">Canned Products<\/p>\n\t\t\t<\/div>\n\t\t\t\t\t<div class=\"flex flex-col items-center gap-3\">\n\t\t\t\t<img loading=\"lazy\" decoding=\"async\" width=\"300\" height=\"254\" src=\"https:\/\/atlantiquepackaging.com\/wp-content\/uploads\/2024\/08\/pngtree-lip-balm-tube-mockup-png-image_4756455-300x254.png\" class=\"size-28 object-contain object-center aspect-square\" alt=\"\" srcset=\"https:\/\/atlantiquepackaging.com\/wp-content\/uploads\/2024\/08\/pngtree-lip-balm-tube-mockup-png-image_4756455-300x254.png 300w, https:\/\/atlantiquepackaging.com\/wp-content\/uploads\/2024\/08\/pngtree-lip-balm-tube-mockup-png-image_4756455.png 427w\" sizes=\"(max-width: 300px) 100vw, 300px\" \/>\t\t\t\t<p class=\"text-blue-dianne-800 text-center\">Cosmetics (lip balms, small skincare products)<\/p>\n\t\t\t<\/div>\n\t\t\t\t\t<div class=\"flex flex-col items-center gap-3\">\n\t\t\t\t<img loading=\"lazy\" decoding=\"async\" width=\"212\" height=\"300\" src=\"https:\/\/atlantiquepackaging.com\/wp-content\/uploads\/2024\/08\/honey-jar-2-212x300.png\" class=\"size-28 object-contain object-center aspect-square\" alt=\"\" srcset=\"https:\/\/atlantiquepackaging.com\/wp-content\/uploads\/2024\/08\/honey-jar-2-212x300.png 212w, https:\/\/atlantiquepackaging.com\/wp-content\/uploads\/2024\/08\/honey-jar-2-722x1024.png 722w, https:\/\/atlantiquepackaging.com\/wp-content\/uploads\/2024\/08\/honey-jar-2-768x1089.png 768w, https:\/\/atlantiquepackaging.com\/wp-content\/uploads\/2024\/08\/honey-jar-2.png 952w\" sizes=\"(max-width: 212px) 100vw, 212px\" \/>\t\t\t\t<p class=\"text-blue-dianne-800 text-center\">Food Containers (jams, sauces, yogurt cups)<\/p>\n\t\t\t<\/div>\n\t\t\t<\/div>\n\n\n    <\/div>\n<\/div>\n    <\/div>\n<\/div>\n","protected":false},"excerpt":{"rendered":"","protected":false},"featured_media":1111,"template":"","class_list":["post-3362","product","type-product","status-publish","has-post-thumbnail","hentry"],"acf":[],"_links":{"self":[{"href":"https:\/\/atlantiquepackaging.com\/fr\/wp-json\/wp\/v2\/products\/3362","targetHints":{"allow":["GET"]}}],"collection":[{"href":"https:\/\/atlantiquepackaging.com\/fr\/wp-json\/wp\/v2\/products"}],"about":[{"href":"https:\/\/atlantiquepackaging.com\/fr\/wp-json\/wp\/v2\/types\/product"}],"version-history":[{"count":5,"href":"https:\/\/atlantiquepackaging.com\/fr\/wp-json\/wp\/v2\/products\/3362\/revisions"}],"predecessor-version":[{"id":5303,"href":"https:\/\/atlantiquepackaging.com\/fr\/wp-json\/wp\/v2\/products\/3362\/revisions\/5303"}],"wp:featuredmedia":[{"embeddable":true,"href":"https:\/\/atlantiquepackaging.com\/fr\/wp-json\/wp\/v2\/media\/1111"}],"wp:attachment":[{"href":"https:\/\/atlantiquepackaging.com\/fr\/wp-json\/wp\/v2\/media?parent=3362"}],"curies":[{"name":"wp","href":"https:\/\/api.w.org\/{rel}","templated":true}]}}