{"id":3363,"date":"2024-08-10T14:15:50","date_gmt":"2024-08-10T12:15:50","guid":{"rendered":"https:\/\/atlantiquepackaging.com\/product\/etiquettes-en-papier-adhesif\/"},"modified":"2024-11-25T13:39:01","modified_gmt":"2024-11-25T12:39:01","slug":"etiquettes-en-papier-adhesif","status":"publish","type":"product","link":"https:\/\/atlantiquepackaging.com\/fr\/product\/etiquettes-en-papier-adhesif\/","title":{"rendered":"\u00c9tiquettes en papier adh\u00e9sif"},"content":{"rendered":"<div class=\"wp-block-atlpkg-tabs\">\n\n            <div class=\"hidden md:block\">\n            <div class=\"border-b border-gray-200\">\n                <nav class=\"tab-labels -mb-px flex\" aria-label=\"Tabs\">\n                                            <button class=\"tab-label border-b-2 px-10 py-4 text-center text-lg font-display font-bold uppercase active\"\n                            role=\"tab\"\n                            aria-selected=\"true\"\n                            aria-controls=\"Description\"\n                            tabindex=\"0\"\n                        >\n                            Description                        <\/button>\n                                            <button class=\"tab-label border-b-2 px-10 py-4 text-center text-lg font-display font-bold uppercase \"\n                            role=\"tab\"\n                            aria-selected=\"false\"\n                            aria-controls=\"Caract\u00e9ristiques\"\n                            tabindex=\"0\"\n                        >\n                            Caract\u00e9ristiques                        <\/button>\n                                            <button class=\"tab-label border-b-2 px-10 py-4 text-center text-lg font-display font-bold uppercase \"\n                            role=\"tab\"\n                            aria-selected=\"false\"\n                            aria-controls=\"Parfait pour\"\n                            tabindex=\"0\"\n                        >\n                            Parfait pour                        <\/button>\n                                    <\/nav>\n            <\/div>\n        <\/div>\n    \n    <div class=\"tab-content\">\n        \n\n<div class=\"wp-block-atlpkg-tab\" >\n    <button class=\"md:hidden tab-label-mobile font-display w-full flex items-center justify-between border-b-2 py-4 text-left text-lg font-bold uppercase active\"\n        role=\"tab\"\n        aria-selected=\"true\"\n        aria-controls=\"Description\"\n        tabindex=\"0\"\n    >\n        Description\n        <svg xmlns=\"http:\/\/www.w3.org\/2000\/svg\" fill=\"none\" viewBox=\"0 0 24 24\" stroke-width=\"1.5\" stroke=\"currentColor\" class=\"size-6\">\n            <path stroke-linecap=\"round\" stroke-linejoin=\"round\" d=\"m8.25 4.5 7.5 7.5-7.5 7.5\" \/>\n        <\/svg>\n    <\/button>\n    <div class=\"tab-panel py-6\" role=\"tabpanel\" tabindex=\"0\">\n        \n\n<p>Les \u00e9tiquettes en papier adh\u00e9sif sont des solutions d&rsquo;\u00e9tiquetage polyvalentes et rentables, fabriqu\u00e9es \u00e0 partir de papier avec un support adh\u00e9sif collant. Ces \u00e9tiquettes sont utilis\u00e9es dans divers secteurs d&rsquo;activit\u00e9 pour le marquage, les informations sur les produits, les codes-barres et les besoins g\u00e9n\u00e9raux en mati\u00e8re d&rsquo;\u00e9tiquetage. Elles peuvent \u00eatre facilement appliqu\u00e9es sur la plupart des surfaces et sont id\u00e9ales pour une utilisation en int\u00e9rieur sur des produits, des emballages et des documents.  <\/p>\n\n    <\/div>\n<\/div>\n\n\n<div class=\"wp-block-atlpkg-tab\" >\n    <button class=\"md:hidden tab-label-mobile font-display w-full flex items-center justify-between border-b-2 py-4 text-left text-lg font-bold uppercase \"\n        role=\"tab\"\n        aria-selected=\"false\"\n        aria-controls=\"Caract\u00e9ristiques\"\n        tabindex=\"0\"\n    >\n        Caract\u00e9ristiques\n        <svg xmlns=\"http:\/\/www.w3.org\/2000\/svg\" fill=\"none\" viewBox=\"0 0 24 24\" stroke-width=\"1.5\" stroke=\"currentColor\" class=\"size-6\">\n            <path stroke-linecap=\"round\" stroke-linejoin=\"round\" d=\"m8.25 4.5 7.5 7.5-7.5 7.5\" \/>\n        <\/svg>\n    <\/button>\n    <div class=\"tab-panel py-6\" role=\"tabpanel\" tabindex=\"0\">\n        \n\n<ul class=\"wp-block-list\">\n<li><strong>Rentables :<\/strong> Fabriqu\u00e9es \u00e0 partir de papier, ces \u00e9tiquettes constituent un choix \u00e9conomique pour une large gamme d&rsquo;applications d&rsquo;\u00e9tiquetage, de l&rsquo;identification des produits aux \u00e9tiquettes d&rsquo;exp\u00e9dition.<\/li>\n\n\n\n<li><strong>Application facile :<\/strong> Le support adh\u00e9sif permet une application rapide et directe, garantissant des processus d&rsquo;\u00e9tiquetage efficaces.<\/li>\n\n\n\n<li><strong>Personnalisables :<\/strong> Disponibles dans une grande vari\u00e9t\u00e9 de tailles, de formes et de finitions (mates, brillantes), ils peuvent \u00eatre imprim\u00e9s avec des dessins, des logos, des codes-barres ou du texte personnalis\u00e9s pour r\u00e9pondre \u00e0 des besoins sp\u00e9cifiques.<\/li>\n\n\n\n<li><strong>Options \u00e9cologiques :<\/strong> Propos\u00e9s en papier recyclable et biod\u00e9gradable, ils s\u00e9duisent les marques et les consommateurs soucieux de l&rsquo;environnement.<\/li>\n<\/ul>\n\n    <\/div>\n<\/div>\n\n\n<div class=\"wp-block-atlpkg-tab\" >\n    <button class=\"md:hidden tab-label-mobile font-display w-full flex items-center justify-between border-b-2 py-4 text-left text-lg font-bold uppercase \"\n        role=\"tab\"\n        aria-selected=\"false\"\n        aria-controls=\"Parfait pour\"\n        tabindex=\"0\"\n    >\n        Parfait pour\n        <svg xmlns=\"http:\/\/www.w3.org\/2000\/svg\" fill=\"none\" viewBox=\"0 0 24 24\" stroke-width=\"1.5\" stroke=\"currentColor\" class=\"size-6\">\n            <path stroke-linecap=\"round\" stroke-linejoin=\"round\" d=\"m8.25 4.5 7.5 7.5-7.5 7.5\" \/>\n        <\/svg>\n    <\/button>\n    <div class=\"tab-panel py-6\" role=\"tabpanel\" tabindex=\"0\">\n        \n\n\t<div class=\"grid grid-cols-2 sm:grid-cols-3 md:grid-cols-4 gap-x-6 gap-y-12 wp-block-atlpkg-gallery-caption\">\n\t\t\t\t\t<div class=\"flex flex-col items-center gap-3\">\n\t\t\t\t<img loading=\"lazy\" decoding=\"async\" width=\"212\" height=\"300\" src=\"https:\/\/atlantiquepackaging.com\/wp-content\/uploads\/2024\/08\/honey-jar-2-212x300.png\" class=\"size-28 object-contain object-center aspect-square\" alt=\"\" srcset=\"https:\/\/atlantiquepackaging.com\/wp-content\/uploads\/2024\/08\/honey-jar-2-212x300.png 212w, https:\/\/atlantiquepackaging.com\/wp-content\/uploads\/2024\/08\/honey-jar-2-722x1024.png 722w, https:\/\/atlantiquepackaging.com\/wp-content\/uploads\/2024\/08\/honey-jar-2-768x1089.png 768w, https:\/\/atlantiquepackaging.com\/wp-content\/uploads\/2024\/08\/honey-jar-2.png 952w\" sizes=\"(max-width: 212px) 100vw, 212px\" \/>\t\t\t\t<p class=\"text-blue-dianne-800 text-center\">Food Containers (jams, sauces, yogurt cups)<\/p>\n\t\t\t<\/div>\n\t\t\t\t\t<div class=\"flex flex-col items-center gap-3\">\n\t\t\t\t<img loading=\"lazy\" decoding=\"async\" width=\"200\" height=\"300\" src=\"https:\/\/atlantiquepackaging.com\/wp-content\/uploads\/2024\/08\/glass-of-beer-8-200x300.png\" class=\"size-28 object-contain object-center aspect-square\" alt=\"\" srcset=\"https:\/\/atlantiquepackaging.com\/wp-content\/uploads\/2024\/08\/glass-of-beer-8-200x300.png 200w, https:\/\/atlantiquepackaging.com\/wp-content\/uploads\/2024\/08\/glass-of-beer-8-683x1024.png 683w, https:\/\/atlantiquepackaging.com\/wp-content\/uploads\/2024\/08\/glass-of-beer-8-768x1152.png 768w, https:\/\/atlantiquepackaging.com\/wp-content\/uploads\/2024\/08\/glass-of-beer-8-1024x1536.png 1024w, https:\/\/atlantiquepackaging.com\/wp-content\/uploads\/2024\/08\/glass-of-beer-8-1365x2048.png 1365w, https:\/\/atlantiquepackaging.com\/wp-content\/uploads\/2024\/08\/glass-of-beer-8.png 1400w\" sizes=\"(max-width: 200px) 100vw, 200px\" \/>\t\t\t\t<p class=\"text-blue-dianne-800 text-center\">Glass <\/p>\n\t\t\t<\/div>\n\t\t\t\t\t<div class=\"flex flex-col items-center gap-3\">\n\t\t\t\t<img loading=\"lazy\" decoding=\"async\" width=\"225\" height=\"225\" src=\"https:\/\/atlantiquepackaging.com\/wp-content\/uploads\/2024\/08\/yaourt.jpeg\" class=\"size-28 object-contain object-center aspect-square\" alt=\"\" srcset=\"https:\/\/atlantiquepackaging.com\/wp-content\/uploads\/2024\/08\/yaourt.jpeg 225w, https:\/\/atlantiquepackaging.com\/wp-content\/uploads\/2024\/08\/yaourt-150x150.jpeg 150w\" sizes=\"(max-width: 225px) 100vw, 225px\" \/>\t\t\t\t<p class=\"text-blue-dianne-800 text-center\">Yogurt<\/p>\n\t\t\t<\/div>\n\t\t\t<\/div>\n\n\n    <\/div>\n<\/div>\n    <\/div>\n<\/div>\n","protected":false},"excerpt":{"rendered":"","protected":false},"featured_media":1290,"template":"","class_list":["post-3363","product","type-product","status-publish","has-post-thumbnail","hentry"],"acf":[],"_links":{"self":[{"href":"https:\/\/atlantiquepackaging.com\/fr\/wp-json\/wp\/v2\/products\/3363","targetHints":{"allow":["GET"]}}],"collection":[{"href":"https:\/\/atlantiquepackaging.com\/fr\/wp-json\/wp\/v2\/products"}],"about":[{"href":"https:\/\/atlantiquepackaging.com\/fr\/wp-json\/wp\/v2\/types\/product"}],"version-history":[{"count":3,"href":"https:\/\/atlantiquepackaging.com\/fr\/wp-json\/wp\/v2\/products\/3363\/revisions"}],"predecessor-version":[{"id":3529,"href":"https:\/\/atlantiquepackaging.com\/fr\/wp-json\/wp\/v2\/products\/3363\/revisions\/3529"}],"wp:featuredmedia":[{"embeddable":true,"href":"https:\/\/atlantiquepackaging.com\/fr\/wp-json\/wp\/v2\/media\/1290"}],"wp:attachment":[{"href":"https:\/\/atlantiquepackaging.com\/fr\/wp-json\/wp\/v2\/media?parent=3363"}],"curies":[{"name":"wp","href":"https:\/\/api.w.org\/{rel}","templated":true}]}}