{"id":3366,"date":"2024-08-15T16:19:35","date_gmt":"2024-08-15T14:19:35","guid":{"rendered":"https:\/\/atlantiquepackaging.com\/product\/cartons-barriere-contrecolles\/"},"modified":"2024-11-25T13:29:09","modified_gmt":"2024-11-25T12:29:09","slug":"cartons-barriere-contrecolles","status":"publish","type":"product","link":"https:\/\/atlantiquepackaging.com\/fr\/product\/cartons-barriere-contrecolles\/","title":{"rendered":"Cartons barri\u00e8re contrecoll\u00e9s"},"content":{"rendered":"<div class=\"wp-block-atlpkg-tabs\">\n\n            <div class=\"hidden md:block\">\n            <div class=\"border-b border-gray-200\">\n                <nav class=\"tab-labels -mb-px flex\" aria-label=\"Tabs\">\n                                            <button class=\"tab-label border-b-2 px-10 py-4 text-center text-lg font-display font-bold uppercase active\"\n                            role=\"tab\"\n                            aria-selected=\"true\"\n                            aria-controls=\"Description\"\n                            tabindex=\"0\"\n                        >\n                            Description                        <\/button>\n                                            <button class=\"tab-label border-b-2 px-10 py-4 text-center text-lg font-display font-bold uppercase \"\n                            role=\"tab\"\n                            aria-selected=\"false\"\n                            aria-controls=\"Caract\u00e9ristiques\"\n                            tabindex=\"0\"\n                        >\n                            Caract\u00e9ristiques                        <\/button>\n                                            <button class=\"tab-label border-b-2 px-10 py-4 text-center text-lg font-display font-bold uppercase \"\n                            role=\"tab\"\n                            aria-selected=\"false\"\n                            aria-controls=\"Parfait pour\"\n                            tabindex=\"0\"\n                        >\n                            Parfait pour                        <\/button>\n                                    <\/nav>\n            <\/div>\n        <\/div>\n    \n    <div class=\"tab-content\">\n        \n\n<div class=\"wp-block-atlpkg-tab\" >\n    <button class=\"md:hidden tab-label-mobile font-display w-full flex items-center justify-between border-b-2 py-4 text-left text-lg font-bold uppercase active\"\n        role=\"tab\"\n        aria-selected=\"true\"\n        aria-controls=\"Description\"\n        tabindex=\"0\"\n    >\n        Description\n        <svg xmlns=\"http:\/\/www.w3.org\/2000\/svg\" fill=\"none\" viewBox=\"0 0 24 24\" stroke-width=\"1.5\" stroke=\"currentColor\" class=\"size-6\">\n            <path stroke-linecap=\"round\" stroke-linejoin=\"round\" d=\"m8.25 4.5 7.5 7.5-7.5 7.5\" \/>\n        <\/svg>\n    <\/button>\n    <div class=\"tab-panel py-6\" role=\"tabpanel\" tabindex=\"0\">\n        \n\n<p>Les cartons \u00e0 barri\u00e8re lamin\u00e9e sont con\u00e7us avec une couche lamin\u00e9e qui agit comme une barri\u00e8re contre l&rsquo;humidit\u00e9, l&rsquo;oxyg\u00e8ne, la lumi\u00e8re et d&rsquo;autres \u00e9l\u00e9ments ext\u00e9rieurs. Cette construction multicouche permet de prot\u00e9ger le contenu, de prolonger la dur\u00e9e de conservation et de maintenir la qualit\u00e9 du produit.   <\/p>\n\n    <\/div>\n<\/div>\n\n\n<div class=\"wp-block-atlpkg-tab\" >\n    <button class=\"md:hidden tab-label-mobile font-display w-full flex items-center justify-between border-b-2 py-4 text-left text-lg font-bold uppercase \"\n        role=\"tab\"\n        aria-selected=\"false\"\n        aria-controls=\"Caract\u00e9ristiques\"\n        tabindex=\"0\"\n    >\n        Caract\u00e9ristiques\n        <svg xmlns=\"http:\/\/www.w3.org\/2000\/svg\" fill=\"none\" viewBox=\"0 0 24 24\" stroke-width=\"1.5\" stroke=\"currentColor\" class=\"size-6\">\n            <path stroke-linecap=\"round\" stroke-linejoin=\"round\" d=\"m8.25 4.5 7.5 7.5-7.5 7.5\" \/>\n        <\/svg>\n    <\/button>\n    <div class=\"tab-panel py-6\" role=\"tabpanel\" tabindex=\"0\">\n        \n\n<ul class=\"wp-block-list\">\n<li><strong>Protection renforc\u00e9e :<\/strong> La barri\u00e8re lamin\u00e9e offre une protection sup\u00e9rieure contre l&rsquo;humidit\u00e9, l&rsquo;air et la lumi\u00e8re, ce qui permet de pr\u00e9server la fra\u00eecheur et l&rsquo;int\u00e9grit\u00e9 du produit \u00e0 l&rsquo;int\u00e9rieur.<\/li>\n\n\n\n<li><strong>Construction durable :<\/strong> Construit avec plusieurs couches qui ajoutent de la force et de la rigidit\u00e9 au carton, ce qui le rend r\u00e9sistant aux perforations, aux fuites et \u00e0 d&rsquo;autres dommages physiques.<\/li>\n\n\n\n<li><strong>Conception personnalisable :<\/strong> Disponible en diff\u00e9rentes tailles, formes et finitions, avec des options d&rsquo;impression et de marquage de haute qualit\u00e9 \u00e0 l&rsquo;ext\u00e9rieur, tout en conservant la barri\u00e8re protectrice \u00e0 l&rsquo;int\u00e9rieur.<\/li>\n\n\n\n<li><strong>Options de d\u00e9veloppement durable :<\/strong> Souvent fabriqu\u00e9s \u00e0 partir de mat\u00e9riaux recyclables ou \u00e9cologiques, ces cartons peuvent \u00eatre con\u00e7us pour r\u00e9pondre \u00e0 des objectifs de d\u00e9veloppement durable, en fonction du stratifi\u00e9 utilis\u00e9.<\/li>\n<\/ul>\n\n    <\/div>\n<\/div>\n\n\n<div class=\"wp-block-atlpkg-tab\" >\n    <button class=\"md:hidden tab-label-mobile font-display w-full flex items-center justify-between border-b-2 py-4 text-left text-lg font-bold uppercase \"\n        role=\"tab\"\n        aria-selected=\"false\"\n        aria-controls=\"Parfait pour\"\n        tabindex=\"0\"\n    >\n        Parfait pour\n        <svg xmlns=\"http:\/\/www.w3.org\/2000\/svg\" fill=\"none\" viewBox=\"0 0 24 24\" stroke-width=\"1.5\" stroke=\"currentColor\" class=\"size-6\">\n            <path stroke-linecap=\"round\" stroke-linejoin=\"round\" d=\"m8.25 4.5 7.5 7.5-7.5 7.5\" \/>\n        <\/svg>\n    <\/button>\n    <div class=\"tab-panel py-6\" role=\"tabpanel\" tabindex=\"0\">\n        \n\n\t<div class=\"grid grid-cols-2 sm:grid-cols-3 md:grid-cols-4 gap-x-6 gap-y-12 wp-block-atlpkg-gallery-caption\">\n\t\t\t\t\t<div class=\"flex flex-col items-center gap-3\">\n\t\t\t\t<img loading=\"lazy\" decoding=\"async\" width=\"300\" height=\"171\" src=\"https:\/\/atlantiquepackaging.com\/wp-content\/uploads\/2024\/08\/cheese-3-300x171.png\" class=\"size-28 object-contain object-center aspect-square\" alt=\"\" srcset=\"https:\/\/atlantiquepackaging.com\/wp-content\/uploads\/2024\/08\/cheese-3-300x171.png 300w, https:\/\/atlantiquepackaging.com\/wp-content\/uploads\/2024\/08\/cheese-3-1024x582.png 1024w, https:\/\/atlantiquepackaging.com\/wp-content\/uploads\/2024\/08\/cheese-3-768x437.png 768w, https:\/\/atlantiquepackaging.com\/wp-content\/uploads\/2024\/08\/cheese-3-1536x873.png 1536w, https:\/\/atlantiquepackaging.com\/wp-content\/uploads\/2024\/08\/cheese-3.png 2000w\" sizes=\"(max-width: 300px) 100vw, 300px\" \/>\t\t\t\t<p class=\"text-blue-dianne-800 text-center\">C<\/p>\n\t\t\t<\/div>\n\t\t\t\t\t<div class=\"flex flex-col items-center gap-3\">\n\t\t\t\t<img loading=\"lazy\" decoding=\"async\" width=\"300\" height=\"281\" src=\"https:\/\/atlantiquepackaging.com\/wp-content\/uploads\/2024\/07\/23-e1723037410894-300x281.png\" class=\"size-28 object-contain object-center aspect-square\" alt=\"\" srcset=\"https:\/\/atlantiquepackaging.com\/wp-content\/uploads\/2024\/07\/23-e1723037410894-300x281.png 300w, https:\/\/atlantiquepackaging.com\/wp-content\/uploads\/2024\/07\/23-e1723037410894-768x719.png 768w, https:\/\/atlantiquepackaging.com\/wp-content\/uploads\/2024\/07\/23-e1723037410894.png 822w\" sizes=\"(max-width: 300px) 100vw, 300px\" \/>\t\t\t\t<p class=\"text-blue-dianne-800 text-center\">Tea, Infusions<\/p>\n\t\t\t<\/div>\n\t\t\t\t\t<div class=\"flex flex-col items-center gap-3\">\n\t\t\t\t<img loading=\"lazy\" decoding=\"async\" width=\"291\" height=\"300\" src=\"https:\/\/atlantiquepackaging.com\/wp-content\/uploads\/2024\/08\/wheat-61-291x300.png\" class=\"size-28 object-contain object-center aspect-square\" alt=\"\" srcset=\"https:\/\/atlantiquepackaging.com\/wp-content\/uploads\/2024\/08\/wheat-61-291x300.png 291w, https:\/\/atlantiquepackaging.com\/wp-content\/uploads\/2024\/08\/wheat-61-992x1024.png 992w, https:\/\/atlantiquepackaging.com\/wp-content\/uploads\/2024\/08\/wheat-61-768x793.png 768w, https:\/\/atlantiquepackaging.com\/wp-content\/uploads\/2024\/08\/wheat-61.png 1019w\" sizes=\"(max-width: 291px) 100vw, 291px\" \/>\t\t\t\t<p class=\"text-blue-dianne-800 text-center\">Cereals<\/p>\n\t\t\t<\/div>\n\t\t\t\t\t<div class=\"flex flex-col items-center gap-3\">\n\t\t\t\t<img loading=\"lazy\" decoding=\"async\" width=\"300\" height=\"225\" src=\"https:\/\/atlantiquepackaging.com\/wp-content\/uploads\/2024\/08\/tablets-2-300x225.png\" class=\"size-28 object-contain object-center aspect-square\" alt=\"\" srcset=\"https:\/\/atlantiquepackaging.com\/wp-content\/uploads\/2024\/08\/tablets-2-300x225.png 300w, https:\/\/atlantiquepackaging.com\/wp-content\/uploads\/2024\/08\/tablets-2-1024x769.png 1024w, https:\/\/atlantiquepackaging.com\/wp-content\/uploads\/2024\/08\/tablets-2-768x577.png 768w, https:\/\/atlantiquepackaging.com\/wp-content\/uploads\/2024\/08\/tablets-2.png 1500w\" sizes=\"(max-width: 300px) 100vw, 300px\" \/>\t\t\t\t<p class=\"text-blue-dianne-800 text-center\">Pharmaceuticals (tablets, capsules)<\/p>\n\t\t\t<\/div>\n\t\t\t<\/div>\n\n\n    <\/div>\n<\/div>\n    <\/div>\n<\/div>\n","protected":false},"excerpt":{"rendered":"","protected":false},"featured_media":2149,"template":"","class_list":["post-3366","product","type-product","status-publish","has-post-thumbnail","hentry"],"acf":[],"_links":{"self":[{"href":"https:\/\/atlantiquepackaging.com\/fr\/wp-json\/wp\/v2\/products\/3366","targetHints":{"allow":["GET"]}}],"collection":[{"href":"https:\/\/atlantiquepackaging.com\/fr\/wp-json\/wp\/v2\/products"}],"about":[{"href":"https:\/\/atlantiquepackaging.com\/fr\/wp-json\/wp\/v2\/types\/product"}],"version-history":[{"count":3,"href":"https:\/\/atlantiquepackaging.com\/fr\/wp-json\/wp\/v2\/products\/3366\/revisions"}],"predecessor-version":[{"id":3517,"href":"https:\/\/atlantiquepackaging.com\/fr\/wp-json\/wp\/v2\/products\/3366\/revisions\/3517"}],"wp:featuredmedia":[{"embeddable":true,"href":"https:\/\/atlantiquepackaging.com\/fr\/wp-json\/wp\/v2\/media\/2149"}],"wp:attachment":[{"href":"https:\/\/atlantiquepackaging.com\/fr\/wp-json\/wp\/v2\/media?parent=3366"}],"curies":[{"name":"wp","href":"https:\/\/api.w.org\/{rel}","templated":true}]}}