{"id":3371,"date":"2024-08-15T16:27:39","date_gmt":"2024-08-15T14:27:39","guid":{"rendered":"https:\/\/atlantiquepackaging.com\/product\/cartons-a-pignon\/"},"modified":"2026-01-04T12:50:56","modified_gmt":"2026-01-04T11:50:56","slug":"cartons-a-pignon","status":"publish","type":"product","link":"https:\/\/atlantiquepackaging.com\/fr\/product\/cartons-a-pignon\/","title":{"rendered":"Cartons \u00e0 pignon"},"content":{"rendered":"<div class=\"wp-block-atlpkg-tabs\">\n\n            <div class=\"hidden md:block\">\n            <div class=\"border-b border-gray-200\">\n                <nav class=\"tab-labels -mb-px flex\" aria-label=\"Tabs\">\n                                            <button class=\"tab-label border-b-2 px-10 py-4 text-center text-lg font-display font-bold uppercase active\"\n                            role=\"tab\"\n                            aria-selected=\"true\"\n                            aria-controls=\"Description\"\n                            tabindex=\"0\"\n                        >\n                            Description                        <\/button>\n                                            <button class=\"tab-label border-b-2 px-10 py-4 text-center text-lg font-display font-bold uppercase \"\n                            role=\"tab\"\n                            aria-selected=\"false\"\n                            aria-controls=\"Caract\u00e9ristiques\"\n                            tabindex=\"0\"\n                        >\n                            Caract\u00e9ristiques                        <\/button>\n                                            <button class=\"tab-label border-b-2 px-10 py-4 text-center text-lg font-display font-bold uppercase \"\n                            role=\"tab\"\n                            aria-selected=\"false\"\n                            aria-controls=\"Parfait pour\"\n                            tabindex=\"0\"\n                        >\n                            Parfait pour                        <\/button>\n                                    <\/nav>\n            <\/div>\n        <\/div>\n    \n    <div class=\"tab-content\">\n        \n\n<div class=\"wp-block-atlpkg-tab\" >\n    <button class=\"md:hidden tab-label-mobile font-display w-full flex items-center justify-between border-b-2 py-4 text-left text-lg font-bold uppercase active\"\n        role=\"tab\"\n        aria-selected=\"true\"\n        aria-controls=\"Description\"\n        tabindex=\"0\"\n    >\n        Description\n        <svg xmlns=\"http:\/\/www.w3.org\/2000\/svg\" fill=\"none\" viewBox=\"0 0 24 24\" stroke-width=\"1.5\" stroke=\"currentColor\" class=\"size-6\">\n            <path stroke-linecap=\"round\" stroke-linejoin=\"round\" d=\"m8.25 4.5 7.5 7.5-7.5 7.5\" \/>\n        <\/svg>\n    <\/button>\n    <div class=\"tab-panel py-6\" role=\"tabpanel\" tabindex=\"0\">\n        \n\n<p>Les cartons \u00e0 pignon sont un type d&#8217;emballage couramment utilis\u00e9 pour les produits p\u00e9rissables. Caract\u00e9ris\u00e9s par leur sommet unique en forme de pignon, ces cartons sont fabriqu\u00e9s \u00e0 partir de carton et peuvent \u00eatre doubl\u00e9s d&rsquo;un plastique ou d&rsquo;un film, offrant ainsi une excellente protection contre l&rsquo;humidit\u00e9 et l&rsquo;air. La conception comprend un couvercle refermable pratique, qui permet aux consommateurs de verser et de stocker facilement les produits.  <\/p>\n\n    <\/div>\n<\/div>\n\n\n<div class=\"wp-block-atlpkg-tab\" >\n    <button class=\"md:hidden tab-label-mobile font-display w-full flex items-center justify-between border-b-2 py-4 text-left text-lg font-bold uppercase \"\n        role=\"tab\"\n        aria-selected=\"false\"\n        aria-controls=\"Caract\u00e9ristiques\"\n        tabindex=\"0\"\n    >\n        Caract\u00e9ristiques\n        <svg xmlns=\"http:\/\/www.w3.org\/2000\/svg\" fill=\"none\" viewBox=\"0 0 24 24\" stroke-width=\"1.5\" stroke=\"currentColor\" class=\"size-6\">\n            <path stroke-linecap=\"round\" stroke-linejoin=\"round\" d=\"m8.25 4.5 7.5 7.5-7.5 7.5\" \/>\n        <\/svg>\n    <\/button>\n    <div class=\"tab-panel py-6\" role=\"tabpanel\" tabindex=\"0\">\n        \n\n<ul class=\"wp-block-list\">\n<li><strong>Conception refermable :<\/strong> Le couvercle \u00e0 pignon permet une ouverture et une fermeture faciles, ce qui facilite l&rsquo;utilisation et le stockage des produits par les consommateurs.<\/li>\n\n\n\n<li><strong>Excellente protection du produit :<\/strong> Fabriqu\u00e9s en carton contrecoll\u00e9, ces cartons prot\u00e8gent le contenu de la lumi\u00e8re, de l&rsquo;air et de l&rsquo;humidit\u00e9, contribuant ainsi \u00e0 prolonger la dur\u00e9e de conservation.<\/li>\n\n\n\n<li><strong>Mat\u00e9riaux durables :<\/strong> Souvent fabriqu\u00e9 \u00e0 partir de ressources renouvelables comme le carton, avec de nombreuses options disponibles pour le recyclage ou le compostage, en accord avec les pratiques respectueuses de l&rsquo;environnement.<\/li>\n\n\n\n<li><strong>Personnalisables :<\/strong> Disponibles en diff\u00e9rentes tailles, avec des options d&rsquo;impression et de marquage de haute qualit\u00e9 sur toutes les faces, ils sont id\u00e9aux pour la vente au d\u00e9tail.<\/li>\n<\/ul>\n\n    <\/div>\n<\/div>\n\n\n<div class=\"wp-block-atlpkg-tab\" >\n    <button class=\"md:hidden tab-label-mobile font-display w-full flex items-center justify-between border-b-2 py-4 text-left text-lg font-bold uppercase \"\n        role=\"tab\"\n        aria-selected=\"false\"\n        aria-controls=\"Parfait pour\"\n        tabindex=\"0\"\n    >\n        Parfait pour\n        <svg xmlns=\"http:\/\/www.w3.org\/2000\/svg\" fill=\"none\" viewBox=\"0 0 24 24\" stroke-width=\"1.5\" stroke=\"currentColor\" class=\"size-6\">\n            <path stroke-linecap=\"round\" stroke-linejoin=\"round\" d=\"m8.25 4.5 7.5 7.5-7.5 7.5\" \/>\n        <\/svg>\n    <\/button>\n    <div class=\"tab-panel py-6\" role=\"tabpanel\" tabindex=\"0\">\n        \n\n\t<div class=\"grid grid-cols-2 sm:grid-cols-3 md:grid-cols-4 gap-x-6 gap-y-12 wp-block-atlpkg-gallery-caption\">\n\t\t\t\t\t<div class=\"flex flex-col items-center gap-3\">\n\t\t\t\t<img loading=\"lazy\" decoding=\"async\" width=\"291\" height=\"300\" src=\"https:\/\/atlantiquepackaging.com\/wp-content\/uploads\/2024\/08\/wheat-61-291x300.png\" class=\"size-28 object-contain object-center aspect-square\" alt=\"\" srcset=\"https:\/\/atlantiquepackaging.com\/wp-content\/uploads\/2024\/08\/wheat-61-291x300.png 291w, https:\/\/atlantiquepackaging.com\/wp-content\/uploads\/2024\/08\/wheat-61-992x1024.png 992w, https:\/\/atlantiquepackaging.com\/wp-content\/uploads\/2024\/08\/wheat-61-768x793.png 768w, https:\/\/atlantiquepackaging.com\/wp-content\/uploads\/2024\/08\/wheat-61.png 1019w\" sizes=\"(max-width: 291px) 100vw, 291px\" \/>\t\t\t\t<p class=\"text-blue-dianne-800 text-center\">Cereals<\/p>\n\t\t\t<\/div>\n\t\t\t\t\t<div class=\"flex flex-col items-center gap-3\">\n\t\t\t\t<img loading=\"lazy\" decoding=\"async\" width=\"246\" height=\"300\" src=\"https:\/\/atlantiquepackaging.com\/wp-content\/uploads\/2024\/08\/Pretzels-246x300.png\" class=\"size-28 object-contain object-center aspect-square\" alt=\"\" srcset=\"https:\/\/atlantiquepackaging.com\/wp-content\/uploads\/2024\/08\/Pretzels-246x300.png 246w, https:\/\/atlantiquepackaging.com\/wp-content\/uploads\/2024\/08\/Pretzels.png 628w\" sizes=\"(max-width: 246px) 100vw, 246px\" \/>\t\t\t\t<p class=\"text-blue-dianne-800 text-center\">Biscuits<\/p>\n\t\t\t<\/div>\n\t\t\t\t\t<div class=\"flex flex-col items-center gap-3\">\n\t\t\t\t<img loading=\"lazy\" decoding=\"async\" width=\"300\" height=\"188\" src=\"https:\/\/atlantiquepackaging.com\/wp-content\/uploads\/2024\/08\/cookies-35-300x188.png\" class=\"size-28 object-contain object-center aspect-square\" alt=\"\" srcset=\"https:\/\/atlantiquepackaging.com\/wp-content\/uploads\/2024\/08\/cookies-35-300x188.png 300w, https:\/\/atlantiquepackaging.com\/wp-content\/uploads\/2024\/08\/cookies-35-768x480.png 768w, https:\/\/atlantiquepackaging.com\/wp-content\/uploads\/2024\/08\/cookies-35.png 800w\" sizes=\"(max-width: 300px) 100vw, 300px\" \/>\t\t\t\t<p class=\"text-blue-dianne-800 text-center\"><\/p>\n\t\t\t<\/div>\n\t\t\t\t\t<div class=\"flex flex-col items-center gap-3\">\n\t\t\t\t<img loading=\"lazy\" decoding=\"async\" width=\"300\" height=\"292\" src=\"https:\/\/atlantiquepackaging.com\/wp-content\/uploads\/2024\/07\/Coffee-Beans-300x292.png\" class=\"size-28 object-contain object-center aspect-square\" alt=\"\" srcset=\"https:\/\/atlantiquepackaging.com\/wp-content\/uploads\/2024\/07\/Coffee-Beans-300x292.png 300w, https:\/\/atlantiquepackaging.com\/wp-content\/uploads\/2024\/07\/Coffee-Beans.png 662w\" sizes=\"(max-width: 300px) 100vw, 300px\" \/>\t\t\t\t<p class=\"text-blue-dianne-800 text-center\">Coffee, Beans<\/p>\n\t\t\t<\/div>\n\t\t\t<\/div>\n\n\n    <\/div>\n<\/div>\n    <\/div>\n<\/div>\n","protected":false},"excerpt":{"rendered":"","protected":false},"featured_media":1252,"template":"","class_list":["post-3371","product","type-product","status-publish","has-post-thumbnail","hentry"],"acf":[],"_links":{"self":[{"href":"https:\/\/atlantiquepackaging.com\/fr\/wp-json\/wp\/v2\/products\/3371","targetHints":{"allow":["GET"]}}],"collection":[{"href":"https:\/\/atlantiquepackaging.com\/fr\/wp-json\/wp\/v2\/products"}],"about":[{"href":"https:\/\/atlantiquepackaging.com\/fr\/wp-json\/wp\/v2\/types\/product"}],"version-history":[{"count":5,"href":"https:\/\/atlantiquepackaging.com\/fr\/wp-json\/wp\/v2\/products\/3371\/revisions"}],"predecessor-version":[{"id":3537,"href":"https:\/\/atlantiquepackaging.com\/fr\/wp-json\/wp\/v2\/products\/3371\/revisions\/3537"}],"wp:featuredmedia":[{"embeddable":true,"href":"https:\/\/atlantiquepackaging.com\/fr\/wp-json\/wp\/v2\/media\/1252"}],"wp:attachment":[{"href":"https:\/\/atlantiquepackaging.com\/fr\/wp-json\/wp\/v2\/media?parent=3371"}],"curies":[{"name":"wp","href":"https:\/\/api.w.org\/{rel}","templated":true}]}}