{"id":3378,"date":"2024-06-27T11:43:34","date_gmt":"2024-06-27T09:43:34","guid":{"rendered":"https:\/\/atlantiquepackaging.com\/product\/boites-de-formes-et-de-tailles-variees\/"},"modified":"2024-11-22T16:59:09","modified_gmt":"2024-11-22T15:59:09","slug":"boites-de-formes-et-de-tailles-variees","status":"publish","type":"product","link":"https:\/\/atlantiquepackaging.com\/fr\/product\/boites-de-formes-et-de-tailles-variees\/","title":{"rendered":"Bo\u00eetes de formes et de tailles vari\u00e9es"},"content":{"rendered":"<div class=\"wp-block-atlpkg-tabs\">\n\n            <div class=\"hidden md:block\">\n            <div class=\"border-b border-gray-200\">\n                <nav class=\"tab-labels -mb-px flex\" aria-label=\"Tabs\">\n                                            <button class=\"tab-label border-b-2 px-10 py-4 text-center text-lg font-display font-bold uppercase active\"\n                            role=\"tab\"\n                            aria-selected=\"true\"\n                            aria-controls=\"Description\"\n                            tabindex=\"0\"\n                        >\n                            Description                        <\/button>\n                                            <button class=\"tab-label border-b-2 px-10 py-4 text-center text-lg font-display font-bold uppercase \"\n                            role=\"tab\"\n                            aria-selected=\"false\"\n                            aria-controls=\"Caracteristiques\"\n                            tabindex=\"0\"\n                        >\n                            Caracteristiques                        <\/button>\n                                            <button class=\"tab-label border-b-2 px-10 py-4 text-center text-lg font-display font-bold uppercase \"\n                            role=\"tab\"\n                            aria-selected=\"false\"\n                            aria-controls=\"Parfait pour\"\n                            tabindex=\"0\"\n                        >\n                            Parfait pour                        <\/button>\n                                    <\/nav>\n            <\/div>\n        <\/div>\n    \n    <div class=\"tab-content\">\n        \n\n<div class=\"wp-block-atlpkg-tab\" >\n    <button class=\"md:hidden tab-label-mobile font-display w-full flex items-center justify-between border-b-2 py-4 text-left text-lg font-bold uppercase active\"\n        role=\"tab\"\n        aria-selected=\"true\"\n        aria-controls=\"Description\"\n        tabindex=\"0\"\n    >\n        Description\n        <svg xmlns=\"http:\/\/www.w3.org\/2000\/svg\" fill=\"none\" viewBox=\"0 0 24 24\" stroke-width=\"1.5\" stroke=\"currentColor\" class=\"size-6\">\n            <path stroke-linecap=\"round\" stroke-linejoin=\"round\" d=\"m8.25 4.5 7.5 7.5-7.5 7.5\" \/>\n        <\/svg>\n    <\/button>\n    <div class=\"tab-panel py-6\" role=\"tabpanel\" tabindex=\"0\">\n        \n<div class=\"prose prose prose-blue-dianne max-w-full wp-block-atlpkg-prose\">\n\t\n\n<p>Les bo\u00eetes cartons de formes et de tailles vari\u00e9es, dot\u00e9es de diff\u00e9rents types de fermeture, sont des solutions d&#8217;emballage polyvalentes qui permettent d&#8217;emballer et de pr\u00e9senter les produits en toute s\u00e9curit\u00e9. Ces bo\u00eetes sont g\u00e9n\u00e9ralement fabriqu\u00e9es en carton et sont con\u00e7ues pour accueillir une large gamme de produits, des petits articles aux marchandises plus volumineuses. N&rsquo;h\u00e9sitez pas \u00e0 demander tous nos types de m\u00e9canismes de fermeture pour trouver la meilleure fonctionnalit\u00e9 et la meilleure exp\u00e9rience consommateur pour vos produits.  <\/p>\n\n<\/div>\n\n    <\/div>\n<\/div>\n\n\n<div class=\"wp-block-atlpkg-tab\" >\n    <button class=\"md:hidden tab-label-mobile font-display w-full flex items-center justify-between border-b-2 py-4 text-left text-lg font-bold uppercase \"\n        role=\"tab\"\n        aria-selected=\"false\"\n        aria-controls=\"Caracteristiques\"\n        tabindex=\"0\"\n    >\n        Caracteristiques\n        <svg xmlns=\"http:\/\/www.w3.org\/2000\/svg\" fill=\"none\" viewBox=\"0 0 24 24\" stroke-width=\"1.5\" stroke=\"currentColor\" class=\"size-6\">\n            <path stroke-linecap=\"round\" stroke-linejoin=\"round\" d=\"m8.25 4.5 7.5 7.5-7.5 7.5\" \/>\n        <\/svg>\n    <\/button>\n    <div class=\"tab-panel py-6\" role=\"tabpanel\" tabindex=\"0\">\n        \n<div class=\"prose prose prose-blue-dianne max-w-full wp-block-atlpkg-prose\">\n\t\n\n<ul class=\"wp-block-list\">\n<li><strong>Bo\u00eetes \u00e0 fermeture standard :<\/strong> Elles sont dot\u00e9es d&rsquo;une m\u00e9thode de fermeture simple, g\u00e9n\u00e9ralement \u00e0 l&rsquo;aide de rabats rentrants.<\/li>\n\n\n\n<li><strong>Bo\u00eetes \u00e0 rabat invers\u00e9 :<\/strong> Utilise des rabats qui se replient dans des directions oppos\u00e9es, ce qui permet une fermeture s\u00fbre et efficace.<\/li>\n\n\n\n<li><strong>Tuck Boxes :<\/strong> Ces bo\u00eetes comportent des rabats lat\u00e9raux qui se verrouillent en place, comme des ailes d&rsquo;avion, pour une fermeture tr\u00e8s s\u00fbre.<\/li>\n\n\n\n<li><strong>Bo\u00eetes \u00e0 fermeture coll\u00e9e :<\/strong> Combine des rabats rentrants avec de la colle pour une fermeture inviolable et scell\u00e9e de fa\u00e7on permanente.<\/li>\n\n\n\n<li><strong>Bo\u00eetes \u00e0 fond embo\u00eetable :<\/strong> Comprend des rabats \u00e0 embo\u00eetement au fond qui s&rsquo;enclenchent pour une fermeture solide et soutenue.<\/li>\n\n\n\n<li><strong>Bo\u00eetes avec fond \u00e0 verrouillage automatique :<\/strong> Le fond se verrouille automatiquement lorsque la bo\u00eete est ouverte, ce qui permet un assemblage rapide et une solidit\u00e9 accrue.<\/li>\n\n\n\n<li><strong>Bo\u00eetes \u00e0 fond verrouill\u00e9 :<\/strong> Le fond de la bo\u00eete est pr\u00e9-coll\u00e9 et se verrouille automatiquement \u00e0 l&rsquo;ouverture de la bo\u00eete, offrant ainsi une base s\u00fbre et solide.<\/li>\n\n\n\n<li><strong>Bo\u00eetes \u00e0 rabats scell\u00e9es :<\/strong> Enti\u00e8rement scell\u00e9es \u00e0 l&rsquo;aide d&rsquo;un adh\u00e9sif, garantissant une fermeture inviolable.<\/li>\n\n\n\n<li><strong>Bo\u00eetes \u00e0 languettes verrouillables :<\/strong> Comprend une languette qui se verrouille dans une fente, offrant une fermeture s\u00fbre et refermable.<\/li>\n<\/ul>\n\n<\/div>\n\n    <\/div>\n<\/div>\n\n\n<div class=\"wp-block-atlpkg-tab\" >\n    <button class=\"md:hidden tab-label-mobile font-display w-full flex items-center justify-between border-b-2 py-4 text-left text-lg font-bold uppercase \"\n        role=\"tab\"\n        aria-selected=\"false\"\n        aria-controls=\"Parfait pour\"\n        tabindex=\"0\"\n    >\n        Parfait pour\n        <svg xmlns=\"http:\/\/www.w3.org\/2000\/svg\" fill=\"none\" viewBox=\"0 0 24 24\" stroke-width=\"1.5\" stroke=\"currentColor\" class=\"size-6\">\n            <path stroke-linecap=\"round\" stroke-linejoin=\"round\" d=\"m8.25 4.5 7.5 7.5-7.5 7.5\" \/>\n        <\/svg>\n    <\/button>\n    <div class=\"tab-panel py-6\" role=\"tabpanel\" tabindex=\"0\">\n        \n\n\t<div class=\"grid grid-cols-2 sm:grid-cols-3 md:grid-cols-4 gap-x-6 gap-y-12 wp-block-atlpkg-gallery-caption\">\n\t\t\t\t\t<div class=\"flex flex-col items-center gap-3\">\n\t\t\t\t<img loading=\"lazy\" decoding=\"async\" width=\"280\" height=\"300\" src=\"https:\/\/atlantiquepackaging.com\/wp-content\/uploads\/2024\/06\/almond-280x300.jpg\" class=\"size-28 object-contain object-center aspect-square\" alt=\"\" srcset=\"https:\/\/atlantiquepackaging.com\/wp-content\/uploads\/2024\/06\/almond-280x300.jpg 280w, https:\/\/atlantiquepackaging.com\/wp-content\/uploads\/2024\/06\/almond.jpg 286w\" sizes=\"(max-width: 280px) 100vw, 280px\" \/>\t\t\t\t<p class=\"text-blue-dianne-800 text-center\">Dry products<\/p>\n\t\t\t<\/div>\n\t\t\t\t\t<div class=\"flex flex-col items-center gap-3\">\n\t\t\t\t<img loading=\"lazy\" decoding=\"async\" width=\"257\" height=\"300\" src=\"https:\/\/atlantiquepackaging.com\/wp-content\/uploads\/2024\/06\/chocolate-257x300.jpg\" class=\"size-28 object-contain object-center aspect-square\" alt=\"\" srcset=\"https:\/\/atlantiquepackaging.com\/wp-content\/uploads\/2024\/06\/chocolate-257x300.jpg 257w, https:\/\/atlantiquepackaging.com\/wp-content\/uploads\/2024\/06\/chocolate.jpg 298w\" sizes=\"(max-width: 257px) 100vw, 257px\" \/>\t\t\t\t<p class=\"text-blue-dianne-800 text-center\">Confectionery<\/p>\n\t\t\t<\/div>\n\t\t\t\t\t<div class=\"flex flex-col items-center gap-3\">\n\t\t\t\t<img loading=\"lazy\" decoding=\"async\" width=\"300\" height=\"226\" src=\"https:\/\/atlantiquepackaging.com\/wp-content\/uploads\/2024\/06\/detergent-pod-300x226.jpg\" class=\"size-28 object-contain object-center aspect-square\" alt=\"\" srcset=\"https:\/\/atlantiquepackaging.com\/wp-content\/uploads\/2024\/06\/detergent-pod-300x226.jpg 300w, https:\/\/atlantiquepackaging.com\/wp-content\/uploads\/2024\/06\/detergent-pod.jpg 366w\" sizes=\"(max-width: 300px) 100vw, 300px\" \/>\t\t\t\t<p class=\"text-blue-dianne-800 text-center\">Cleaning products<\/p>\n\t\t\t<\/div>\n\t\t\t\t\t<div class=\"flex flex-col items-center gap-3\">\n\t\t\t\t<img loading=\"lazy\" decoding=\"async\" width=\"300\" height=\"217\" src=\"https:\/\/atlantiquepackaging.com\/wp-content\/uploads\/2024\/06\/frozen-strawberry-300x217.jpg\" class=\"size-28 object-contain object-center aspect-square\" alt=\"\" srcset=\"https:\/\/atlantiquepackaging.com\/wp-content\/uploads\/2024\/06\/frozen-strawberry-300x217.jpg 300w, https:\/\/atlantiquepackaging.com\/wp-content\/uploads\/2024\/06\/frozen-strawberry.jpg 378w\" sizes=\"(max-width: 300px) 100vw, 300px\" \/>\t\t\t\t<p class=\"text-blue-dianne-800 text-center\">Frozen food<\/p>\n\t\t\t<\/div>\n\t\t\t<\/div>\n\n\n    <\/div>\n<\/div>\n    <\/div>\n<\/div>\n","protected":false},"excerpt":{"rendered":"<p>Etiam in risus sodales metus finibus feugiat ac id tortor.<\/p>\n","protected":false},"featured_media":2151,"template":"","class_list":["post-3378","product","type-product","status-publish","has-post-thumbnail","hentry"],"acf":[],"_links":{"self":[{"href":"https:\/\/atlantiquepackaging.com\/fr\/wp-json\/wp\/v2\/products\/3378","targetHints":{"allow":["GET"]}}],"collection":[{"href":"https:\/\/atlantiquepackaging.com\/fr\/wp-json\/wp\/v2\/products"}],"about":[{"href":"https:\/\/atlantiquepackaging.com\/fr\/wp-json\/wp\/v2\/types\/product"}],"version-history":[{"count":3,"href":"https:\/\/atlantiquepackaging.com\/fr\/wp-json\/wp\/v2\/products\/3378\/revisions"}],"predecessor-version":[{"id":3484,"href":"https:\/\/atlantiquepackaging.com\/fr\/wp-json\/wp\/v2\/products\/3378\/revisions\/3484"}],"wp:featuredmedia":[{"embeddable":true,"href":"https:\/\/atlantiquepackaging.com\/fr\/wp-json\/wp\/v2\/media\/2151"}],"wp:attachment":[{"href":"https:\/\/atlantiquepackaging.com\/fr\/wp-json\/wp\/v2\/media?parent=3378"}],"curies":[{"name":"wp","href":"https:\/\/api.w.org\/{rel}","templated":true}]}}