{"id":3379,"date":"2024-08-08T20:05:55","date_gmt":"2024-08-08T18:05:55","guid":{"rendered":"https:\/\/atlantiquepackaging.com\/product\/emballage-flowpack\/"},"modified":"2024-11-21T18:00:21","modified_gmt":"2024-11-21T17:00:21","slug":"emballage-flowpack","status":"publish","type":"product","link":"https:\/\/atlantiquepackaging.com\/fr\/product\/emballage-flowpack\/","title":{"rendered":"Emballage Flowpack"},"content":{"rendered":"<div class=\"wp-block-atlpkg-tabs\">\n\n            <div class=\"hidden md:block\">\n            <div class=\"border-b border-gray-200\">\n                <nav class=\"tab-labels -mb-px flex\" aria-label=\"Tabs\">\n                                            <button class=\"tab-label border-b-2 px-10 py-4 text-center text-lg font-display font-bold uppercase active\"\n                            role=\"tab\"\n                            aria-selected=\"true\"\n                            aria-controls=\"Description\"\n                            tabindex=\"0\"\n                        >\n                            Description                        <\/button>\n                                            <button class=\"tab-label border-b-2 px-10 py-4 text-center text-lg font-display font-bold uppercase \"\n                            role=\"tab\"\n                            aria-selected=\"false\"\n                            aria-controls=\"Caracteristics\"\n                            tabindex=\"0\"\n                        >\n                            Caracteristics                        <\/button>\n                                            <button class=\"tab-label border-b-2 px-10 py-4 text-center text-lg font-display font-bold uppercase \"\n                            role=\"tab\"\n                            aria-selected=\"false\"\n                            aria-controls=\"Perfect for\"\n                            tabindex=\"0\"\n                        >\n                            Perfect for                        <\/button>\n                                    <\/nav>\n            <\/div>\n        <\/div>\n    \n    <div class=\"tab-content\">\n        \n\n<div class=\"wp-block-atlpkg-tab\" >\n    <button class=\"md:hidden tab-label-mobile font-display w-full flex items-center justify-between border-b-2 py-4 text-left text-lg font-bold uppercase active\"\n        role=\"tab\"\n        aria-selected=\"true\"\n        aria-controls=\"Description\"\n        tabindex=\"0\"\n    >\n        Description\n        <svg xmlns=\"http:\/\/www.w3.org\/2000\/svg\" fill=\"none\" viewBox=\"0 0 24 24\" stroke-width=\"1.5\" stroke=\"currentColor\" class=\"size-6\">\n            <path stroke-linecap=\"round\" stroke-linejoin=\"round\" d=\"m8.25 4.5 7.5 7.5-7.5 7.5\" \/>\n        <\/svg>\n    <\/button>\n    <div class=\"tab-panel py-6\" role=\"tabpanel\" tabindex=\"0\">\n        \n\n<p>L&#8217;emballage Flowpack, \u00e9galement connu sous le nom de flow wrap ou d&#8217;emballage vertical ou horizontal form-fill-seal (HFFS), est une solution d&#8217;emballage polyvalente et efficace utilis\u00e9e pour emballer des produits dans un film continu et scell\u00e9. Cette m\u00e9thode consiste \u00e0 faire passer un rouleau de film continu dans une machine d&#8217;emballage, qui forme, remplit et scelle l&#8217;emballage autour du produit en un seul processus automatis\u00e9. Elle est couramment utilis\u00e9e pour les produits qui n\u00e9cessitent un emballage individuel avec un haut niveau de protection.  <\/p>\n\n    <\/div>\n<\/div>\n\n\n<div class=\"wp-block-atlpkg-tab\" >\n    <button class=\"md:hidden tab-label-mobile font-display w-full flex items-center justify-between border-b-2 py-4 text-left text-lg font-bold uppercase \"\n        role=\"tab\"\n        aria-selected=\"false\"\n        aria-controls=\"Caracteristics\"\n        tabindex=\"0\"\n    >\n        Caracteristics\n        <svg xmlns=\"http:\/\/www.w3.org\/2000\/svg\" fill=\"none\" viewBox=\"0 0 24 24\" stroke-width=\"1.5\" stroke=\"currentColor\" class=\"size-6\">\n            <path stroke-linecap=\"round\" stroke-linejoin=\"round\" d=\"m8.25 4.5 7.5 7.5-7.5 7.5\" \/>\n        <\/svg>\n    <\/button>\n    <div class=\"tab-panel py-6\" role=\"tabpanel\" tabindex=\"0\">\n        \n\n<ul class=\"wp-block-list\">\n<li><strong>Production \u00e0 grande vitesse :<\/strong> Convient \u00e0 l&#8217;emballage de gros volumes avec des vitesses de production rapides, ce qui en fait la solution id\u00e9ale pour les lignes d&#8217;emballage automatis\u00e9es.<\/li>\n\n\n\n<li><strong>Conception polyvalente :<\/strong> Peut accueillir une vari\u00e9t\u00e9 de formes et de tailles de produits, y compris des barres, des snacks et des petites marchandises.<\/li>\n\n\n\n<li><strong>Protection renforc\u00e9e :<\/strong> Le produit est scell\u00e9 herm\u00e9tiquement, ce qui le prot\u00e8ge de l&rsquo;humidit\u00e9, de la poussi\u00e8re et de la contamination, tout en prolongeant sa dur\u00e9e de conservation.<\/li>\n\n\n\n<li><strong>Personnalisable :<\/strong> Offre des options d&rsquo;impression et de marquage personnalis\u00e9es, y compris des informations sur les produits et des graphiques attrayants.<\/li>\n<\/ul>\n\n    <\/div>\n<\/div>\n\n\n<div class=\"wp-block-atlpkg-tab\" >\n    <button class=\"md:hidden tab-label-mobile font-display w-full flex items-center justify-between border-b-2 py-4 text-left text-lg font-bold uppercase \"\n        role=\"tab\"\n        aria-selected=\"false\"\n        aria-controls=\"Perfect for\"\n        tabindex=\"0\"\n    >\n        Perfect for\n        <svg xmlns=\"http:\/\/www.w3.org\/2000\/svg\" fill=\"none\" viewBox=\"0 0 24 24\" stroke-width=\"1.5\" stroke=\"currentColor\" class=\"size-6\">\n            <path stroke-linecap=\"round\" stroke-linejoin=\"round\" d=\"m8.25 4.5 7.5 7.5-7.5 7.5\" \/>\n        <\/svg>\n    <\/button>\n    <div class=\"tab-panel py-6\" role=\"tabpanel\" tabindex=\"0\">\n        \n\n\t<div class=\"grid grid-cols-2 sm:grid-cols-3 md:grid-cols-4 gap-x-6 gap-y-12 wp-block-atlpkg-gallery-caption\">\n\t\t\t\t\t<div class=\"flex flex-col items-center gap-3\">\n\t\t\t\t<img loading=\"lazy\" decoding=\"async\" width=\"241\" height=\"300\" src=\"https:\/\/atlantiquepackaging.com\/wp-content\/uploads\/2024\/08\/Square-cookie-241x300.png\" class=\"size-28 object-contain object-center aspect-square\" alt=\"\" srcset=\"https:\/\/atlantiquepackaging.com\/wp-content\/uploads\/2024\/08\/Square-cookie-241x300.png 241w, https:\/\/atlantiquepackaging.com\/wp-content\/uploads\/2024\/08\/Square-cookie.png 596w\" sizes=\"(max-width: 241px) 100vw, 241px\" \/>\t\t\t\t<p class=\"text-blue-dianne-800 text-center\">Biscuits and Cookies<\/p>\n\t\t\t<\/div>\n\t\t\t\t\t<div class=\"flex flex-col items-center gap-3\">\n\t\t\t\t<img loading=\"lazy\" decoding=\"async\" width=\"296\" height=\"300\" src=\"https:\/\/atlantiquepackaging.com\/wp-content\/uploads\/2024\/07\/16.-dragee-296x300.png\" class=\"size-28 object-contain object-center aspect-square\" alt=\"\" srcset=\"https:\/\/atlantiquepackaging.com\/wp-content\/uploads\/2024\/07\/16.-dragee-296x300.png 296w, https:\/\/atlantiquepackaging.com\/wp-content\/uploads\/2024\/07\/16.-dragee-768x779.png 768w, https:\/\/atlantiquepackaging.com\/wp-content\/uploads\/2024\/07\/16.-dragee.png 883w\" sizes=\"(max-width: 296px) 100vw, 296px\" \/>\t\t\t\t<p class=\"text-blue-dianne-800 text-center\">Cand<\/p>\n\t\t\t<\/div>\n\t\t\t\t\t<div class=\"flex flex-col items-center gap-3\">\n\t\t\t\t<img loading=\"lazy\" decoding=\"async\" width=\"257\" height=\"300\" src=\"https:\/\/atlantiquepackaging.com\/wp-content\/uploads\/2024\/07\/Chocolate-257x300.png\" class=\"size-28 object-contain object-center aspect-square\" alt=\"\" srcset=\"https:\/\/atlantiquepackaging.com\/wp-content\/uploads\/2024\/07\/Chocolate-257x300.png 257w, https:\/\/atlantiquepackaging.com\/wp-content\/uploads\/2024\/07\/Chocolate.png 653w\" sizes=\"(max-width: 257px) 100vw, 257px\" \/>\t\t\t\t<p class=\"text-blue-dianne-800 text-center\">Chocolate<\/p>\n\t\t\t<\/div>\n\t\t\t\t\t<div class=\"flex flex-col items-center gap-3\">\n\t\t\t\t<img loading=\"lazy\" decoding=\"async\" width=\"300\" height=\"239\" src=\"https:\/\/atlantiquepackaging.com\/wp-content\/uploads\/2024\/08\/potato-chips-300x239.png\" class=\"size-28 object-contain object-center aspect-square\" alt=\"\" srcset=\"https:\/\/atlantiquepackaging.com\/wp-content\/uploads\/2024\/08\/potato-chips-300x239.png 300w, https:\/\/atlantiquepackaging.com\/wp-content\/uploads\/2024\/08\/potato-chips-1024x815.png 1024w, https:\/\/atlantiquepackaging.com\/wp-content\/uploads\/2024\/08\/potato-chips-768x611.png 768w, https:\/\/atlantiquepackaging.com\/wp-content\/uploads\/2024\/08\/potato-chips.png 1200w\" sizes=\"(max-width: 300px) 100vw, 300px\" \/>\t\t\t\t<p class=\"text-blue-dianne-800 text-center\">Potato Chips<\/p>\n\t\t\t<\/div>\n\t\t\t<\/div>\n\n\n    <\/div>\n<\/div>\n    <\/div>\n<\/div>\n","protected":false},"excerpt":{"rendered":"","protected":false},"featured_media":1214,"template":"","class_list":["post-3379","product","type-product","status-publish","has-post-thumbnail","hentry"],"acf":[],"_links":{"self":[{"href":"https:\/\/atlantiquepackaging.com\/fr\/wp-json\/wp\/v2\/products\/3379","targetHints":{"allow":["GET"]}}],"collection":[{"href":"https:\/\/atlantiquepackaging.com\/fr\/wp-json\/wp\/v2\/products"}],"about":[{"href":"https:\/\/atlantiquepackaging.com\/fr\/wp-json\/wp\/v2\/types\/product"}],"version-history":[{"count":1,"href":"https:\/\/atlantiquepackaging.com\/fr\/wp-json\/wp\/v2\/products\/3379\/revisions"}],"predecessor-version":[{"id":3380,"href":"https:\/\/atlantiquepackaging.com\/fr\/wp-json\/wp\/v2\/products\/3379\/revisions\/3380"}],"wp:featuredmedia":[{"embeddable":true,"href":"https:\/\/atlantiquepackaging.com\/fr\/wp-json\/wp\/v2\/media\/1214"}],"wp:attachment":[{"href":"https:\/\/atlantiquepackaging.com\/fr\/wp-json\/wp\/v2\/media?parent=3379"}],"curies":[{"name":"wp","href":"https:\/\/api.w.org\/{rel}","templated":true}]}}