{"id":3388,"date":"2024-08-07T17:58:42","date_gmt":"2024-08-07T15:58:42","guid":{"rendered":"https:\/\/atlantiquepackaging.com\/product\/sachet-en-papier\/"},"modified":"2024-11-27T11:42:26","modified_gmt":"2024-11-27T10:42:26","slug":"sachet-en-papier","status":"publish","type":"product","link":"https:\/\/atlantiquepackaging.com\/fr\/product\/sachet-en-papier\/","title":{"rendered":"Sachet en papier"},"content":{"rendered":"<div class=\"wp-block-atlpkg-tabs\">\n\n            <div class=\"hidden md:block\">\n            <div class=\"border-b border-gray-200\">\n                <nav class=\"tab-labels -mb-px flex\" aria-label=\"Tabs\">\n                                            <button class=\"tab-label border-b-2 px-10 py-4 text-center text-lg font-display font-bold uppercase active\"\n                            role=\"tab\"\n                            aria-selected=\"true\"\n                            aria-controls=\"Description\"\n                            tabindex=\"0\"\n                        >\n                            Description                        <\/button>\n                                            <button class=\"tab-label border-b-2 px-10 py-4 text-center text-lg font-display font-bold uppercase \"\n                            role=\"tab\"\n                            aria-selected=\"false\"\n                            aria-controls=\"Caract\u00e9ristiques\"\n                            tabindex=\"0\"\n                        >\n                            Caract\u00e9ristiques                        <\/button>\n                                            <button class=\"tab-label border-b-2 px-10 py-4 text-center text-lg font-display font-bold uppercase \"\n                            role=\"tab\"\n                            aria-selected=\"false\"\n                            aria-controls=\"Parfait pour\"\n                            tabindex=\"0\"\n                        >\n                            Parfait pour                        <\/button>\n                                    <\/nav>\n            <\/div>\n        <\/div>\n    \n    <div class=\"tab-content\">\n        \n\n<div class=\"wp-block-atlpkg-tab\" >\n    <button class=\"md:hidden tab-label-mobile font-display w-full flex items-center justify-between border-b-2 py-4 text-left text-lg font-bold uppercase active\"\n        role=\"tab\"\n        aria-selected=\"true\"\n        aria-controls=\"Description\"\n        tabindex=\"0\"\n    >\n        Description\n        <svg xmlns=\"http:\/\/www.w3.org\/2000\/svg\" fill=\"none\" viewBox=\"0 0 24 24\" stroke-width=\"1.5\" stroke=\"currentColor\" class=\"size-6\">\n            <path stroke-linecap=\"round\" stroke-linejoin=\"round\" d=\"m8.25 4.5 7.5 7.5-7.5 7.5\" \/>\n        <\/svg>\n    <\/button>\n    <div class=\"tab-panel py-6\" role=\"tabpanel\" tabindex=\"0\">\n        \n\n<p>Les sachets individuels en papier sont de petits emballages \u00e0 usage unique fabriqu\u00e9s en papier et con\u00e7us pour contenir et prot\u00e9ger des portions individuelles de produits. Ces sachets sont souvent utilis\u00e9s pour les produits secs ou en poudre et sont appr\u00e9ci\u00e9s pour leur attrait \u00e9cologique et leur facilit\u00e9 d&rsquo;utilisation. Ils constituent une alternative durable aux sachets en plastique, offrant une option l\u00e9g\u00e8re et biod\u00e9gradable pour l&#8217;emballage de portions individuelles.  <\/p>\n\n    <\/div>\n<\/div>\n\n\n<div class=\"wp-block-atlpkg-tab\" >\n    <button class=\"md:hidden tab-label-mobile font-display w-full flex items-center justify-between border-b-2 py-4 text-left text-lg font-bold uppercase \"\n        role=\"tab\"\n        aria-selected=\"false\"\n        aria-controls=\"Caract\u00e9ristiques\"\n        tabindex=\"0\"\n    >\n        Caract\u00e9ristiques\n        <svg xmlns=\"http:\/\/www.w3.org\/2000\/svg\" fill=\"none\" viewBox=\"0 0 24 24\" stroke-width=\"1.5\" stroke=\"currentColor\" class=\"size-6\">\n            <path stroke-linecap=\"round\" stroke-linejoin=\"round\" d=\"m8.25 4.5 7.5 7.5-7.5 7.5\" \/>\n        <\/svg>\n    <\/button>\n    <div class=\"tab-panel py-6\" role=\"tabpanel\" tabindex=\"0\">\n        \n\n<ul class=\"wp-block-list\">\n<li><strong>Mat\u00e9riau \u00e9cologique :<\/strong> Ils peuvent \u00eatre fabriqu\u00e9s \u00e0 partir de papier recyclable ou biod\u00e9gradable, ce qui en fait un choix respectueux de l&rsquo;environnement. Consultez nos certifications !<\/li>\n\n\n\n<li><strong>L\u00e9gers et compacts :<\/strong> Con\u00e7us pour un usage unique, ces sachets sont faciles \u00e0 stocker, \u00e0 transporter et \u00e0 distribuer.<\/li>\n\n\n\n<li><strong>Personnalisable :<\/strong> Disponibles en diff\u00e9rentes tailles, ils peuvent \u00eatre imprim\u00e9s avec une marque, des informations sur le produit ou des instructions.<\/li>\n\n\n\n<li><strong>Couche protectrice :<\/strong> Comprend souvent une fine doublure int\u00e9rieure pour prot\u00e9ger de l&rsquo;humidit\u00e9 et pr\u00e9server la qualit\u00e9 du produit.<\/li>\n<\/ul>\n\n    <\/div>\n<\/div>\n\n\n<div class=\"wp-block-atlpkg-tab\" >\n    <button class=\"md:hidden tab-label-mobile font-display w-full flex items-center justify-between border-b-2 py-4 text-left text-lg font-bold uppercase \"\n        role=\"tab\"\n        aria-selected=\"false\"\n        aria-controls=\"Parfait pour\"\n        tabindex=\"0\"\n    >\n        Parfait pour\n        <svg xmlns=\"http:\/\/www.w3.org\/2000\/svg\" fill=\"none\" viewBox=\"0 0 24 24\" stroke-width=\"1.5\" stroke=\"currentColor\" class=\"size-6\">\n            <path stroke-linecap=\"round\" stroke-linejoin=\"round\" d=\"m8.25 4.5 7.5 7.5-7.5 7.5\" \/>\n        <\/svg>\n    <\/button>\n    <div class=\"tab-panel py-6\" role=\"tabpanel\" tabindex=\"0\">\n        \n\n\t<div class=\"grid grid-cols-2 sm:grid-cols-3 md:grid-cols-4 gap-x-6 gap-y-12 wp-block-atlpkg-gallery-caption\">\n\t\t\t\t\t<div class=\"flex flex-col items-center gap-3\">\n\t\t\t\t<img loading=\"lazy\" decoding=\"async\" width=\"300\" height=\"245\" src=\"https:\/\/atlantiquepackaging.com\/wp-content\/uploads\/2024\/07\/Red-Pepper-300x245.png\" class=\"size-28 object-contain object-center aspect-square\" alt=\"\" srcset=\"https:\/\/atlantiquepackaging.com\/wp-content\/uploads\/2024\/07\/Red-Pepper-300x245.png 300w, https:\/\/atlantiquepackaging.com\/wp-content\/uploads\/2024\/07\/Red-Pepper-1024x835.png 1024w, https:\/\/atlantiquepackaging.com\/wp-content\/uploads\/2024\/07\/Red-Pepper-768x626.png 768w, https:\/\/atlantiquepackaging.com\/wp-content\/uploads\/2024\/07\/Red-Pepper.png 1134w\" sizes=\"(max-width: 300px) 100vw, 300px\" \/>\t\t\t\t<p class=\"text-blue-dianne-800 text-center\">Powders (Spices, Baking Soda&#8230;)<\/p>\n\t\t\t<\/div>\n\t\t\t\t\t<div class=\"flex flex-col items-center gap-3\">\n\t\t\t\t<img loading=\"lazy\" decoding=\"async\" width=\"300\" height=\"281\" src=\"https:\/\/atlantiquepackaging.com\/wp-content\/uploads\/2024\/07\/23-e1723037410894-300x281.png\" class=\"size-28 object-contain object-center aspect-square\" alt=\"\" srcset=\"https:\/\/atlantiquepackaging.com\/wp-content\/uploads\/2024\/07\/23-e1723037410894-300x281.png 300w, https:\/\/atlantiquepackaging.com\/wp-content\/uploads\/2024\/07\/23-e1723037410894-768x719.png 768w, https:\/\/atlantiquepackaging.com\/wp-content\/uploads\/2024\/07\/23-e1723037410894.png 822w\" sizes=\"(max-width: 300px) 100vw, 300px\" \/>\t\t\t\t<p class=\"text-blue-dianne-800 text-center\">Tea, Infusions<\/p>\n\t\t\t<\/div>\n\t\t\t<\/div>\n\n\n    <\/div>\n<\/div>\n    <\/div>\n<\/div>\n","protected":false},"excerpt":{"rendered":"","protected":false},"featured_media":1869,"template":"","class_list":["post-3388","product","type-product","status-publish","has-post-thumbnail","hentry"],"acf":[],"_links":{"self":[{"href":"https:\/\/atlantiquepackaging.com\/fr\/wp-json\/wp\/v2\/products\/3388","targetHints":{"allow":["GET"]}}],"collection":[{"href":"https:\/\/atlantiquepackaging.com\/fr\/wp-json\/wp\/v2\/products"}],"about":[{"href":"https:\/\/atlantiquepackaging.com\/fr\/wp-json\/wp\/v2\/types\/product"}],"version-history":[{"count":3,"href":"https:\/\/atlantiquepackaging.com\/fr\/wp-json\/wp\/v2\/products\/3388\/revisions"}],"predecessor-version":[{"id":3580,"href":"https:\/\/atlantiquepackaging.com\/fr\/wp-json\/wp\/v2\/products\/3388\/revisions\/3580"}],"wp:featuredmedia":[{"embeddable":true,"href":"https:\/\/atlantiquepackaging.com\/fr\/wp-json\/wp\/v2\/media\/1869"}],"wp:attachment":[{"href":"https:\/\/atlantiquepackaging.com\/fr\/wp-json\/wp\/v2\/media?parent=3388"}],"curies":[{"name":"wp","href":"https:\/\/api.w.org\/{rel}","templated":true}]}}