{"id":3393,"date":"2024-08-08T19:57:34","date_gmt":"2024-08-08T17:57:34","guid":{"rendered":"https:\/\/atlantiquepackaging.com\/product\/barriere-en-film-superieur\/"},"modified":"2025-04-25T18:39:52","modified_gmt":"2025-04-25T16:39:52","slug":"barriere-en-film-superieur","status":"publish","type":"product","link":"https:\/\/atlantiquepackaging.com\/fr\/product\/barriere-en-film-superieur\/","title":{"rendered":"Barri\u00e8re en film sup\u00e9rieur"},"content":{"rendered":"<div class=\"wp-block-atlpkg-tabs\">\n\n            <div class=\"hidden md:block\">\n            <div class=\"border-b border-gray-200\">\n                <nav class=\"tab-labels -mb-px flex\" aria-label=\"Tabs\">\n                                            <button class=\"tab-label border-b-2 px-10 py-4 text-center text-lg font-display font-bold uppercase active\"\n                            role=\"tab\"\n                            aria-selected=\"true\"\n                            aria-controls=\"Description\"\n                            tabindex=\"0\"\n                        >\n                            Description                        <\/button>\n                                            <button class=\"tab-label border-b-2 px-10 py-4 text-center text-lg font-display font-bold uppercase \"\n                            role=\"tab\"\n                            aria-selected=\"false\"\n                            aria-controls=\"Caract\u00e9ristiques\"\n                            tabindex=\"0\"\n                        >\n                            Caract\u00e9ristiques                        <\/button>\n                                            <button class=\"tab-label border-b-2 px-10 py-4 text-center text-lg font-display font-bold uppercase \"\n                            role=\"tab\"\n                            aria-selected=\"false\"\n                            aria-controls=\"Parfait pour\"\n                            tabindex=\"0\"\n                        >\n                            Parfait pour                        <\/button>\n                                    <\/nav>\n            <\/div>\n        <\/div>\n    \n    <div class=\"tab-content\">\n        \n\n<div class=\"wp-block-atlpkg-tab\" >\n    <button class=\"md:hidden tab-label-mobile font-display w-full flex items-center justify-between border-b-2 py-4 text-left text-lg font-bold uppercase active\"\n        role=\"tab\"\n        aria-selected=\"true\"\n        aria-controls=\"Description\"\n        tabindex=\"0\"\n    >\n        Description\n        <svg xmlns=\"http:\/\/www.w3.org\/2000\/svg\" fill=\"none\" viewBox=\"0 0 24 24\" stroke-width=\"1.5\" stroke=\"currentColor\" class=\"size-6\">\n            <path stroke-linecap=\"round\" stroke-linejoin=\"round\" d=\"m8.25 4.5 7.5 7.5-7.5 7.5\" \/>\n        <\/svg>\n    <\/button>\n    <div class=\"tab-panel py-6\" role=\"tabpanel\" tabindex=\"0\">\n        \n\n<p>Le couvercle \u00e0 barri\u00e8re scellable est un composant d&#8217;emballage de haute performance con\u00e7u pour assurer une fermeture herm\u00e9tique et s\u00fbre sur les conteneurs. Ce couvercle est g\u00e9n\u00e9ralement utilis\u00e9 avec diff\u00e9rents types de conteneurs pour offrir une protection sup\u00e9rieure contre les facteurs environnementaux tels que l&rsquo;humidit\u00e9, l&rsquo;oxyg\u00e8ne et la contamination. Son caract\u00e8re scellable garantit que le contenu reste frais et non contamin\u00e9.  <\/p>\n\n    <\/div>\n<\/div>\n\n\n<div class=\"wp-block-atlpkg-tab\" >\n    <button class=\"md:hidden tab-label-mobile font-display w-full flex items-center justify-between border-b-2 py-4 text-left text-lg font-bold uppercase \"\n        role=\"tab\"\n        aria-selected=\"false\"\n        aria-controls=\"Caract\u00e9ristiques\"\n        tabindex=\"0\"\n    >\n        Caract\u00e9ristiques\n        <svg xmlns=\"http:\/\/www.w3.org\/2000\/svg\" fill=\"none\" viewBox=\"0 0 24 24\" stroke-width=\"1.5\" stroke=\"currentColor\" class=\"size-6\">\n            <path stroke-linecap=\"round\" stroke-linejoin=\"round\" d=\"m8.25 4.5 7.5 7.5-7.5 7.5\" \/>\n        <\/svg>\n    <\/button>\n    <div class=\"tab-panel py-6\" role=\"tabpanel\" tabindex=\"0\">\n        \n\n<ul class=\"wp-block-list\">\n<li><strong>Propri\u00e9t\u00e9s de haute barri\u00e8re :<\/strong> Offre une excellente barri\u00e8re contre l&rsquo;humidit\u00e9, l&rsquo;oxyg\u00e8ne et les contaminants, pr\u00e9servant ainsi la fra\u00eecheur du produit.<\/li>\n\n\n\n<li><strong>Pelable ou scellable :<\/strong> Peut \u00eatre con\u00e7u pour un acc\u00e8s facile par pelage ou un scellement solide, en fonction des besoins du produit.<\/li>\n\n\n\n<li><strong>Options transparentes ou imprim\u00e9es :<\/strong> Disponibles en films transparents pour la visibilit\u00e9 du produit ou en films imprim\u00e9s pour le marquage et les informations sur le produit.<\/li>\n\n\n\n<li><strong>Compatible avec divers emballages :<\/strong> Fonctionne bien avec les plateaux, les gobelets et autres r\u00e9cipients utilis\u00e9s pour l&#8217;emballage des aliments.<\/li>\n<\/ul>\n\n    <\/div>\n<\/div>\n\n\n<div class=\"wp-block-atlpkg-tab\" >\n    <button class=\"md:hidden tab-label-mobile font-display w-full flex items-center justify-between border-b-2 py-4 text-left text-lg font-bold uppercase \"\n        role=\"tab\"\n        aria-selected=\"false\"\n        aria-controls=\"Parfait pour\"\n        tabindex=\"0\"\n    >\n        Parfait pour\n        <svg xmlns=\"http:\/\/www.w3.org\/2000\/svg\" fill=\"none\" viewBox=\"0 0 24 24\" stroke-width=\"1.5\" stroke=\"currentColor\" class=\"size-6\">\n            <path stroke-linecap=\"round\" stroke-linejoin=\"round\" d=\"m8.25 4.5 7.5 7.5-7.5 7.5\" \/>\n        <\/svg>\n    <\/button>\n    <div class=\"tab-panel py-6\" role=\"tabpanel\" tabindex=\"0\">\n        \n\n\t<div class=\"grid grid-cols-2 sm:grid-cols-3 md:grid-cols-4 gap-x-6 gap-y-12 wp-block-atlpkg-gallery-caption\">\n\t\t\t\t\t<div class=\"flex flex-col items-center gap-3\">\n\t\t\t\t<img loading=\"lazy\" decoding=\"async\" width=\"300\" height=\"219\" src=\"https:\/\/atlantiquepackaging.com\/wp-content\/uploads\/2024\/08\/ham-20-1-300x219.png\" class=\"size-28 object-contain object-center aspect-square\" alt=\"\" srcset=\"https:\/\/atlantiquepackaging.com\/wp-content\/uploads\/2024\/08\/ham-20-1-300x219.png 300w, https:\/\/atlantiquepackaging.com\/wp-content\/uploads\/2024\/08\/ham-20-1-1024x747.png 1024w, https:\/\/atlantiquepackaging.com\/wp-content\/uploads\/2024\/08\/ham-20-1-768x560.png 768w, https:\/\/atlantiquepackaging.com\/wp-content\/uploads\/2024\/08\/ham-20-1.png 1200w\" sizes=\"(max-width: 300px) 100vw, 300px\" \/>\t\t\t\t<p class=\"text-blue-dianne-800 text-center\">Ham<\/p>\n\t\t\t<\/div>\n\t\t\t\t\t<div class=\"flex flex-col items-center gap-3\">\n\t\t\t\t<img loading=\"lazy\" decoding=\"async\" width=\"300\" height=\"171\" src=\"https:\/\/atlantiquepackaging.com\/wp-content\/uploads\/2024\/08\/cheese-3-1-300x171.png\" class=\"size-28 object-contain object-center aspect-square\" alt=\"\" srcset=\"https:\/\/atlantiquepackaging.com\/wp-content\/uploads\/2024\/08\/cheese-3-1-300x171.png 300w, https:\/\/atlantiquepackaging.com\/wp-content\/uploads\/2024\/08\/cheese-3-1-1024x582.png 1024w, https:\/\/atlantiquepackaging.com\/wp-content\/uploads\/2024\/08\/cheese-3-1-768x437.png 768w, https:\/\/atlantiquepackaging.com\/wp-content\/uploads\/2024\/08\/cheese-3-1-1536x873.png 1536w, https:\/\/atlantiquepackaging.com\/wp-content\/uploads\/2024\/08\/cheese-3-1.png 2000w\" sizes=\"(max-width: 300px) 100vw, 300px\" \/>\t\t\t\t<p class=\"text-blue-dianne-800 text-center\">Cheese<\/p>\n\t\t\t<\/div>\n\t\t\t\t\t<div class=\"flex flex-col items-center gap-3\">\n\t\t\t\t<img loading=\"lazy\" decoding=\"async\" width=\"300\" height=\"127\" src=\"https:\/\/atlantiquepackaging.com\/wp-content\/uploads\/2024\/08\/meat-7-1-300x127.png\" class=\"size-28 object-contain object-center aspect-square\" alt=\"\" srcset=\"https:\/\/atlantiquepackaging.com\/wp-content\/uploads\/2024\/08\/meat-7-1-300x127.png 300w, https:\/\/atlantiquepackaging.com\/wp-content\/uploads\/2024\/08\/meat-7-1-1024x432.png 1024w, https:\/\/atlantiquepackaging.com\/wp-content\/uploads\/2024\/08\/meat-7-1-768x324.png 768w, https:\/\/atlantiquepackaging.com\/wp-content\/uploads\/2024\/08\/meat-7-1.png 1500w\" sizes=\"(max-width: 300px) 100vw, 300px\" \/>\t\t\t\t<p class=\"text-blue-dianne-800 text-center\">Meat<\/p>\n\t\t\t<\/div>\n\t\t\t\t\t<div class=\"flex flex-col items-center gap-3\">\n\t\t\t\t<img loading=\"lazy\" decoding=\"async\" width=\"300\" height=\"230\" src=\"https:\/\/atlantiquepackaging.com\/wp-content\/uploads\/2024\/08\/basil-leaf-pot-1-300x230.png\" class=\"size-28 object-contain object-center aspect-square\" alt=\"\" srcset=\"https:\/\/atlantiquepackaging.com\/wp-content\/uploads\/2024\/08\/basil-leaf-pot-1-300x230.png 300w, https:\/\/atlantiquepackaging.com\/wp-content\/uploads\/2024\/08\/basil-leaf-pot-1-1024x784.png 1024w, https:\/\/atlantiquepackaging.com\/wp-content\/uploads\/2024\/08\/basil-leaf-pot-1-768x588.png 768w, https:\/\/atlantiquepackaging.com\/wp-content\/uploads\/2024\/08\/basil-leaf-pot-1-1536x1175.png 1536w, https:\/\/atlantiquepackaging.com\/wp-content\/uploads\/2024\/08\/basil-leaf-pot-1-2048x1567.png 2048w\" sizes=\"(max-width: 300px) 100vw, 300px\" \/>\t\t\t\t<p class=\"text-blue-dianne-800 text-center\">Herbs<\/p>\n\t\t\t<\/div>\n\t\t\t\t\t<div class=\"flex flex-col items-center gap-3\">\n\t\t\t\t<img loading=\"lazy\" decoding=\"async\" width=\"300\" height=\"151\" src=\"https:\/\/atlantiquepackaging.com\/wp-content\/uploads\/2024\/08\/cheese-macaronis-1-300x151.png\" class=\"size-28 object-contain object-center aspect-square\" alt=\"\" srcset=\"https:\/\/atlantiquepackaging.com\/wp-content\/uploads\/2024\/08\/cheese-macaronis-1-300x151.png 300w, https:\/\/atlantiquepackaging.com\/wp-content\/uploads\/2024\/08\/cheese-macaronis-1-1024x517.png 1024w, https:\/\/atlantiquepackaging.com\/wp-content\/uploads\/2024\/08\/cheese-macaronis-1-768x387.png 768w, https:\/\/atlantiquepackaging.com\/wp-content\/uploads\/2024\/08\/cheese-macaronis-1-1536x775.png 1536w, https:\/\/atlantiquepackaging.com\/wp-content\/uploads\/2024\/08\/cheese-macaronis-1.png 1538w\" sizes=\"(max-width: 300px) 100vw, 300px\" \/>\t\t\t\t<p class=\"text-blue-dianne-800 text-center\">Ready-to-eat meals<\/p>\n\t\t\t<\/div>\n\t\t\t<\/div>\n\n\n    <\/div>\n<\/div>\n    <\/div>\n<\/div>\n","protected":false},"excerpt":{"rendered":"","protected":false},"featured_media":1082,"template":"","class_list":["post-3393","product","type-product","status-publish","has-post-thumbnail","hentry"],"acf":[],"_links":{"self":[{"href":"https:\/\/atlantiquepackaging.com\/fr\/wp-json\/wp\/v2\/products\/3393","targetHints":{"allow":["GET"]}}],"collection":[{"href":"https:\/\/atlantiquepackaging.com\/fr\/wp-json\/wp\/v2\/products"}],"about":[{"href":"https:\/\/atlantiquepackaging.com\/fr\/wp-json\/wp\/v2\/types\/product"}],"version-history":[{"count":5,"href":"https:\/\/atlantiquepackaging.com\/fr\/wp-json\/wp\/v2\/products\/3393\/revisions"}],"predecessor-version":[{"id":4399,"href":"https:\/\/atlantiquepackaging.com\/fr\/wp-json\/wp\/v2\/products\/3393\/revisions\/4399"}],"wp:featuredmedia":[{"embeddable":true,"href":"https:\/\/atlantiquepackaging.com\/fr\/wp-json\/wp\/v2\/media\/1082"}],"wp:attachment":[{"href":"https:\/\/atlantiquepackaging.com\/fr\/wp-json\/wp\/v2\/media?parent=3393"}],"curies":[{"name":"wp","href":"https:\/\/api.w.org\/{rel}","templated":true}]}}